{"id":10012,"date":"2024-10-18T12:26:38","date_gmt":"2024-10-18T12:26:38","guid":{"rendered":"http:\/\/teak2.local\/?post_type=product&#038;p=10012"},"modified":"2025-03-19T15:24:16","modified_gmt":"2025-03-19T14:24:16","slug":"teak-rumah-dxxxtl-old","status":"publish","type":"product","link":"https:\/\/teak2.be\/de\/product\/teak-rumah-dxxxtl-old\/","title":{"rendered":"Teak Rumah D250TL Old"},"content":{"rendered":"<p>Gro\u00dfe Anrichte aus Teakholz mit zentralem Schubladenelement und massivem altem Teakholz. Die Anrichte aus Teakholz Rumah D250TL Old ist eine Anrichte aus Teakholz mit einem rustikalen, modernen Look. Diese Anrichte hat Fl\u00fcgelt\u00fcren mit dar\u00fcber liegenden Schubladen und einem Schubladenelement in der Mitte. Eine einzigartige Anrichte mit einer Kombination aus modernen Merkmalen und rustikalen Stilelementen. Die Schubladen der Anrichte lassen sich mit runden Metallgriffen leicht \u00f6ffnen und schlie\u00dfen. Der Unterschrank steht auf schlanken Beinen. Dieses M\u00f6belst\u00fcck besteht aus einem Teil. <strong>Dieser Artikel ist eine Sonderanfertigung und kann nur bestellt werden!<\/strong><\/p>\n<p>De serie Teak Rumah wordt ambachtelijk gemaakt in Indonesi\u00eb en is leverbaar in verschillende maten en\/of uitvoeringen. Dit teak dressoir is uitgevoerd in oud teak. Oud teak is zwaarder en dichter van structuur mede doordat het jarenlang verschillende omstandigheden heeft ervaren. Het oude gerecycled teakhout is qua kleur donker van tint, heeft een geleefd, exclusief karakter en een prachtige structuur. TEAK2 maakt enkel gebruik van de beste kwaliteit teak afkomstig uit Java! Degelijke, massieve en zware opbouw.<\/p>\n<p>Dit\u00a0groot teakhouten\u00a0dressoir heeft een\u00a0landelijke\u00a0uitstraling en past daardoor mooi in een industri\u00eble of\u00a0moderne\u00a0inrichting. Naast een modern interieur ook mooi bij een\u00a0eigentijdse\u00a0of landelijke stijl. De teak dressoir kan o.a. dienen als\u00a0groot\u00a0teakhouten dressoir in de inkomhal, slaapkamer en zowel\u00a0de eetkamer als woonkamer of living.<\/p>","protected":false},"excerpt":{"rendered":"<table>\n<tbody>\n<tr>\n<td width=\"110\"><\/td>\n<td width=\"300\"><\/td>\n<\/tr>\n<tr>\n<td width=\"110\">Material:<\/td>\n<td width=\"300\">Teakholz<\/td>\n<\/tr>\n<tr>\n<td width=\"110\">Farbe:<\/td>\n<td width=\"300\">Bruin\u00a0(Donker)<\/td>\n<\/tr>\n<tr>\n<td width=\"110\">Ausf\u00fchrung:<\/td>\n<td width=\"300\">Altes Teakholz<\/td>\n<\/tr>\n<\/tbody>\n<\/table>","protected":false},"featured_media":7961,"template":"","meta":{"_seopress_robots_primary_cat":"none","_seopress_titles_title":"Teak Rumah D250TL Old | groot teakhouten dressoir, ladenblok","_seopress_titles_desc":"Groot teakhouten dressoir met ladenblok midden en massief oud teakhout. Groot dressoir in landelijke, moderne stijl - TEAK2.","_seopress_robots_index":""},"product_brand":[],"product_cat":[64,65],"product_tag":[43,44,51],"class_list":{"0":"post-10012","1":"product","2":"type-product","3":"status-publish","4":"has-post-thumbnail","6":"product_cat-dressoirs","7":"product_cat-teak-dressoir","8":"product_tag-landelijke-meubels","9":"product_tag-moderne-meubels","10":"product_tag-oud-teak","12":"first","13":"onbackorder","14":"taxable","15":"shipping-taxable","16":"purchasable","17":"product-type-variable"},"_links":{"self":[{"href":"https:\/\/teak2.be\/de\/wp-json\/wp\/v2\/product\/10012","targetHints":{"allow":["GET"]}}],"collection":[{"href":"https:\/\/teak2.be\/de\/wp-json\/wp\/v2\/product"}],"about":[{"href":"https:\/\/teak2.be\/de\/wp-json\/wp\/v2\/types\/product"}],"version-history":[{"count":0,"href":"https:\/\/teak2.be\/de\/wp-json\/wp\/v2\/product\/10012\/revisions"}],"wp:featuredmedia":[{"embeddable":true,"href":"https:\/\/teak2.be\/de\/wp-json\/wp\/v2\/media\/7961"}],"wp:attachment":[{"href":"https:\/\/teak2.be\/de\/wp-json\/wp\/v2\/media?parent=10012"}],"wp:term":[{"taxonomy":"product_brand","embeddable":true,"href":"https:\/\/teak2.be\/de\/wp-json\/wp\/v2\/product_brand?post=10012"},{"taxonomy":"product_cat","embeddable":true,"href":"https:\/\/teak2.be\/de\/wp-json\/wp\/v2\/product_cat?post=10012"},{"taxonomy":"product_tag","embeddable":true,"href":"https:\/\/teak2.be\/de\/wp-json\/wp\/v2\/product_tag?post=10012"}],"curies":[{"name":"wp","href":"https:\/\/api.w.org\/{rel}","templated":true}]}}