{"id":10022,"date":"2024-10-18T12:26:40","date_gmt":"2024-10-18T12:26:40","guid":{"rendered":"http:\/\/teak2.local\/?post_type=product&#038;p=10022"},"modified":"2024-10-24T16:07:58","modified_gmt":"2024-10-24T14:07:58","slug":"teak-bangku-lemak-xxx-old","status":"publish","type":"product","link":"https:\/\/teak2.be\/de\/product\/teak-bangku-lemak-xxx-old\/","title":{"rendered":"Teak Bangku Lemak 100-240 Old"},"content":{"rendered":"<p>Robuste Teakholzbank mit R\u00fcckenlehne aus geb\u00fcrstetem, altem Teakholz. Die Bangku-Bank aus Teakholz 100-240 Old ist eine Teakholzbank mit einem robusten Erscheinungsbild. Diese robuste Teakholzbank ist aus geb\u00fcrstetem, altem Teakholz gefertigt und zeichnet sich durch ihre solide, stabile Konstruktion mit R\u00fcckenlehne aus. Das Untergestell dieser Holzbank besteht aus einem Teakholzbein. Sie l\u00e4sst sich wunderbar mit der gro\u00dfen Auswahl an Teakholztischen bei TEAK2 kombinieren.<\/p>\n<p>De serie Teak Bangku Lemak wordt ambachtelijk gemaakt in Indonesi\u00eb en is leverbaar in verschillende maten en\/of uitvoeringen. Deze teakhouten eetkamerbank is uitgevoerd in geborsteld oud teak. Geborsteld oud teak is zwaarder en dichter van structuur mede doordat het jarenlang verschillende omstandigheden heeft ervaren. Het oude gerecycled teakhout heeft een geborstelde behandeling ondergaan waardoor het teakhout een exclusieve robuuste uitstraling krijgt. Het hout is donkerbruin van kleur. TEAK2 maakt enkel gebruik van de beste kwaliteit teak afkomstig uit Java! Degelijke, massieve en zware opbouw.<\/p>\n<p>Deze\u00a0robuuste teakhouten bank met rugleuning\u00a0heeft een moderne\u00a0uitstraling en past daardoor mooi in een eigentijdse of\u00a0moderne\u00a0inrichting. Naast een modern interieur ook mooi bij een\u00a0klassieke\u00a0of landelijke stijl. De bank kan o.a. dienen als\u00a0robuuste\u00a0teakhouten eetkamerbank of\u00a0comfortabele bank in zowel de keuken als eetkamer of woonkamer.<\/p>","protected":false},"excerpt":{"rendered":"<table>\n<tbody>\n<tr>\n<td width=\"110\"><\/td>\n<td width=\"300\"><\/td>\n<\/tr>\n<tr>\n<td width=\"110\">Material:<\/td>\n<td width=\"300\">Teakholz<\/td>\n<\/tr>\n<tr>\n<td width=\"110\">Farbe:<\/td>\n<td width=\"300\">Bruin\u00a0(Donker)<\/td>\n<\/tr>\n<tr>\n<td width=\"110\">Ausf\u00fchrung:<\/td>\n<td width=\"300\">Altes geb\u00fcrstetes Teak<\/td>\n<\/tr>\n<tr>\n<td width=\"110\">Gestell:<\/td>\n<td width=\"300\">Teakholzbein<\/td>\n<\/tr>\n<\/tbody>\n<\/table>","protected":false},"featured_media":7999,"template":"","meta":{"_seopress_robots_primary_cat":"none","_seopress_titles_title":"Teak Bangku Lemak 100-240 Old | robuuste teakhouten bank","_seopress_titles_desc":"Robuuste teakhouten bank met rugleuning. Teak eetkamerbank met rugleuning, modern-landelijke uitstraling - TEAK2.","_seopress_robots_index":""},"product_brand":[],"product_cat":[56,95],"product_tag":[50,43,44],"class_list":{"0":"post-10022","1":"product","2":"type-product","3":"status-publish","4":"has-post-thumbnail","6":"product_cat-stoelen","7":"product_cat-teak-bank","8":"product_tag-geborsteld-oud-teak","9":"product_tag-landelijke-meubels","10":"product_tag-moderne-meubels","12":"first","13":"instock","14":"taxable","15":"shipping-taxable","16":"purchasable","17":"product-type-variable"},"_links":{"self":[{"href":"https:\/\/teak2.be\/de\/wp-json\/wp\/v2\/product\/10022","targetHints":{"allow":["GET"]}}],"collection":[{"href":"https:\/\/teak2.be\/de\/wp-json\/wp\/v2\/product"}],"about":[{"href":"https:\/\/teak2.be\/de\/wp-json\/wp\/v2\/types\/product"}],"version-history":[{"count":0,"href":"https:\/\/teak2.be\/de\/wp-json\/wp\/v2\/product\/10022\/revisions"}],"wp:featuredmedia":[{"embeddable":true,"href":"https:\/\/teak2.be\/de\/wp-json\/wp\/v2\/media\/7999"}],"wp:attachment":[{"href":"https:\/\/teak2.be\/de\/wp-json\/wp\/v2\/media?parent=10022"}],"wp:term":[{"taxonomy":"product_brand","embeddable":true,"href":"https:\/\/teak2.be\/de\/wp-json\/wp\/v2\/product_brand?post=10022"},{"taxonomy":"product_cat","embeddable":true,"href":"https:\/\/teak2.be\/de\/wp-json\/wp\/v2\/product_cat?post=10022"},{"taxonomy":"product_tag","embeddable":true,"href":"https:\/\/teak2.be\/de\/wp-json\/wp\/v2\/product_tag?post=10022"}],"curies":[{"name":"wp","href":"https:\/\/api.w.org\/{rel}","templated":true}]}}