{"id":10229,"date":"2024-10-18T12:26:55","date_gmt":"2024-10-18T12:26:55","guid":{"rendered":"http:\/\/teak2.local\/?post_type=product&#038;p=10229"},"modified":"2025-03-19T14:01:27","modified_gmt":"2025-03-19T13:01:27","slug":"teak-rumah-110dl-old","status":"publish","type":"product","link":"https:\/\/teak2.be\/de\/product\/teak-rumah-110dl-old\/","title":{"rendered":"Teak Rumah 110DL Old"},"content":{"rendered":"<p>Schicker, rustikal-moderner Teak-Wandschrank mit Dreht\u00fcren, aus massivem, altem Teakholz. Der Teak Rumah 110DL Old ist ein Buffetschrank aus Teakholz in rustikal-modernem Look. Dieser geschlossene Buffetschrank ist mit Dreht\u00fcren und Schubladen ausgestattet. Der Oberschrank hat eine moderne Hohlkehle. Dieser rustikal-moderne Wandschrank zeichnet sich durch seine moderne Konstruktion und rustikale Stilelemente aus massivem altem Teakholz aus. Die Schubladen des Schranks lassen sich mit runden Metallgriffen leicht \u00f6ffnen und schlie\u00dfen. Der Unterschrank steht auf einem schlanken Bein. Dieses M\u00f6belst\u00fcck besteht aus einem Teil.<\/p>\n<p>De serie Teak Rumah wordt ambachtelijk gemaakt in Indonesi\u00eb en is leverbaar in verschillende maten en\/of uitvoeringen. Deze teak kast is uitgevoerd in oud teak. Oud teak is zwaarder en dichter van structuur mede doordat het jarenlang verschillende omstandigheden heeft ervaren. Het oude gerecycled teakhout is qua kleur donker van tint, heeft een geleefd, exclusief karakter en een prachtige structuur. TEAK2 maakt enkel gebruik van de beste kwaliteit teak afkomstig uit Java! Degelijke, massieve en zware opbouw.<\/p>\n<p>Deze landelijk-moderne wandkast teak\u00a0heeft een\u00a0chique\u00a0uitstraling en past daardoor mooi in een moderne of\u00a0industri\u00eble\u00a0inrichting. Naast een industrieel interieur ook mooi bij een\u00a0eigentijdse\u00a0of landelijke stijl. Deze dichte teak kast kan o.a. dienen als\u00a0dichte buffetkast, keukenkast,\u00a0smalle teakhouten buffetkast in zowel\u00a0de keuken als woonkamer of living.<\/p>","protected":false},"excerpt":{"rendered":"<table>\n<tbody>\n<tr>\n<td width=\"110\"><\/td>\n<td width=\"300\"><\/td>\n<\/tr>\n<tr>\n<td width=\"110\">Material:<\/td>\n<td width=\"300\">Teakholz<\/td>\n<\/tr>\n<tr>\n<td width=\"110\">Farbe:<\/td>\n<td width=\"300\">Bruin\u00a0(Donker)<\/td>\n<\/tr>\n<tr>\n<td width=\"110\">Ausf\u00fchrung:<\/td>\n<td width=\"300\">Altes Teakholz<\/td>\n<\/tr>\n<\/tbody>\n<\/table>","protected":false},"featured_media":8636,"template":"","meta":{"_seopress_robots_primary_cat":"none","_seopress_titles_title":"Teak Rumah 110DL Old | chique landelijk-moderne wandkast teak","_seopress_titles_desc":"Chique landelijk-moderne wandkast teak met draaideuren en lades. Dichte buffetkast in massief oud teakhout - TEAK2.","_seopress_robots_index":""},"product_brand":[],"product_cat":[39,47],"product_tag":[43,44,51],"class_list":{"0":"post-10229","1":"product","2":"type-product","3":"status-publish","4":"has-post-thumbnail","6":"product_cat-kasten","7":"product_cat-teak-buffetkast","8":"product_tag-landelijke-meubels","9":"product_tag-moderne-meubels","10":"product_tag-oud-teak","12":"first","13":"instock","14":"taxable","15":"shipping-taxable","16":"purchasable","17":"product-type-variable"},"_links":{"self":[{"href":"https:\/\/teak2.be\/de\/wp-json\/wp\/v2\/product\/10229","targetHints":{"allow":["GET"]}}],"collection":[{"href":"https:\/\/teak2.be\/de\/wp-json\/wp\/v2\/product"}],"about":[{"href":"https:\/\/teak2.be\/de\/wp-json\/wp\/v2\/types\/product"}],"version-history":[{"count":0,"href":"https:\/\/teak2.be\/de\/wp-json\/wp\/v2\/product\/10229\/revisions"}],"wp:featuredmedia":[{"embeddable":true,"href":"https:\/\/teak2.be\/de\/wp-json\/wp\/v2\/media\/8636"}],"wp:attachment":[{"href":"https:\/\/teak2.be\/de\/wp-json\/wp\/v2\/media?parent=10229"}],"wp:term":[{"taxonomy":"product_brand","embeddable":true,"href":"https:\/\/teak2.be\/de\/wp-json\/wp\/v2\/product_brand?post=10229"},{"taxonomy":"product_cat","embeddable":true,"href":"https:\/\/teak2.be\/de\/wp-json\/wp\/v2\/product_cat?post=10229"},{"taxonomy":"product_tag","embeddable":true,"href":"https:\/\/teak2.be\/de\/wp-json\/wp\/v2\/product_tag?post=10229"}],"curies":[{"name":"wp","href":"https:\/\/api.w.org\/{rel}","templated":true}]}}