{"id":10235,"date":"2024-10-18T12:26:55","date_gmt":"2024-10-18T12:26:55","guid":{"rendered":"http:\/\/teak2.local\/?post_type=product&#038;p=10235"},"modified":"2025-03-19T14:06:30","modified_gmt":"2025-03-19T13:06:30","slug":"barhocker-teak-kursi-l-old","status":"publish","type":"product","link":"https:\/\/teak2.be\/de\/product\/barkruk-teak-kursi-l-old\/","title":{"rendered":"Barkruk Teak Kursi L-Old"},"content":{"rendered":"<p>Barhocker aus rustikalem Teakholz in sch\u00f6nem alten Teakholz. Der Old-Barhocker ist ein Barhocker aus Teakholz in rustikalem Look. Dieser Teakholz-Hocker ist aus altem Teakholz gefertigt. Dieser Teak-Barhocker zeichnet sich durch seine solide, stabile Konstruktion und bequeme Sitzfl\u00e4che aus. Das Gestell dieses Holzhockers besteht aus einem Teakholzbein. L\u00e4sst sich wunderbar mit der gro\u00dfen Auswahl an Teak-Stehtischen bei TEAK2 kombinieren.<\/p>\n<p>De serie Teak Kursi wordt ambachtelijk gemaakt in Indonesi\u00eb en is leverbaar in verschillende maten en\/of uitvoeringen. Deze teakhouten kruk is uitgevoerd in oud teak. Oud teak is zwaarder en dichter van structuur mede doordat het jarenlang verschillende omstandigheden heeft ervaren. Het oude gerecycled teakhout is qua kleur donker van tint, heeft een geleefd, exclusief karakter en een prachtige structuur. TEAK2 maakt enkel gebruik van de beste kwaliteit teak afkomstig uit Java! Degelijke, massieve en zware opbouw.<\/p>\n<p>Deze moderne teakhouten barkruk\u00a0heeft een\u00a0luxe\u00a0uitstraling en past daardoor mooi in een pastoriestijl of landelijke\u00a0inrichting. Naast een landelijk interieur ook mooi bij een\u00a0eigentijdse\u00a0of moderne stijl. De landelijke teakhouten kruk kan o.a. dienen als\u00a0landelijke\u00a0teakhouten barkruk of\u00a0hoge barstoel in zowel de keuken als eetkamer of woonkamer.<\/p>","protected":false},"excerpt":{"rendered":"<table>\n<tbody>\n<tr>\n<td width=\"110\"><\/td>\n<td width=\"300\"><\/td>\n<\/tr>\n<tr>\n<td width=\"110\">Material:<\/td>\n<td width=\"300\">Teakholz<\/td>\n<\/tr>\n<tr>\n<td width=\"110\">Farbe:<\/td>\n<td width=\"300\">Bruin\u00a0(Donker)<\/td>\n<\/tr>\n<tr>\n<td width=\"110\">Ausf\u00fchrung:<\/td>\n<td width=\"300\">Altes Teakholz<\/td>\n<\/tr>\n<tr>\n<td width=\"110\">Gestell:<\/td>\n<td width=\"300\">Teakholzbein<\/td>\n<\/tr>\n<\/tbody>\n<\/table>","protected":false},"featured_media":8659,"template":"","meta":{"_seopress_robots_primary_cat":"none","_seopress_titles_title":"Barkruk Teak Kursi L-Old | landelijke teakhouten barkruk oud teak","_seopress_titles_desc":"Landelijke teakhouten barkruk in prachtig oud teak. Comfortabele en degelijke barstoel, kwaliteit uit Indonesi\u00eb - TEAK2.","_seopress_robots_index":""},"product_brand":[],"product_cat":[58,56],"product_tag":[43,51],"class_list":{"0":"post-10235","1":"product","2":"type-product","3":"status-publish","4":"has-post-thumbnail","6":"product_cat-barkruk","7":"product_cat-stoelen","8":"product_tag-landelijke-meubels","9":"product_tag-oud-teak","11":"first","12":"onbackorder","13":"taxable","14":"shipping-taxable","15":"purchasable","16":"product-type-variable"},"_links":{"self":[{"href":"https:\/\/teak2.be\/de\/wp-json\/wp\/v2\/product\/10235","targetHints":{"allow":["GET"]}}],"collection":[{"href":"https:\/\/teak2.be\/de\/wp-json\/wp\/v2\/product"}],"about":[{"href":"https:\/\/teak2.be\/de\/wp-json\/wp\/v2\/types\/product"}],"version-history":[{"count":0,"href":"https:\/\/teak2.be\/de\/wp-json\/wp\/v2\/product\/10235\/revisions"}],"wp:featuredmedia":[{"embeddable":true,"href":"https:\/\/teak2.be\/de\/wp-json\/wp\/v2\/media\/8659"}],"wp:attachment":[{"href":"https:\/\/teak2.be\/de\/wp-json\/wp\/v2\/media?parent=10235"}],"wp:term":[{"taxonomy":"product_brand","embeddable":true,"href":"https:\/\/teak2.be\/de\/wp-json\/wp\/v2\/product_brand?post=10235"},{"taxonomy":"product_cat","embeddable":true,"href":"https:\/\/teak2.be\/de\/wp-json\/wp\/v2\/product_cat?post=10235"},{"taxonomy":"product_tag","embeddable":true,"href":"https:\/\/teak2.be\/de\/wp-json\/wp\/v2\/product_tag?post=10235"}],"curies":[{"name":"wp","href":"https:\/\/api.w.org\/{rel}","templated":true}]}}