{"id":10433,"date":"2024-10-18T12:28:43","date_gmt":"2024-10-18T12:28:43","guid":{"rendered":"http:\/\/teak2.local\/?post_type=product&#038;p=10433"},"modified":"2025-03-19T12:43:07","modified_gmt":"2025-03-19T11:43:07","slug":"cuci-lirih-90-old-3","status":"publish","type":"product","link":"https:\/\/teak2.be\/de\/product\/cuci-lirih-90-old-3\/","title":{"rendered":"Cuci Lirih 90 Old 3"},"content":{"rendered":"<p>Kleine teak kast met 3 lades uit Indonesi\u00eb in geborsteld oud teakhout. De Cuci Lirih 90 Old 3 is een teak wandkast met een landelijke uitstraling. Deze kleine teakhouten wandkast is uitgevoerd met draaideuren en 3 lades.\u00a0De bovenkant is uitgevoerd met een traditionele koof. Deze teakhouten wandkast typeert zich door de geborstelde oud teakhouten structuur, hoge deuren en 2 lades. De onderkast staat op een onderstel met uitgesneden poten. Dit meubel bestaat uit 1 deel.<\/p>\n<p>De serie Cuci Lirih wordt ambachtelijk gemaakt in Indonesi\u00eb en is leverbaar in verschillende maten en\/of uitvoeringen. <b>Jedes M\u00f6belst\u00fcck der Cuci-Serie ist ein Unikat! <\/b>Dieser Teakholzschrank ist aus geb\u00fcrstetem, altem Teakholz gefertigt. Geb\u00fcrstetes, altes Teakholz ist schwerer und hat eine dichtere Struktur, was zum Teil darauf zur\u00fcckzuf\u00fchren ist, dass es viele Jahre lang unterschiedlichen Bedingungen ausgesetzt war. Das alte recycelte Teakholz wurde einer B\u00fcrstbehandlung unterzogen, die ihm ein exklusives, robustes Aussehen verleiht. Das Holz hat eine dunkelbraune Farbe. TEAK2 verwendet nur Teakholz der besten Qualit\u00e4t aus Java! Stabile, solide und schwere Konstruktion.<\/p>\n<p>Deze kleine teak kast\u00a0met 3 lades heeft een landelijke\u00a0uitstraling en past daardoor mooi in een oosterse of\u00a0landelijke\u00a0inrichting. Naast een landelijk interieur ook mooi bij een eigentijdse\u00a0of moderne stijl. De teak kast kan o.a. dienen als\u00a0landelijke\u00a0teakhouten wandkast, keukenkast of kleine\u00a0teak buffetkast met 3 lades in zowel\u00a0de keuken als woonkamer of living.<\/p>","protected":false},"excerpt":{"rendered":"<table>\n<tbody>\n<tr>\n<td width=\"110\"><\/td>\n<td width=\"300\"><\/td>\n<\/tr>\n<tr>\n<td width=\"110\">Material:<\/td>\n<td width=\"300\">Teakholz<\/td>\n<\/tr>\n<tr>\n<td width=\"110\">Farbe:<\/td>\n<td width=\"300\">Bruin\u00a0(Donker)<\/td>\n<\/tr>\n<tr>\n<td width=\"110\">Ausf\u00fchrung:<\/td>\n<td width=\"300\">Altes geb\u00fcrstetes Teak<\/td>\n<\/tr>\n<\/tbody>\n<\/table>","protected":false},"featured_media":10519,"template":"","meta":{"_seopress_robots_primary_cat":"none","_seopress_titles_title":"Cuci Lirih 90 Old 3 | kleine teak kast met 3 lades uit Indonesi\u00eb","_seopress_titles_desc":"Kleine teak kast met 3 lades uit Indonesi\u00eb in geborsteld oud teakhout. Wandkast met draaideuren - teak winkel TEAK2.","_seopress_robots_index":""},"product_brand":[],"product_cat":[39,47],"product_tag":[50,43],"class_list":{"0":"post-10433","1":"product","2":"type-product","3":"status-publish","4":"has-post-thumbnail","6":"product_cat-kasten","7":"product_cat-teak-buffetkast","8":"product_tag-geborsteld-oud-teak","9":"product_tag-landelijke-meubels","11":"first","12":"onbackorder","13":"taxable","14":"shipping-taxable","15":"purchasable","16":"product-type-variable"},"_links":{"self":[{"href":"https:\/\/teak2.be\/de\/wp-json\/wp\/v2\/product\/10433","targetHints":{"allow":["GET"]}}],"collection":[{"href":"https:\/\/teak2.be\/de\/wp-json\/wp\/v2\/product"}],"about":[{"href":"https:\/\/teak2.be\/de\/wp-json\/wp\/v2\/types\/product"}],"version-history":[{"count":0,"href":"https:\/\/teak2.be\/de\/wp-json\/wp\/v2\/product\/10433\/revisions"}],"wp:featuredmedia":[{"embeddable":true,"href":"https:\/\/teak2.be\/de\/wp-json\/wp\/v2\/media\/10519"}],"wp:attachment":[{"href":"https:\/\/teak2.be\/de\/wp-json\/wp\/v2\/media?parent=10433"}],"wp:term":[{"taxonomy":"product_brand","embeddable":true,"href":"https:\/\/teak2.be\/de\/wp-json\/wp\/v2\/product_brand?post=10433"},{"taxonomy":"product_cat","embeddable":true,"href":"https:\/\/teak2.be\/de\/wp-json\/wp\/v2\/product_cat?post=10433"},{"taxonomy":"product_tag","embeddable":true,"href":"https:\/\/teak2.be\/de\/wp-json\/wp\/v2\/product_tag?post=10433"}],"curies":[{"name":"wp","href":"https:\/\/api.w.org\/{rel}","templated":true}]}}