{"id":10587,"date":"2024-10-18T12:30:48","date_gmt":"2024-10-18T12:30:48","guid":{"rendered":"http:\/\/teak2.local\/?post_type=product&#038;p=10587"},"modified":"2025-03-19T12:15:43","modified_gmt":"2025-03-19T11:15:43","slug":"teak-akar-sxxxm","status":"publish","type":"product","link":"https:\/\/teak2.be\/de\/product\/teak-akar-sxxxm\/","title":{"rendered":"Teak Akar S140M"},"content":{"rendered":"<p>Aparte wortelhout salontafel van teak roots met metalen onderstel. De Teak Akar S140M is een aparte salontafel met een robuuste, industri\u00eble uitstraling. Deze houten salontafel is uitgevoerd met een oud wortelhouten blad en heeft geen kopregel. Deze industri\u00eble salontafel typeert zich door de stoere en robuuste combinatie van metaal en verwilderd oud teakhout waardoor het een echte erecatcher is. Het onderstel van deze moderne tafel is een metalen poot.<\/p>\n<p>De serie Teak Akar wordt ambachtelijk gemaakt in Indonesi\u00eb en is leverbaar in verschillende afmetingen en\/of uitvoeringen. Deze teak tafel is uitgevoerd in teak wortelhout. <b>Jedes St\u00fcck dieser Serie ist ein Unikat!<\/b> Teakwurzelholz ist schwer und dicht in der Struktur, da es viele Jahre lang unterschiedlichen Bedingungen ausgesetzt war. Die Teakwurzel ist verrottungsbest\u00e4ndig und hat eine einzigartige wilde Struktur und Maserung. Diese einzigartige Struktur verleiht dem Teakholz ein exklusives, robustes Aussehen. Ideal f\u00fcr einzigartige Teakholzst\u00fccke, Statuen oder M\u00f6bel. TEAK2 verwendet nur Teakholz der besten Qualit\u00e4t aus Java! Stabile, solide und schwere Konstruktion.<\/p>\n<p>Deze aparte wortelhout salontafel heeft een\u00a0robuuste\u00a0uitstraling en past daardoor mooi in een moderne of industri\u00eble\u00a0inrichting. Naast een industrieel interieur ook mooi bij een\u00a0eigentijdse\u00a0of landelijke stijl. De teak roots tafel kan o.a. dienen als\u00a0robuuste, industri\u00eble\u00a0salontafel, hoektafel of\u00a0stoere bijzettafel in de living of woonkamer.<\/p>","protected":false},"excerpt":{"rendered":"<table>\n<tbody>\n<tr>\n<td width=\"110\"><\/td>\n<td width=\"300\"><\/td>\n<\/tr>\n<tr>\n<td width=\"110\">Material:<\/td>\n<td width=\"300\">Teakholz + Metall<\/td>\n<\/tr>\n<tr>\n<td width=\"110\">Farbe:<\/td>\n<td width=\"300\">Bruin\u00a0(Donker)<\/td>\n<\/tr>\n<tr>\n<td width=\"110\">Ausf\u00fchrung:<\/td>\n<td width=\"300\">Wortelhout &#8211; Teak Roots<\/td>\n<\/tr>\n<\/tbody>\n<\/table>","protected":false},"featured_media":10731,"template":"","meta":{"_seopress_robots_primary_cat":"none","_seopress_titles_title":"Teak Akar S140M | aparte wortelhout salontafel teak roots - TEAK2","_seopress_titles_desc":"Aparte wortelhout salontafel teak roots met metalen onderstel\/ Aparte salontafel, robuuste, industri\u00eble salontafel - TEAK2.","_seopress_robots_index":""},"product_brand":[],"product_cat":[54,62],"product_tag":[52,78,44,75],"class_list":{"0":"post-10587","1":"product","2":"type-product","3":"status-publish","4":"has-post-thumbnail","6":"product_cat-tafels","7":"product_cat-teak-salontafel","8":"product_tag-design-meubelen","9":"product_tag-metaal","10":"product_tag-moderne-meubels","11":"product_tag-teak-wortelhout","13":"first","14":"instock","15":"taxable","16":"shipping-taxable","17":"purchasable","18":"product-type-variable"},"_links":{"self":[{"href":"https:\/\/teak2.be\/de\/wp-json\/wp\/v2\/product\/10587","targetHints":{"allow":["GET"]}}],"collection":[{"href":"https:\/\/teak2.be\/de\/wp-json\/wp\/v2\/product"}],"about":[{"href":"https:\/\/teak2.be\/de\/wp-json\/wp\/v2\/types\/product"}],"version-history":[{"count":0,"href":"https:\/\/teak2.be\/de\/wp-json\/wp\/v2\/product\/10587\/revisions"}],"wp:featuredmedia":[{"embeddable":true,"href":"https:\/\/teak2.be\/de\/wp-json\/wp\/v2\/media\/10731"}],"wp:attachment":[{"href":"https:\/\/teak2.be\/de\/wp-json\/wp\/v2\/media?parent=10587"}],"wp:term":[{"taxonomy":"product_brand","embeddable":true,"href":"https:\/\/teak2.be\/de\/wp-json\/wp\/v2\/product_brand?post=10587"},{"taxonomy":"product_cat","embeddable":true,"href":"https:\/\/teak2.be\/de\/wp-json\/wp\/v2\/product_cat?post=10587"},{"taxonomy":"product_tag","embeddable":true,"href":"https:\/\/teak2.be\/de\/wp-json\/wp\/v2\/product_tag?post=10587"}],"curies":[{"name":"wp","href":"https:\/\/api.w.org\/{rel}","templated":true}]}}