{"id":10684,"date":"2024-10-18T12:32:26","date_gmt":"2024-10-18T12:32:26","guid":{"rendered":"http:\/\/teak2.local\/?post_type=product&#038;p=10684"},"modified":"2024-10-24T10:46:59","modified_gmt":"2024-10-24T08:46:59","slug":"cermin-roots-xxx","status":"publish","type":"product","link":"https:\/\/teak2.be\/de\/product\/cermin-roots-xxx\/","title":{"rendered":"Cermin Roots 80-200"},"content":{"rendered":"<p>Luxuri\u00f6ser Teakholz-Spiegel in gro\u00dfen Gr\u00f6\u00dfen, mit einer Kante aus Teak-Wurzelholz. Der Cermin Roots ist ein Teakholz-Spiegel mit exklusivem Look. Dieser luxuri\u00f6se gro\u00dfe Spiegel ist aus massivem Teak-Wurzelholz gefertigt. Ein echter Hingucker f\u00fcr Ihr Zuhause oder Ihr Unternehmen. Dieses M\u00f6belst\u00fcck besteht aus einem Teil.<\/p>\n<p>De serie Cermin Roots wordt ambachtelijk gemaakt in Indonesi\u00eb en is leverbaar in verschillende afmetingen en\/of uitvoeringen. <b>Jedes St\u00fcck dieser Serie ist ein Unikat!<\/b> Diese Teakholzlampe ist aus Teakwurzelholz gefertigt. Teakwurzelholz ist schwer und hat eine dichte Struktur, da es viele Jahre lang unter verschiedenen Bedingungen verbracht hat. Die Teakwurzel ist verrottungsbest\u00e4ndig und hat eine einzigartige wilde Struktur und Maserung. Es ist eine einzigartige Struktur, die dem Teakholz ein exklusives, robustes Aussehen verleiht. Ideal f\u00fcr einzigartige Teakholzst\u00fccke, Statuen oder M\u00f6bel. TEAK2 verwendet nur Teakholz der besten Qualit\u00e4t aus Java! Robuste, solide und schwere Konstruktion.<\/p>\n<p>Deze luxe teak spiegel heeft een\u00a0robuuste\u00a0uitstraling en past daardoor mooi in een industri\u00eble of moderne\u00a0inrichting. Naast een modern interieur ook mooi bij een\u00a0eigentijdse\u00a0of landelijke stijl. Deze houten spiegel kan o.a. dienen als\u00a0exclusieve eyecatcher voor een kantoor, inkomhal of badkamer.<\/p>","protected":false},"excerpt":{"rendered":"<table>\n<tbody>\n<tr>\n<td width=\"110\"><\/td>\n<td width=\"300\"><\/td>\n<\/tr>\n<tr>\n<td width=\"110\">Material:<\/td>\n<td width=\"300\">Teakholz<\/td>\n<\/tr>\n<tr>\n<td width=\"110\">Farbe:<\/td>\n<td width=\"300\">Braun (Dunkel)<\/td>\n<\/tr>\n<tr>\n<td width=\"110\">Ausf\u00fchrung:<\/td>\n<td width=\"300\">Wortelhout &#8211; Teak Roots<\/td>\n<\/tr>\n<\/tbody>\n<\/table>","protected":false},"featured_media":10787,"template":"","meta":{"_seopress_robots_primary_cat":"none","_seopress_titles_title":"Cermin Roots 80-200 | luxe teak spiegel in grote formaten - TEAK2","_seopress_titles_desc":"Luxe teak spiegel in grote formaten leverbaar, rand in teak wortelhout. Luxe grote spiegel - meubelwinkel TEAK2.","_seopress_robots_index":""},"product_brand":[],"product_cat":[98,91],"product_tag":[52,43,44,75],"class_list":{"0":"post-10684","1":"product","2":"type-product","3":"status-publish","4":"has-post-thumbnail","6":"product_cat-accessoires","7":"product_cat-overige","8":"product_tag-design-meubelen","9":"product_tag-landelijke-meubels","10":"product_tag-moderne-meubels","11":"product_tag-teak-wortelhout","13":"first","14":"instock","15":"taxable","16":"shipping-taxable","17":"purchasable","18":"product-type-variable"},"_links":{"self":[{"href":"https:\/\/teak2.be\/de\/wp-json\/wp\/v2\/product\/10684","targetHints":{"allow":["GET"]}}],"collection":[{"href":"https:\/\/teak2.be\/de\/wp-json\/wp\/v2\/product"}],"about":[{"href":"https:\/\/teak2.be\/de\/wp-json\/wp\/v2\/types\/product"}],"version-history":[{"count":0,"href":"https:\/\/teak2.be\/de\/wp-json\/wp\/v2\/product\/10684\/revisions"}],"wp:featuredmedia":[{"embeddable":true,"href":"https:\/\/teak2.be\/de\/wp-json\/wp\/v2\/media\/10787"}],"wp:attachment":[{"href":"https:\/\/teak2.be\/de\/wp-json\/wp\/v2\/media?parent=10684"}],"wp:term":[{"taxonomy":"product_brand","embeddable":true,"href":"https:\/\/teak2.be\/de\/wp-json\/wp\/v2\/product_brand?post=10684"},{"taxonomy":"product_cat","embeddable":true,"href":"https:\/\/teak2.be\/de\/wp-json\/wp\/v2\/product_cat?post=10684"},{"taxonomy":"product_tag","embeddable":true,"href":"https:\/\/teak2.be\/de\/wp-json\/wp\/v2\/product_tag?post=10684"}],"curies":[{"name":"wp","href":"https:\/\/api.w.org\/{rel}","templated":true}]}}