{"id":10897,"date":"2024-10-18T12:35:30","date_gmt":"2024-10-18T12:35:30","guid":{"rendered":"http:\/\/teak2.local\/?post_type=product&#038;p=10897"},"modified":"2025-03-19T11:01:46","modified_gmt":"2025-03-19T10:01:46","slug":"teak-keluar-tvxxl","status":"publish","type":"product","link":"https:\/\/teak2.be\/de\/product\/teak-keluar-tvxxl\/","title":{"rendered":"Teak Keluar TV200L"},"content":{"rendered":"<p>Rustikales TV-M\u00f6bel aus Holz mit Schubladen aus massivem, unbehandeltem Teakholz. Das Teak Keluar TV200L ist ein TV-M\u00f6bel aus Teakholz im rustikalen Landhausstil. Dieses rustikale Tv-M\u00f6bel ist mit Fl\u00fcgelt\u00fcren ausgestattet und zeichnet sich durch seinen rustikalen Stil mit Schubladen und einem offenen Fach dar\u00fcber aus. Die Schublade des Tv-M\u00f6bels l\u00e4sst sich mit modernen, eingelassenen Griffen leicht \u00f6ffnen und schlie\u00dfen. Der Unterschrank steht auf einem schlanken Bein. Dieses M\u00f6belst\u00fcck besteht aus einem St\u00fcck.<\/p>\n<p>De serie Teak Keluar wordt ambachtelijk gemaakt in Indonesi\u00eb en is leverbaar in verschillende maten en\/of uitvoeringen. Dit teak tv meubel is uitgevoerd in onbehandeld teak. Onbehandeld teak is bruin (blank) van kleur en wordt egaal glad geschuurd. Het teak kan verschillende kleurtinten hebben afhankelijk van natuurlijke omstandigheden. Dit teakhout is tevens ook gerecycled teak en heeft een zware, dichte structuur. TEAK2 maakt enkel gebruik van de beste kwaliteit teak afkomstig uit Java! Degelijke, massieve en zware opbouw. De gladde structuur geeft het meubel een strakke, moderne uitstraling.<\/p>\n<p>Dit landelijk houten Tv-meubel heeft een\u00a0rustieke\u00a0uitstraling en past daardoor mooi in een pastoriestijl of\u00a0landelijke\u00a0inrichting. Naast een landelijk interieur ook mooi bij een\u00a0huiselijke\u00a0of moderne stijl. De teak Tv-meubel kan o.a. dienen als\u00a0landelijk\u00a0teakhouten Tv-meubel of teak Tv-dressoir in de woonkamer of living.<\/p>","protected":false},"excerpt":{"rendered":"<table>\n<tbody>\n<tr>\n<td width=\"110\"><\/td>\n<td width=\"300\"><\/td>\n<\/tr>\n<tr>\n<td width=\"110\">Material:<\/td>\n<td width=\"300\">Teakholz<\/td>\n<\/tr>\n<tr>\n<td width=\"110\">Farbe:<\/td>\n<td width=\"300\">Bruin\u00a0(Donker)<\/td>\n<\/tr>\n<tr>\n<td width=\"110\">Ausf\u00fchrung:<\/td>\n<td width=\"300\">Unbehandeltes Teakholz<\/td>\n<\/tr>\n<\/tbody>\n<\/table>","protected":false},"featured_media":10961,"template":"","meta":{"_seopress_robots_primary_cat":"none","_seopress_titles_title":"Teak Keluar TV200L | landelijk houten Tv-meubel met lades","_seopress_titles_desc":"Landelijk houten Tv-meubel met lades + draaideuren. Dit landelijk Tv-Meubel is uitgevoerd met draaideuren - TEAK2.","_seopress_robots_index":""},"product_brand":[],"product_cat":[77,68],"product_tag":[43,53],"class_list":{"0":"post-10897","1":"product","2":"type-product","3":"status-publish","4":"has-post-thumbnail","6":"product_cat-teak-tv-meubel","7":"product_cat-tv-meubels","8":"product_tag-landelijke-meubels","9":"product_tag-onbehandeld-teak","11":"first","12":"onbackorder","13":"taxable","14":"shipping-taxable","15":"purchasable","16":"product-type-variable"},"_links":{"self":[{"href":"https:\/\/teak2.be\/de\/wp-json\/wp\/v2\/product\/10897","targetHints":{"allow":["GET"]}}],"collection":[{"href":"https:\/\/teak2.be\/de\/wp-json\/wp\/v2\/product"}],"about":[{"href":"https:\/\/teak2.be\/de\/wp-json\/wp\/v2\/types\/product"}],"version-history":[{"count":0,"href":"https:\/\/teak2.be\/de\/wp-json\/wp\/v2\/product\/10897\/revisions"}],"wp:featuredmedia":[{"embeddable":true,"href":"https:\/\/teak2.be\/de\/wp-json\/wp\/v2\/media\/10961"}],"wp:attachment":[{"href":"https:\/\/teak2.be\/de\/wp-json\/wp\/v2\/media?parent=10897"}],"wp:term":[{"taxonomy":"product_brand","embeddable":true,"href":"https:\/\/teak2.be\/de\/wp-json\/wp\/v2\/product_brand?post=10897"},{"taxonomy":"product_cat","embeddable":true,"href":"https:\/\/teak2.be\/de\/wp-json\/wp\/v2\/product_cat?post=10897"},{"taxonomy":"product_tag","embeddable":true,"href":"https:\/\/teak2.be\/de\/wp-json\/wp\/v2\/product_tag?post=10897"}],"curies":[{"name":"wp","href":"https:\/\/api.w.org\/{rel}","templated":true}]}}