{"id":10901,"date":"2024-10-18T12:35:30","date_gmt":"2024-10-18T12:35:30","guid":{"rendered":"http:\/\/teak2.local\/?post_type=product&#038;p=10901"},"modified":"2025-03-19T10:07:59","modified_gmt":"2025-03-19T09:07:59","slug":"teak-besar-70","status":"publish","type":"product","link":"https:\/\/teak2.be\/de\/product\/teak-besar-70\/","title":{"rendered":"Teak Besar 70"},"content":{"rendered":"<p>Schmale, kleine Teakholz-Vitrine mit Schubladen und Fl\u00fcgelt\u00fcr. Die Teak Besar 70 ist eine Teakholz-Vitrine mit authentischem, rustikalem Aussehen. Diese Teakholz-Vitrine ist mit Schubladen und Fl\u00fcgelt\u00fcren ausgestattet. Der obere Schrank ist mit einer traditionellen Zierleiste versehen. Diese kleine, schmale Vitrine zeichnet sich durch ihre authentischen Merkmale, rustikalen Stilelemente und schmale Bauweise aus. Die Schubladen des Schranks lassen sich mit runden Metallschalengriffen leicht \u00f6ffnen und schlie\u00dfen. Der Unterschrank steht auf einem Sockel mit geschnitzten Beinen. Dieses M\u00f6belst\u00fcck besteht aus einem Teil.<\/p>\n<p>De serie Teak Besar wordt ambachtelijk gemaakt in Indonesi\u00eb en is leverbaar in verschillende maten en\/of uitvoeringen. Deze teak kast is uitgevoerd in onbehandeld teak. Onbehandeld teak is bruin (blank) van kleur en wordt egaal glad geschuurd. Het teak kan verschillende kleurtinten hebben afhankelijk van natuurlijke omstandigheden. Dit teakhout is tevens ook gerecycled teak en heeft een zware, dichte structuur. TEAK2 maakt enkel gebruik van de beste kwaliteit teak afkomstig uit Java! Degelijke, massieve en zware opbouw. De gladde structuur geeft het meubel een strakke, moderne uitstraling.<\/p>\n<p>Deze\u00a0smalle kleine vitrine\u00a0teak heeft een\u00a0landelijke\u00a0uitstraling en past daardoor mooi in een klassieke of\u00a0landelijke\u00a0inrichting. Naast een landelijk interieur ook mooi bij een\u00a0industri\u00eble\u00a0of moderne stijl. De kleine teakhouten kast kan o.a. dienen als\u00a0kleine vitrinekast, hoekkast of\u00a0slanke buffetkast\u00a0in zowel\u00a0de keuken als woonkamer of living.<\/p>","protected":false},"excerpt":{"rendered":"<table>\n<tbody>\n<tr>\n<td width=\"110\"><\/td>\n<td width=\"300\"><\/td>\n<\/tr>\n<tr>\n<td width=\"110\">Material:<\/td>\n<td width=\"300\">Teakholz<\/td>\n<\/tr>\n<tr>\n<td width=\"110\">Farbe:<\/td>\n<td width=\"300\">Bruin\u00a0(Donker)<\/td>\n<\/tr>\n<tr>\n<td width=\"110\">Ausf\u00fchrung:<\/td>\n<td width=\"300\">Unbehandeltes Teakholz<\/td>\n<\/tr>\n<\/tbody>\n<\/table>","protected":false},"featured_media":10985,"template":"","meta":{"_seopress_robots_primary_cat":"none","_seopress_titles_title":"Teak Besar 70 | smalle kleine vitrine teak met lades en draaideur","_seopress_titles_desc":"Smalle kleine vitrine teak met lades en draaideur. Teakhouten vitrinekast of smalle hoekkast in hout - TEAK2.","_seopress_robots_index":""},"product_brand":[],"product_cat":[39,47,40],"product_tag":[42,43,53],"class_list":{"0":"post-10901","1":"product","2":"type-product","3":"status-publish","4":"has-post-thumbnail","6":"product_cat-kasten","7":"product_cat-teak-buffetkast","8":"product_cat-vitrinekast","9":"product_tag-klassieke-meubels","10":"product_tag-landelijke-meubels","11":"product_tag-onbehandeld-teak","13":"first","14":"onbackorder","15":"taxable","16":"shipping-taxable","17":"purchasable","18":"product-type-variable"},"_links":{"self":[{"href":"https:\/\/teak2.be\/de\/wp-json\/wp\/v2\/product\/10901","targetHints":{"allow":["GET"]}}],"collection":[{"href":"https:\/\/teak2.be\/de\/wp-json\/wp\/v2\/product"}],"about":[{"href":"https:\/\/teak2.be\/de\/wp-json\/wp\/v2\/types\/product"}],"version-history":[{"count":0,"href":"https:\/\/teak2.be\/de\/wp-json\/wp\/v2\/product\/10901\/revisions"}],"wp:featuredmedia":[{"embeddable":true,"href":"https:\/\/teak2.be\/de\/wp-json\/wp\/v2\/media\/10985"}],"wp:attachment":[{"href":"https:\/\/teak2.be\/de\/wp-json\/wp\/v2\/media?parent=10901"}],"wp:term":[{"taxonomy":"product_brand","embeddable":true,"href":"https:\/\/teak2.be\/de\/wp-json\/wp\/v2\/product_brand?post=10901"},{"taxonomy":"product_cat","embeddable":true,"href":"https:\/\/teak2.be\/de\/wp-json\/wp\/v2\/product_cat?post=10901"},{"taxonomy":"product_tag","embeddable":true,"href":"https:\/\/teak2.be\/de\/wp-json\/wp\/v2\/product_tag?post=10901"}],"curies":[{"name":"wp","href":"https:\/\/api.w.org\/{rel}","templated":true}]}}