{"id":11078,"date":"2024-10-18T12:37:57","date_gmt":"2024-10-18T12:37:57","guid":{"rendered":"http:\/\/teak2.local\/?post_type=product&#038;p=11078"},"modified":"2024-10-23T13:43:27","modified_gmt":"2024-10-23T11:43:27","slug":"geschenkgutschein","status":"publish","type":"product","link":"https:\/\/teak2.be\/de\/product\/cadeaubon\/","title":{"rendered":"Cadeaubon"},"content":{"rendered":"<p>Suchen Sie ein sch\u00f6nes Geschenk? Der Geschenkgutschein f\u00fcr das M\u00f6belgesch\u00e4ft TEAK2 ist ein tolles Geburtstagsgeschenk, Weihnachtsgeschenk oder einfach ein sch\u00f6nes Geschenk! Mit der Geschenkkarte oder dem Gutschein k\u00f6nnen M\u00f6bel oder Accessoires bei TEAK2 gekauft werden. Es gibt eine gro\u00dfe Auswahl an wei\u00dfen oder Teakholzschr\u00e4nken, zum Beispiel moderne oder rustikale Buffetschr\u00e4nke und Vitrinen. Schr\u00e4nke in h\u00f6chster Qualit\u00e4t zu wettbewerbsf\u00e4higen Preisen! Neben dem breiten Sortiment hat TEAK2 auch eine gro\u00dfe Auswahl an Esstischen, Couchtischen, St\u00fchlen, Gartenm\u00f6beln und anderen M\u00f6beln aus Teakholz im Sortiment. Der Gutschein gilt f\u00fcr alle M\u00f6bel, es gibt also mehr als genug Auswahl! Praktisch, wenn man nicht wei\u00df, was man kaufen soll, und die verschiedenen M\u00f6belstile bieten f\u00fcr jeden etwas.<\/p>\n<p>Hoe de cadeaubon gebruiken of bestellen? Simpel! Bestel de voucher \/ cadeaubon online en betaal via de betaallink. Na aankoop krijgt u een bevestigingsmail, de bon is 1x geldig en wordt gekoppeld aan het bestelnummer.\u00a0De cadeaubon of gift card is 1 jaar geldig na aankoop.<\/p>","protected":false},"excerpt":{"rendered":"<p>Bent u op zoek naar een leuk cadeau? De cadeaubon bij meubelwinkel TEAK2 is leuk als verjaardagscadeau, kerstgeschenk of gewoon als leuke gift! Met de gift card of bon kunnen meubelen of accessoires bij TEAK2 aangekocht worden. Zo is er een ruime keuze aan witte of teakhouten kasten, bijvoorbeeld moderne of landelijke buffetkasten en vitrinekasten. [&hellip;]<\/p>\n","protected":false},"featured_media":11120,"template":"","meta":{"_seopress_robots_primary_cat":"none","_seopress_titles_title":"Cadeaubon | voucher bij meubelwinkel TEAK2","_seopress_titles_desc":"Voucher bij meubelwinkel TEAK2. Leuk als verjaardagscadeau, kerstgeschenk of gewoon als leuke gift! Geldig op alle meubelen - TEAK2.","_seopress_robots_index":""},"product_brand":[],"product_cat":[98,91],"product_tag":[],"class_list":{"0":"post-11078","1":"product","2":"type-product","3":"status-publish","4":"has-post-thumbnail","6":"product_cat-accessoires","7":"product_cat-overige","9":"first","10":"instock","11":"taxable","12":"shipping-taxable","13":"purchasable","14":"product-type-variable"},"_links":{"self":[{"href":"https:\/\/teak2.be\/de\/wp-json\/wp\/v2\/product\/11078","targetHints":{"allow":["GET"]}}],"collection":[{"href":"https:\/\/teak2.be\/de\/wp-json\/wp\/v2\/product"}],"about":[{"href":"https:\/\/teak2.be\/de\/wp-json\/wp\/v2\/types\/product"}],"version-history":[{"count":0,"href":"https:\/\/teak2.be\/de\/wp-json\/wp\/v2\/product\/11078\/revisions"}],"wp:featuredmedia":[{"embeddable":true,"href":"https:\/\/teak2.be\/de\/wp-json\/wp\/v2\/media\/11120"}],"wp:attachment":[{"href":"https:\/\/teak2.be\/de\/wp-json\/wp\/v2\/media?parent=11078"}],"wp:term":[{"taxonomy":"product_brand","embeddable":true,"href":"https:\/\/teak2.be\/de\/wp-json\/wp\/v2\/product_brand?post=11078"},{"taxonomy":"product_cat","embeddable":true,"href":"https:\/\/teak2.be\/de\/wp-json\/wp\/v2\/product_cat?post=11078"},{"taxonomy":"product_tag","embeddable":true,"href":"https:\/\/teak2.be\/de\/wp-json\/wp\/v2\/product_tag?post=11078"}],"curies":[{"name":"wp","href":"https:\/\/api.w.org\/{rel}","templated":true}]}}