{"id":11585,"date":"2024-10-18T12:46:44","date_gmt":"2024-10-18T12:46:44","guid":{"rendered":"http:\/\/teak2.local\/?post_type=product&#038;p=11585"},"modified":"2024-10-24T14:38:53","modified_gmt":"2024-10-24T12:38:53","slug":"scandic-arm-pol","status":"publish","type":"product","link":"https:\/\/teak2.be\/de\/product\/scandic-arm-pol\/","title":{"rendered":"Scandic Arm POL"},"content":{"rendered":"<p>Ein bequemer Stuhl im skandinavischen Stil, ein stabiler Esszimmerstuhl aus recyceltem Polyester. Der Scandic Arm ist ein luxuri\u00f6ser Esszimmerstuhl mit modernem Look. Dieser Sessel besteht aus recyceltem Polyester, einem nachhaltigen Stoff, der zu 100% aus recycelten Plastikflaschen hergestellt wird. Es handelt sich um ein sehr robustes Material mit einer Martindale-Bewertung von 50.000, was bedeutet, dass der Stoff lange Zeit sein gutes Aussehen beh\u00e4lt. Dieses Material ist au\u00dferdem wasserabweisend und die stabile Konstruktion des Stuhls macht ihn \u00e4u\u00dferst geeignet f\u00fcr die Gastronomie! Dieser moderne Esszimmerstuhl ist in verschiedenen Farben und Designs erh\u00e4ltlich. Der Stuhl zeichnet sich durch seine hohe R\u00fcckenlehne und die separaten Armlehnen aus, die ihm ein leichtes und luftiges Aussehen verleihen. Das Gestell dieses Sessels besteht aus einem Metallspinnenbein. Er l\u00e4sst sich wunderbar mit der gro\u00dfen Auswahl an Teakholztischen bei TEAK2 kombinieren.<\/p>\n<p>Die Scandic-Serie ist in verschiedenen Farben und Designs erh\u00e4ltlich. Dieser luxuri\u00f6se Stuhl ist aus recyceltem Polyester gefertigt und von sehr guter Qualit\u00e4t. TEAK2 verwendet nur die besten Materialien und legt dabei den Schwerpunkt auf Langlebigkeit und Sitzkomfort. Dieser Esszimmerstuhl wird nachhaltig produziert und besteht zu 100% aus recycelten Plastikflaschen. Seine solide Konstruktion und die hohe Scheuerfestigkeit machen diese Serie auch in der Gastronomiebranche beliebt.<\/p>\n<p>Deze comfortabele stoel met Scandinavische uitstraling\u00a0heeft een\u00a0moderne\u00a0look en past daardoor mooi in een industri\u00eble of moderne\u00a0inrichting. Naast een modern interieur ook mooi bij een\u00a0eigentijdse\u00a0of landelijke stijl. De luxe stoel kan o.a. dienen als\u00a0hippe eetkamerstoel, bureaustoel of\u00a0duurzame design armstoel in zowel de keuken als eetkamer of woonkamer.<\/p>","protected":false},"excerpt":{"rendered":"<table>\n<tbody>\n<tr>\n<td width=\"110\"><\/td>\n<td width=\"300\"><\/td>\n<\/tr>\n<tr>\n<td width=\"110\">Material:<\/td>\n<td width=\"300\">Polyester + Metall<\/td>\n<\/tr>\n<tr>\n<td width=\"110\">Ausf\u00fchrung:<\/td>\n<td width=\"300\">Recyceltes Polyester<\/td>\n<\/tr>\n<tr>\n<td width=\"110\">Gestell:<\/td>\n<td width=\"300\">Metallbein<\/td>\n<\/tr>\n<tr>\n<td width=\"110\">Breite:<\/td>\n<td width=\"300\">64 cm (Z:41)<\/td>\n<\/tr>\n<tr>\n<td width=\"110\">H\u00f6he:<\/td>\n<td width=\"300\">91 cm (Z:48 | A:70)<\/td>\n<\/tr>\n<tr>\n<td width=\"110\">Tiefe:<\/td>\n<td width=\"300\">60 cm (Z:44)<\/td>\n<\/tr>\n<tr>\n<td width=\"110\">\n<div class=\"list\">Richtpreis:<\/div>\n<\/td>\n<td width=\"300\">\n<div class=\"listp\">\u20ac179,00<\/div>\n<\/td>\n<\/tr>\n<\/tbody>\n<\/table>","protected":false},"featured_media":11679,"template":"","meta":{"_seopress_robots_primary_cat":"none","_seopress_titles_title":"Scandic Arm POL | comfortabele stoel, Scandinavische uitstraling","_seopress_titles_desc":"Luxe & comfortabele stoel, moderne Scandinavische uitstraling. Stevige eetkamerstoel & duurzame armstoel gerecycled polyester - TEAK2.","_seopress_robots_index":""},"product_brand":[],"product_cat":[86,56],"product_tag":[52,43,44],"class_list":{"0":"post-11585","1":"product","2":"type-product","3":"status-publish","4":"has-post-thumbnail","6":"product_cat-luxe-eetkamerstoelen","7":"product_cat-stoelen","8":"product_tag-design-meubelen","9":"product_tag-landelijke-meubels","10":"product_tag-moderne-meubels","12":"first","13":"instock","14":"taxable","15":"shipping-taxable","16":"purchasable","17":"product-type-variable"},"_links":{"self":[{"href":"https:\/\/teak2.be\/de\/wp-json\/wp\/v2\/product\/11585","targetHints":{"allow":["GET"]}}],"collection":[{"href":"https:\/\/teak2.be\/de\/wp-json\/wp\/v2\/product"}],"about":[{"href":"https:\/\/teak2.be\/de\/wp-json\/wp\/v2\/types\/product"}],"version-history":[{"count":0,"href":"https:\/\/teak2.be\/de\/wp-json\/wp\/v2\/product\/11585\/revisions"}],"wp:featuredmedia":[{"embeddable":true,"href":"https:\/\/teak2.be\/de\/wp-json\/wp\/v2\/media\/11679"}],"wp:attachment":[{"href":"https:\/\/teak2.be\/de\/wp-json\/wp\/v2\/media?parent=11585"}],"wp:term":[{"taxonomy":"product_brand","embeddable":true,"href":"https:\/\/teak2.be\/de\/wp-json\/wp\/v2\/product_brand?post=11585"},{"taxonomy":"product_cat","embeddable":true,"href":"https:\/\/teak2.be\/de\/wp-json\/wp\/v2\/product_cat?post=11585"},{"taxonomy":"product_tag","embeddable":true,"href":"https:\/\/teak2.be\/de\/wp-json\/wp\/v2\/product_tag?post=11585"}],"curies":[{"name":"wp","href":"https:\/\/api.w.org\/{rel}","templated":true}]}}