{"id":11897,"date":"2024-10-18T12:50:49","date_gmt":"2024-10-18T12:50:49","guid":{"rendered":"http:\/\/teak2.local\/?post_type=product&#038;p=11897"},"modified":"2024-10-24T11:39:16","modified_gmt":"2024-10-24T09:39:16","slug":"lentur-2z-pol","status":"publish","type":"product","link":"https:\/\/teak2.be\/de\/product\/lentur-2z-pol\/","title":{"rendered":"Lentur 2.5Z POL"},"content":{"rendered":"<p>Duurzame, moderne en comfortabele bank in gerecycled polyester met ronde elementen en metalen zwart onderstel. De Lentur 2.5Z is een luxe 2.5-zits bank met een moderne uitstraling. Deze comfortabele sofa met afgerond zitvlak is uitgevoerd in gerecycled polyester, een duurzame stof uit 100% gerecyclede plastic flessen. Het is een zeer stevige, gem\u00ealeerde stof met een Martindale score van 55.000 waardoor de stof lang mooi en slijtvast blijft. De stof voelt zacht en comfortabel aan, het materiaal is bovendien ook waterafstotend! Het onderstel van deze zitbank is een zwarte metalen poot. Mooi te combineren met de Lentur poef of banken bij TEAK2. Zo is het mogelijk om een royaal bankstel te cre\u00eberen met longchair of als hoekbank als deze aan de 2.5-zits bank gekoppeld wordt. Uw zithoek was nog nooit zo comfortabel! \ud83d\ude09<\/p>\n<p>Die Lentur-Serie ist in verschiedenen Farben und Designs erh\u00e4ltlich. Dieses bequeme Sofa mit abgerundeten Elementen ist aus recyceltem Polyester gefertigt und von sehr hoher Qualit\u00e4t. TEAK2 verwendet nur die besten Materialien und legt dabei den Schwerpunkt auf Langlebigkeit und Sitzkomfort. Dieses Sofa wird nachhaltig produziert und besteht zu 100% aus recycelten Plastikflaschen. Aufgrund ihrer soliden Konstruktion und hohen Scheuerfestigkeit wird diese Serie auch h\u00e4ufig im Gastgewerbe eingesetzt.<\/p>\n<p>Die Lentur-Serie besteht aus einer Schicht Wellenfedern, die \u00fcber einen Holzrahmen gespannt sind. Das Ergebnis? Ein gut gefederter Sitz, der f\u00fcr intensive Nutzung geeignet ist! Dadurch wird das Durchh\u00e4ngen so weit wie m\u00f6glich minimiert und ein optimaler Sitzkomfort geboten. F\u00fcr eine lange Lebensdauer wurde auf diese Federung HR-Kaltschaum aufgebracht. Bel\u00fcftung, hohe Elastizit\u00e4t und geringere Faltenbildung sind einige der wichtigsten Vorteile von Kaltschaum.<\/p>\n<p>Deze duurzame, moderne en comfortabele bank in gerecycled polyester heeft een moderne uitstraling\u00a0en past daardoor mooi in een industri\u00eble of moderne\u00a0inrichting. Naast een modern interieur ook mooi bij een\u00a0klassieke\u00a0of landelijke stijl. Deze comfortabele sofa kan o.a. dienen als\u00a0eigentijdse bank of\u00a0luxe loungebank of lounge zetel voor in de woonkamer.<\/p>","protected":false},"excerpt":{"rendered":"<table>\n<tbody>\n<tr>\n<td width=\"110\"><\/td>\n<td width=\"300\"><\/td>\n<\/tr>\n<tr>\n<td width=\"110\">Materiaal:<\/td>\n<td width=\"300\">Polyester + Metaal<\/td>\n<\/tr>\n<tr>\n<td width=\"110\">Afwerking:<\/td>\n<td width=\"300\">Gerecycleerd Polyester<\/td>\n<\/tr>\n<tr>\n<td width=\"110\">Onderstel:<\/td>\n<td width=\"300\">Metalen poot<\/td>\n<\/tr>\n<tr>\n<td width=\"110\">Breedte:<\/td>\n<td width=\"300\">198 cm (Z:150)<\/td>\n<\/tr>\n<tr>\n<td width=\"110\">Hoogte:<\/td>\n<td width=\"300\">78 cm (Z:45 | A:62)<\/td>\n<\/tr>\n<tr>\n<td width=\"110\">Diepte:<\/td>\n<td width=\"300\">98 cm (Z:57)<\/td>\n<\/tr>\n<tr>\n<td width=\"110\">\n<div class=\"list\">Adviesprijs:<\/div>\n<\/td>\n<td width=\"300\">\n<div class=\"listp\">[bank_price id=\"11897\"]<\/div>\n<\/td>\n<\/tr>\n<\/tbody>\n<\/table>\n","protected":false},"featured_media":11985,"template":"","meta":{"_seopress_robots_primary_cat":"none","_seopress_titles_title":"Lentur 2.5Z POL | duurzame, moderne en comfortabele bank","_seopress_titles_desc":"Duurzame, moderne en comfortabele bank met ronde elementen in gerecycled polyester en metalen zwart onderstel - TEAK2.","_seopress_robots_index":""},"product_brand":[],"product_cat":[94,102,91,100],"product_tag":[52,43,44],"class_list":{"0":"post-11897","1":"product","2":"type-product","3":"status-publish","4":"has-post-thumbnail","6":"product_cat-banken","7":"product_cat-luxe-bank","8":"product_cat-overige","9":"product_cat-overige-meubelen","10":"product_tag-design-meubelen","11":"product_tag-landelijke-meubels","12":"product_tag-moderne-meubels","14":"first","15":"instock","16":"taxable","17":"shipping-taxable","18":"purchasable","19":"product-type-variable"},"_links":{"self":[{"href":"https:\/\/teak2.be\/de\/wp-json\/wp\/v2\/product\/11897","targetHints":{"allow":["GET"]}}],"collection":[{"href":"https:\/\/teak2.be\/de\/wp-json\/wp\/v2\/product"}],"about":[{"href":"https:\/\/teak2.be\/de\/wp-json\/wp\/v2\/types\/product"}],"version-history":[{"count":0,"href":"https:\/\/teak2.be\/de\/wp-json\/wp\/v2\/product\/11897\/revisions"}],"wp:featuredmedia":[{"embeddable":true,"href":"https:\/\/teak2.be\/de\/wp-json\/wp\/v2\/media\/11985"}],"wp:attachment":[{"href":"https:\/\/teak2.be\/de\/wp-json\/wp\/v2\/media?parent=11897"}],"wp:term":[{"taxonomy":"product_brand","embeddable":true,"href":"https:\/\/teak2.be\/de\/wp-json\/wp\/v2\/product_brand?post=11897"},{"taxonomy":"product_cat","embeddable":true,"href":"https:\/\/teak2.be\/de\/wp-json\/wp\/v2\/product_cat?post=11897"},{"taxonomy":"product_tag","embeddable":true,"href":"https:\/\/teak2.be\/de\/wp-json\/wp\/v2\/product_tag?post=11897"}],"curies":[{"name":"wp","href":"https:\/\/api.w.org\/{rel}","templated":true}]}}