{"id":12534,"date":"2024-10-18T13:00:36","date_gmt":"2024-10-18T13:00:36","guid":{"rendered":"http:\/\/teak2.local\/?post_type=product&#038;p=12534"},"modified":"2024-10-24T15:03:35","modified_gmt":"2024-10-24T13:03:35","slug":"teak-akar-d130","status":"publish","type":"product","link":"https:\/\/teak2.be\/de\/product\/teak-akar-d130\/","title":{"rendered":"Teak Akar D130"},"content":{"rendered":"<p>Ungew\u00f6hnliche Anrichte aus Wurzelholz aus Teakwurzeln. Die Teak Akar D130 ist eine Anrichte aus Teakholz mit rustikalem Aussehen. Dieser einzigartige Beisteltisch oder Anrichte ist aus Wurzelholz, auch bekannt als Teakwurzeln, gefertigt. Dieses Wurzelholz verleiht dem Beisteltisch ein wildes, einzigartiges Aussehen und macht ihn zu einem echten Hingucker in Ihrem Zuhause. Der Unterschrank steht auf einem Teakholzbein. Dieses M\u00f6belst\u00fcck besteht aus einem St\u00fcck. Diese Anrichte aus Teakwurzeln ist ein <b>Unikat<\/b> und k\u00f6nnen daher geringf\u00fcgig von der Abbildung abweichen. Bitte wenden Sie sich f\u00fcr weitere Informationen an uns.<\/p>\n<p>De serie Teak Akar wordt ambachtelijk gemaakt in Indonesi\u00eb en is leverbaar in verschillende maten en\/of uitvoeringen. Deze teakhouten sidetable is uitgevoerd in teak wortelhout. <b>Jedes St\u00fcck dieser Serie ist ein Unikat!<\/b> Teakwurzelholz ist schwer und dicht in der Struktur, da es viele Jahre lang unterschiedlichen Bedingungen ausgesetzt war. Die Teakwurzel ist verrottungsbest\u00e4ndig und hat eine einzigartige wilde Struktur und Maserung. Diese einzigartige Struktur verleiht dem Teakholz ein exklusives, robustes Aussehen. Ideal f\u00fcr einzigartige Teakholzst\u00fccke, Statuen oder M\u00f6bel. TEAK2 verwendet nur Teakholz der besten Qualit\u00e4t aus Java! Stabile, solide und schwere Konstruktion.<\/p>\n<p>Dit apart wortelhout dressoir heeft een\u00a0aparte, landelijke\u00a0uitstraling en past daardoor mooi in een pastoriestijl of\u00a0landelijke\u00a0inrichting. Naast een landelijk interieur ook mooi bij een\u00a0industri\u00eble\u00a0of moderne stijl. Dit teak dressoir kan o.a. dienen als\u00a0landelijk wortelhouten dressoir in de inkomhal, slaapkamer en zowel\u00a0de eetkamer als woonkamer of living.<\/p>","protected":false},"excerpt":{"rendered":"<table>\n<tbody>\n<tr>\n<td width=\"110\"><\/td>\n<td width=\"300\"><\/td>\n<\/tr>\n<tr>\n<td width=\"110\">Material:<\/td>\n<td width=\"300\">Teakholz<\/td>\n<\/tr>\n<tr>\n<td width=\"110\">Farbe:<\/td>\n<td width=\"300\">Bruin\u00a0(Licht)<\/td>\n<\/tr>\n<tr>\n<td width=\"110\">Ausf\u00fchrung:<\/td>\n<td width=\"300\">Wortelhout &#8211; Teak Roots<\/td>\n<\/tr>\n<\/tbody>\n<\/table>","protected":false},"featured_media":12602,"template":"","meta":{"_seopress_robots_primary_cat":"none","_seopress_titles_title":"Teak Akar D130 | apart wortelhout dressoir van teak roots","_seopress_titles_desc":"Apart wortelhout dressoir van teak roots. Aparte sidetable of dressoir van wortelhout, eyecatcher in huis - TEAK2.","_seopress_robots_index":""},"product_brand":[],"product_cat":[64,67,65],"product_tag":[43,75],"class_list":{"0":"post-12534","1":"product","2":"type-product","3":"status-publish","4":"has-post-thumbnail","6":"product_cat-dressoirs","7":"product_cat-sidetable","8":"product_cat-teak-dressoir","9":"product_tag-landelijke-meubels","10":"product_tag-teak-wortelhout","12":"first","13":"instock","14":"taxable","15":"shipping-taxable","16":"purchasable","17":"product-type-variable"},"_links":{"self":[{"href":"https:\/\/teak2.be\/de\/wp-json\/wp\/v2\/product\/12534","targetHints":{"allow":["GET"]}}],"collection":[{"href":"https:\/\/teak2.be\/de\/wp-json\/wp\/v2\/product"}],"about":[{"href":"https:\/\/teak2.be\/de\/wp-json\/wp\/v2\/types\/product"}],"version-history":[{"count":0,"href":"https:\/\/teak2.be\/de\/wp-json\/wp\/v2\/product\/12534\/revisions"}],"wp:featuredmedia":[{"embeddable":true,"href":"https:\/\/teak2.be\/de\/wp-json\/wp\/v2\/media\/12602"}],"wp:attachment":[{"href":"https:\/\/teak2.be\/de\/wp-json\/wp\/v2\/media?parent=12534"}],"wp:term":[{"taxonomy":"product_brand","embeddable":true,"href":"https:\/\/teak2.be\/de\/wp-json\/wp\/v2\/product_brand?post=12534"},{"taxonomy":"product_cat","embeddable":true,"href":"https:\/\/teak2.be\/de\/wp-json\/wp\/v2\/product_cat?post=12534"},{"taxonomy":"product_tag","embeddable":true,"href":"https:\/\/teak2.be\/de\/wp-json\/wp\/v2\/product_tag?post=12534"}],"curies":[{"name":"wp","href":"https:\/\/api.w.org\/{rel}","templated":true}]}}