{"id":12552,"date":"2024-10-18T13:01:07","date_gmt":"2024-10-18T13:01:07","guid":{"rendered":"http:\/\/teak2.local\/?post_type=product&#038;p=12552"},"modified":"2025-03-26T15:28:40","modified_gmt":"2025-03-26T14:28:40","slug":"teak-mengitari-basi","status":"publish","type":"product","link":"https:\/\/teak2.be\/de\/product\/teak-mengitari-basi\/","title":{"rendered":"Teak Mengitari Basi"},"content":{"rendered":"<p>Rundes Set von Beistelltischen f\u00fcr den Au\u00dfenbereich aus Teakholz mit Metall. Der Teak Mengitari Basi ist ein runder Couchtisch mit modernem Look. Diese runden Beistelltische f\u00fcr den Garten haben eine leicht geb\u00fcrstete Teakholzplatte und ein Metallgestell. Diese Garten-Couchtische zeichnen sich durch ihre sch\u00f6ne unbehandelte Struktur und ihr modernes Aussehen aufgrund des verwendeten Metalls aus. Das Gestell dieses runden Couchtischs besteht aus einem runden Metallbein.<\/p>\n<p>De serie Teak Mengitari wordt ambachtelijk gemaakt in Indonesi\u00eb en is momenteel leverbaar in verschillende afmetingen en\/of uitvoeringen. Deze teak bijzettafel is uitgevoerd in geborsteld oud teak. Geborsteld oud teak is zwaarder en dichter van structuur mede doordat het jarenlang verschillende omstandigheden heeft ervaren. Het oude gerecycled teakhout heeft een geborstelde behandeling ondergaan waardoor het teakhout een exclusieve robuuste uitstraling krijgt. Het hout is donkerbruin van kleur. TEAK2 maakt enkel gebruik van de beste kwaliteit teak afkomstig uit Java! Degelijke, massieve en zware opbouw.<\/p>\n<p>Deze ronde set bijzettafeltjes buiten heeft een\u00a0moderne\u00a0uitstraling en kan door de opbouw en constructie perfect dienen als buitenmeubel of teak tuinmeubel. Alle teakhouten tuinmeubelen en teak tuinmeubilair van TEAK2 voldoen aan de hoogste kwaliteit. De ronde bijzettafeltjes voor in de tuin kunnen o.a. dienen als\u00a0bijzettafel tuin of ronde buiten salontafel voor binnen of buiten. <b>Der Preis gilt f\u00fcr das Set!<\/b><\/p>","protected":false},"excerpt":{"rendered":"<table>\n<tbody>\n<tr>\n<td width=\"110\"><\/td>\n<td width=\"200\"><\/td>\n<\/tr>\n<tr>\n<td width=\"110\">Material:<\/td>\n<td width=\"200\">Teakholz + Metall<\/td>\n<\/tr>\n<tr>\n<td width=\"110\">Farbe:<\/td>\n<td width=\"200\">Bruin\u00a0(Licht)<\/td>\n<\/tr>\n<tr>\n<td width=\"110\">Ausf\u00fchrung:<\/td>\n<td width=\"200\">Geborsteld oud Teak<\/td>\n<\/tr>\n<\/tbody>\n<\/table>\n<p>&nbsp;<\/p>","protected":false},"featured_media":12619,"template":"","meta":{"_seopress_robots_primary_cat":"none","_seopress_titles_title":"Teak Mengitari Basi | ronde set bijzettafeltjes buiten teak","_seopress_titles_desc":"Ronde set bijzettafeltjes buiten in teak met metaal. Ronde bijzettafeltjes of salontafeltjes voor in de tuin - TEAK2.","_seopress_robots_index":""},"product_brand":[],"product_cat":[74,123,71],"product_tag":[52,50,44,53],"class_list":{"0":"post-12552","1":"product","2":"type-product","3":"status-publish","4":"has-post-thumbnail","6":"product_cat-overige-tuinmeubelen","7":"product_cat-sale","8":"product_cat-tuinmeubelen","9":"product_tag-design-meubelen","10":"product_tag-geborsteld-oud-teak","11":"product_tag-moderne-meubels","12":"product_tag-onbehandeld-teak","14":"first","15":"instock","16":"sale","17":"taxable","18":"shipping-taxable","19":"purchasable","20":"product-type-variable"},"_links":{"self":[{"href":"https:\/\/teak2.be\/de\/wp-json\/wp\/v2\/product\/12552","targetHints":{"allow":["GET"]}}],"collection":[{"href":"https:\/\/teak2.be\/de\/wp-json\/wp\/v2\/product"}],"about":[{"href":"https:\/\/teak2.be\/de\/wp-json\/wp\/v2\/types\/product"}],"version-history":[{"count":0,"href":"https:\/\/teak2.be\/de\/wp-json\/wp\/v2\/product\/12552\/revisions"}],"wp:featuredmedia":[{"embeddable":true,"href":"https:\/\/teak2.be\/de\/wp-json\/wp\/v2\/media\/12619"}],"wp:attachment":[{"href":"https:\/\/teak2.be\/de\/wp-json\/wp\/v2\/media?parent=12552"}],"wp:term":[{"taxonomy":"product_brand","embeddable":true,"href":"https:\/\/teak2.be\/de\/wp-json\/wp\/v2\/product_brand?post=12552"},{"taxonomy":"product_cat","embeddable":true,"href":"https:\/\/teak2.be\/de\/wp-json\/wp\/v2\/product_cat?post=12552"},{"taxonomy":"product_tag","embeddable":true,"href":"https:\/\/teak2.be\/de\/wp-json\/wp\/v2\/product_tag?post=12552"}],"curies":[{"name":"wp","href":"https:\/\/api.w.org\/{rel}","templated":true}]}}