{"id":12733,"date":"2024-10-18T13:03:26","date_gmt":"2024-10-18T13:03:26","guid":{"rendered":"http:\/\/teak2.local\/?post_type=product&#038;p=12733"},"modified":"2025-03-26T15:28:06","modified_gmt":"2025-03-26T14:28:06","slug":"teak-bebas-xxx-old","status":"publish","type":"product","link":"https:\/\/teak2.be\/de\/product\/teak-bebas-xxx-old\/","title":{"rendered":"Teak Bebas 120 Old"},"content":{"rendered":"<p>Schmaler, offener Wandschrank aus geb\u00fcrstetem, altem Teakholz, B\u00fccherschrank. Der Teak Bebas 120 Old ist ein Teakholzschrank mit authentischem, rustikalem Aussehen. Dieser B\u00fccherschrank aus Teakholz hat Schubladen und offene Regale. Der obere Schrank hat eine schmale Leiste. Dieser Schrank zeichnet sich durch seine authentischen Merkmale, rustikalen Stilelemente und die schmale Bauweise aus. Die Schubladen des Schranks lassen sich mit runden Metallschalengriffen leicht \u00f6ffnen und schlie\u00dfen. Der Unterschrank steht auf einem schlanken Bein. Dieses M\u00f6belst\u00fcck besteht aus einem Teil.<\/p>\n<p>De serie Teak Bebas wordt ambachtelijk gemaakt in Indonesi\u00eb en is leverbaar in verschillende maten en\/of uitvoeringen. Deze teak kast is uitgevoerd in geborsteld oud teak. Geborsteld oud teak is zwaarder en dichter van structuur mede doordat het jarenlang verschillende omstandigheden heeft ervaren. Het oude gerecycled teakhout heeft een geborstelde behandeling ondergaan waardoor het teakhout een exclusieve robuuste uitstraling krijgt. Het hout is donkerbruin van kleur. TEAK2 maakt enkel gebruik van de beste kwaliteit teak afkomstig uit Java! Degelijke, massieve en zware opbouw.<\/p>\n<p>Deze\u00a0smalle open wandkast in geborsteld oud teak heeft een\u00a0landelijke\u00a0uitstraling en past daardoor mooi in een klassieke of\u00a0landelijke\u00a0inrichting. Naast een landelijk interieur ook mooi bij een\u00a0industri\u00eble\u00a0of moderne stijl. De kleine teak kast kan o.a. dienen als teakhouten boekenkast, hoekkast of\u00a0slanke houten buffetkast\u00a0in zowel\u00a0de keuken als woonkamer of living.<\/p>","protected":false},"excerpt":{"rendered":"<table>\n<tbody>\n<tr>\n<td width=\"110\"><\/td>\n<td width=\"300\"><\/td>\n<\/tr>\n<tr>\n<td width=\"110\">Material:<\/td>\n<td width=\"300\">Teakholz<\/td>\n<\/tr>\n<tr>\n<td width=\"110\">Farbe:<\/td>\n<td width=\"300\">Bruin\u00a0(Donker)<\/td>\n<\/tr>\n<tr>\n<td width=\"110\">Ausf\u00fchrung:<\/td>\n<td width=\"300\">Altes geb\u00fcrstetes Teak<\/td>\n<\/tr>\n<\/tbody>\n<\/table>","protected":false},"featured_media":12769,"template":"","meta":{"_seopress_robots_primary_cat":"none","_seopress_titles_title":"Teak Bebas 120 Old | smalle open wandkast teak","_seopress_titles_desc":"Smalle open wandkast in geborsteld oud teak, boekenkast met open legplanken en lades - TEAK2.","_seopress_robots_index":""},"product_brand":[],"product_cat":[39,123,47],"product_tag":[50,43],"class_list":{"0":"post-12733","1":"product","2":"type-product","3":"status-publish","4":"has-post-thumbnail","6":"product_cat-kasten","7":"product_cat-sale","8":"product_cat-teak-buffetkast","9":"product_tag-geborsteld-oud-teak","10":"product_tag-landelijke-meubels","12":"first","13":"instock","14":"sale","15":"taxable","16":"shipping-taxable","17":"purchasable","18":"product-type-variable"},"_links":{"self":[{"href":"https:\/\/teak2.be\/de\/wp-json\/wp\/v2\/product\/12733","targetHints":{"allow":["GET"]}}],"collection":[{"href":"https:\/\/teak2.be\/de\/wp-json\/wp\/v2\/product"}],"about":[{"href":"https:\/\/teak2.be\/de\/wp-json\/wp\/v2\/types\/product"}],"version-history":[{"count":0,"href":"https:\/\/teak2.be\/de\/wp-json\/wp\/v2\/product\/12733\/revisions"}],"wp:featuredmedia":[{"embeddable":true,"href":"https:\/\/teak2.be\/de\/wp-json\/wp\/v2\/media\/12769"}],"wp:attachment":[{"href":"https:\/\/teak2.be\/de\/wp-json\/wp\/v2\/media?parent=12733"}],"wp:term":[{"taxonomy":"product_brand","embeddable":true,"href":"https:\/\/teak2.be\/de\/wp-json\/wp\/v2\/product_brand?post=12733"},{"taxonomy":"product_cat","embeddable":true,"href":"https:\/\/teak2.be\/de\/wp-json\/wp\/v2\/product_cat?post=12733"},{"taxonomy":"product_tag","embeddable":true,"href":"https:\/\/teak2.be\/de\/wp-json\/wp\/v2\/product_tag?post=12733"}],"curies":[{"name":"wp","href":"https:\/\/api.w.org\/{rel}","templated":true}]}}