{"id":12735,"date":"2024-10-18T13:03:26","date_gmt":"2024-10-18T13:03:26","guid":{"rendered":"http:\/\/teak2.local\/?post_type=product&#038;p=12735"},"modified":"2025-10-23T12:21:09","modified_gmt":"2025-10-23T10:21:09","slug":"teak-rumah-110g","status":"publish","type":"product","link":"https:\/\/teak2.be\/de\/product\/teak-rumah-110g\/","title":{"rendered":"Teak Rumah 110G"},"content":{"rendered":"<p>Schicker Wandschrank im rustikal-modernen Stil mit Glas und Teakholz, unbehandeltes Teakholz. Der Teak Rumah 110G ist ein Buffetschrank aus Teakholz im rustikal-modernen Look. Dieser Buffetschrank mit Glas hat Fl\u00fcgelt\u00fcren und Schubladen. Der Oberschrank hat eine moderne Hohlkehle. Dieser rustikal-moderne Wandschrank zeichnet sich durch seine moderne Konstruktion und rustikale Stilelemente aus. Die Schubladen des Schranks lassen sich mit runden Metallgriffen leicht \u00f6ffnen und schlie\u00dfen. Der Unterschrank steht auf einem schlanken Bein. Dieses M\u00f6belst\u00fcck besteht aus einem Teil.<\/p>\n<p>De serie Teak Rumah wordt ambachtelijk gemaakt in Indonesi\u00eb en is leverbaar in verschillende maten en\/of uitvoeringen. Deze teak kast is uitgevoerd in onbehandeld teak. Onbehandeld teak is bruin (blank) van kleur en wordt egaal glad geschuurd. Het teak kan verschillende kleurtinten hebben afhankelijk van natuurlijke omstandigheden. Dit teakhout is tevens ook gerecycled teak en heeft een zware, dichte structuur. TEAK2 maakt enkel gebruik van de beste kwaliteit teak afkomstig uit Java! Degelijke, massieve en zware opbouw. De gladde structuur geeft het meubel een strakke, moderne uitstraling.<\/p>\n<p>Deze landelijk-moderne wandkast met glas heeft een\u00a0chique\u00a0uitstraling en past daardoor mooi in een moderne of\u00a0industri\u00eble\u00a0inrichting. Naast een industrieel interieur ook mooi bij een\u00a0eigentijdse\u00a0of landelijke stijl. Deze glazen teak kast kan o.a. dienen als\u00a0buffetkast met glas, keukenkast,\u00a0smalle teakhouten buffetkast in zowel\u00a0de keuken als woonkamer of living.<\/p>","protected":false},"excerpt":{"rendered":"<table>\n<tbody>\n<tr>\n<td width=\"110\"><\/td>\n<td width=\"300\"><\/td>\n<\/tr>\n<tr>\n<td width=\"110\">Material:<\/td>\n<td width=\"300\">Teakholz<\/td>\n<\/tr>\n<tr>\n<td width=\"110\">Farbe:<\/td>\n<td width=\"300\">Bruin\u00a0(Donker)<\/td>\n<\/tr>\n<tr>\n<td width=\"110\">Ausf\u00fchrung:<\/td>\n<td width=\"300\">Unbehandeltes Teakholz<\/td>\n<\/tr>\n<\/tbody>\n<\/table>","protected":false},"featured_media":12774,"template":"","meta":{"_seopress_robots_primary_cat":"none","_seopress_titles_title":"Teak Rumah 110G | landelijk-moderne wandkast met glas","_seopress_titles_desc":"Landelijk-moderne wandkast met glas en teak, massief onbehandeld teakhout. Slanke kast uitgevoerd met draaideuren en lades.","_seopress_robots_index":""},"product_brand":[],"product_cat":[39,47],"product_tag":[43,44,53],"class_list":{"0":"post-12735","1":"product","2":"type-product","3":"status-publish","4":"has-post-thumbnail","6":"product_cat-kasten","7":"product_cat-teak-buffetkast","8":"product_tag-landelijke-meubels","9":"product_tag-moderne-meubels","10":"product_tag-onbehandeld-teak","12":"first","13":"instock","14":"taxable","15":"shipping-taxable","16":"purchasable","17":"product-type-variable"},"_links":{"self":[{"href":"https:\/\/teak2.be\/de\/wp-json\/wp\/v2\/product\/12735","targetHints":{"allow":["GET"]}}],"collection":[{"href":"https:\/\/teak2.be\/de\/wp-json\/wp\/v2\/product"}],"about":[{"href":"https:\/\/teak2.be\/de\/wp-json\/wp\/v2\/types\/product"}],"version-history":[{"count":1,"href":"https:\/\/teak2.be\/de\/wp-json\/wp\/v2\/product\/12735\/revisions"}],"predecessor-version":[{"id":513467,"href":"https:\/\/teak2.be\/de\/wp-json\/wp\/v2\/product\/12735\/revisions\/513467"}],"wp:featuredmedia":[{"embeddable":true,"href":"https:\/\/teak2.be\/de\/wp-json\/wp\/v2\/media\/12774"}],"wp:attachment":[{"href":"https:\/\/teak2.be\/de\/wp-json\/wp\/v2\/media?parent=12735"}],"wp:term":[{"taxonomy":"product_brand","embeddable":true,"href":"https:\/\/teak2.be\/de\/wp-json\/wp\/v2\/product_brand?post=12735"},{"taxonomy":"product_cat","embeddable":true,"href":"https:\/\/teak2.be\/de\/wp-json\/wp\/v2\/product_cat?post=12735"},{"taxonomy":"product_tag","embeddable":true,"href":"https:\/\/teak2.be\/de\/wp-json\/wp\/v2\/product_tag?post=12735"}],"curies":[{"name":"wp","href":"https:\/\/api.w.org\/{rel}","templated":true}]}}