{"id":8765,"date":"2024-10-18T10:46:14","date_gmt":"2024-10-18T10:46:14","guid":{"rendered":"http:\/\/teak2.local\/?post_type=product&#038;p=8765"},"modified":"2026-02-22T17:22:46","modified_gmt":"2026-02-22T16:22:46","slug":"teak-luan-d200l-old","status":"publish","type":"product","link":"https:\/\/teak2.be\/de\/product\/teak-luan-d200l-old\/","title":{"rendered":"Teak Luan D200L Old"},"content":{"rendered":"<p>Eine stilvolle, moderne Anrichte aus Teakholz in sch\u00f6nem alten Teakholz. Die Teak Luan D200L Old ist eine Anrichte aus Teakholz mit einem eleganten Aussehen. Diese moderne Anrichte ist mit Fl\u00fcgelt\u00fcren ausgestattet und zeichnet sich durch ihren modernen Stil und ihre solide Bauweise aus. Die Schubladen in der Mitte der Anrichte lassen sich dank der grifflosen Schubladenfronten leicht \u00f6ffnen und schlie\u00dfen. Der Unterschrank steht auf schlanken Beinen. Dieses M\u00f6belst\u00fcck besteht aus einem Teil.<\/p>\n<p>De serie Teak Luan wordt ambachtelijk gemaakt in Indonesi\u00eb en is momenteel enkel leverbaar in deze afmeting en\/of uitvoering. Dit teak dressoir is uitgevoerd in oud teak. Oud teak is zwaarder en dichter van structuur mede doordat het jarenlang verschillende omstandigheden heeft ervaren. Het oude gerecycled teakhout is qua kleur donker van tint, heeft een geleefd, exclusief karakter en een prachtige structuur. TEAK2 maakt enkel gebruik van de beste kwaliteit teak afkomstig uit Java! Degelijke, massieve en zware opbouw.<\/p>\n<p>Dit\u00a0stijlvol modern teakhouten\u00a0dressoir heeft een\u00a0strakke\u00a0uitstraling en past daardoor mooi in een industri\u00eble of\u00a0moderne\u00a0inrichting. Naast een modern interieur ook mooi bij een\u00a0eigentijdse\u00a0of landelijke stijl. Dit modern dressoir kan o.a. dienen als\u00a0modern\u00a0teakhouten dressoir in de inkomhal, slaapkamer en zowel\u00a0de eetkamer als woonkamer of living.<\/p>","protected":false},"excerpt":{"rendered":"<table>\n<tbody>\n<tr>\n<td width=\"110\"><\/td>\n<td width=\"300\"><\/td>\n<\/tr>\n<tr>\n<td width=\"110\">Material:<\/td>\n<td width=\"300\">Teakholz<\/td>\n<\/tr>\n<tr>\n<td width=\"110\">Farbe:<\/td>\n<td width=\"300\">Braun (Dunkel)<\/td>\n<\/tr>\n<tr>\n<td width=\"110\">Ausf\u00fchrung:<\/td>\n<td width=\"300\">Altes Teakholz<\/td>\n<\/tr>\n<\/tbody>\n<\/table>","protected":false},"featured_media":512863,"template":"","meta":{"_seopress_robots_primary_cat":"none","_seopress_titles_title":"Teak Luan D200L Old | stijlvol modern teakhouten dressoir","_seopress_titles_desc":"Stijlvol modern teakhouten dressoir in prachtig oud teakhout. Teak dressoir met een strakke uitstraling - TEAK2.","_seopress_robots_index":""},"product_brand":[],"product_cat":[64,65],"product_tag":[52,44,51],"class_list":{"0":"post-8765","1":"product","2":"type-product","3":"status-publish","4":"has-post-thumbnail","6":"product_cat-dressoirs","7":"product_cat-teak-dressoir","8":"product_tag-design-meubelen","9":"product_tag-moderne-meubels","10":"product_tag-oud-teak","12":"first","13":"instock","14":"taxable","15":"shipping-taxable","16":"purchasable","17":"product-type-variable"},"_links":{"self":[{"href":"https:\/\/teak2.be\/de\/wp-json\/wp\/v2\/product\/8765","targetHints":{"allow":["GET"]}}],"collection":[{"href":"https:\/\/teak2.be\/de\/wp-json\/wp\/v2\/product"}],"about":[{"href":"https:\/\/teak2.be\/de\/wp-json\/wp\/v2\/types\/product"}],"version-history":[{"count":1,"href":"https:\/\/teak2.be\/de\/wp-json\/wp\/v2\/product\/8765\/revisions"}],"predecessor-version":[{"id":513196,"href":"https:\/\/teak2.be\/de\/wp-json\/wp\/v2\/product\/8765\/revisions\/513196"}],"wp:featuredmedia":[{"embeddable":true,"href":"https:\/\/teak2.be\/de\/wp-json\/wp\/v2\/media\/512863"}],"wp:attachment":[{"href":"https:\/\/teak2.be\/de\/wp-json\/wp\/v2\/media?parent=8765"}],"wp:term":[{"taxonomy":"product_brand","embeddable":true,"href":"https:\/\/teak2.be\/de\/wp-json\/wp\/v2\/product_brand?post=8765"},{"taxonomy":"product_cat","embeddable":true,"href":"https:\/\/teak2.be\/de\/wp-json\/wp\/v2\/product_cat?post=8765"},{"taxonomy":"product_tag","embeddable":true,"href":"https:\/\/teak2.be\/de\/wp-json\/wp\/v2\/product_tag?post=8765"}],"curies":[{"name":"wp","href":"https:\/\/api.w.org\/{rel}","templated":true}]}}