{"id":8811,"date":"2024-10-18T12:25:19","date_gmt":"2024-10-18T12:25:19","guid":{"rendered":"http:\/\/teak2.local\/?post_type=product&#038;p=8811"},"modified":"2025-03-19T20:42:29","modified_gmt":"2025-03-19T19:42:29","slug":"teak-kursi-palang","status":"publish","type":"product","link":"https:\/\/teak2.be\/de\/product\/teak-kursi-palang\/","title":{"rendered":"Teak Kursi Palang"},"content":{"rendered":"<p>Moderner Holzstuhl aus glattem Teakholz, bequemer Esszimmerstuhl. Der Teak Kursi Palang ist ein Esszimmerstuhl aus Teakholz mit einem modernen rustikalen Look. Dieser moderne Holzstuhl ist aus unbehandeltem Teakholz gefertigt und hat ein Kreuz in der R\u00fcckenlehne. Dieser Esszimmerstuhl aus Teakholz zeichnet sich durch seine solide, stabile Konstruktion und bequeme Sitzfl\u00e4che aus. Der Stuhl hat Merkmale im rustikalen Stil und wird aufgrund seiner stabilen und bequemen Konstruktion h\u00e4ufig im Gastgewerbe eingesetzt. Das Untergestell dieses modernen Holzstuhls besteht aus einem Teakholzbein. Er l\u00e4sst sich wunderbar mit der gro\u00dfen Auswahl an Teakholztischen bei TEAK2 kombinieren.<\/p>\n<p>De serie Teak Kursi wordt ambachtelijk gemaakt in Indonesi\u00eb en is leverbaar in verschillende maten en\/of uitvoeringen. Deze teakhouten stoel is uitgevoerd in onbehandeld teak. Onbehandeld teak is licht (blank) van kleur en wordt egaal glad geschuurd. Dit teakhout is tevens ook gerecycled teak en heeft een zware, dichte structuur. TEAK2 maakt enkel gebruik van de beste kwaliteit teak afkomstig uit Java! Degelijke, massieve en zware opbouw. De gladde structuur geeft het meubel een strakke, moderne uitstraling.<\/p>\n<p>Deze\u00a0moderne comfortabele eetkamerstoel\u00a0heeft een landelijke\u00a0uitstraling en past daardoor mooi in een eigentijdse of\u00a0moderne\u00a0inrichting. Naast een modern interieur ook mooi bij een\u00a0huiselijke\u00a0of landelijke stijl. De teakhouten stoel kan o.a. dienen als comfortabele\u00a0eetkamerstoel, bureaustoel of\u00a0teak keukenstoel in zowel de keuken als eetkamer of woonkamer.<\/p>","protected":false},"excerpt":{"rendered":"<table>\n<tbody>\n<tr>\n<td width=\"110\"><\/td>\n<td width=\"300\"><\/td>\n<\/tr>\n<tr>\n<td width=\"110\">Material:<\/td>\n<td width=\"300\">Teakholz<\/td>\n<\/tr>\n<tr>\n<td width=\"110\">Farbe:<\/td>\n<td width=\"300\">Bruin\u00a0(Licht)<\/td>\n<\/tr>\n<tr>\n<td width=\"110\">Ausf\u00fchrung:<\/td>\n<td width=\"300\">Unbehandeltes Teakholz<\/td>\n<\/tr>\n<tr>\n<td width=\"110\">Gestell:<\/td>\n<td width=\"300\">Teakholzbein<\/td>\n<\/tr>\n<\/tbody>\n<\/table>","protected":false},"featured_media":5036,"template":"","meta":{"_seopress_robots_primary_cat":"none","_seopress_titles_title":"Teak Kursi Palang | moderne houten stoel in glad teakhout - TEAK2","_seopress_titles_desc":"Moderne houten stoel in glad teakhout. Degelijke & comfortabele eetkamerstoel. Kwaliteit uit Indonesi\u00eb, teak meubelwinkel TEAK2.","_seopress_robots_index":""},"product_brand":[],"product_cat":[56,57],"product_tag":[43,44,53],"class_list":{"0":"post-8811","1":"product","2":"type-product","3":"status-publish","4":"has-post-thumbnail","6":"product_cat-stoelen","7":"product_cat-teak-eetkamerstoelen","8":"product_tag-landelijke-meubels","9":"product_tag-moderne-meubels","10":"product_tag-onbehandeld-teak","12":"first","13":"instock","14":"taxable","15":"shipping-taxable","16":"purchasable","17":"product-type-variable"},"_links":{"self":[{"href":"https:\/\/teak2.be\/de\/wp-json\/wp\/v2\/product\/8811","targetHints":{"allow":["GET"]}}],"collection":[{"href":"https:\/\/teak2.be\/de\/wp-json\/wp\/v2\/product"}],"about":[{"href":"https:\/\/teak2.be\/de\/wp-json\/wp\/v2\/types\/product"}],"version-history":[{"count":0,"href":"https:\/\/teak2.be\/de\/wp-json\/wp\/v2\/product\/8811\/revisions"}],"wp:featuredmedia":[{"embeddable":true,"href":"https:\/\/teak2.be\/de\/wp-json\/wp\/v2\/media\/5036"}],"wp:attachment":[{"href":"https:\/\/teak2.be\/de\/wp-json\/wp\/v2\/media?parent=8811"}],"wp:term":[{"taxonomy":"product_brand","embeddable":true,"href":"https:\/\/teak2.be\/de\/wp-json\/wp\/v2\/product_brand?post=8811"},{"taxonomy":"product_cat","embeddable":true,"href":"https:\/\/teak2.be\/de\/wp-json\/wp\/v2\/product_cat?post=8811"},{"taxonomy":"product_tag","embeddable":true,"href":"https:\/\/teak2.be\/de\/wp-json\/wp\/v2\/product_tag?post=8811"}],"curies":[{"name":"wp","href":"https:\/\/api.w.org\/{rel}","templated":true}]}}