{"id":8830,"date":"2024-10-18T12:25:22","date_gmt":"2024-10-18T12:25:22","guid":{"rendered":"http:\/\/teak2.local\/?post_type=product&#038;p=8830"},"modified":"2025-03-19T17:56:04","modified_gmt":"2025-03-19T16:56:04","slug":"teak-kursi-lapuk-old-sw","status":"publish","type":"product","link":"https:\/\/teak2.be\/de\/product\/teak-kursi-lapuk-old-sw\/","title":{"rendered":"Teak Kursi Lapuk Old SW"},"content":{"rendered":"<p>Wei\u00dfer Brocante-Esszimmerstuhl aus Teakholz mit Brocante-Bein. Der Teak Kursi Lapuk Old SW ist ein Esszimmerstuhl aus Teakholz mit einem klassischen, rustikalen Look. Dieser Brocante-Stuhl ist aus geb\u00fcrstetem, altem Teakholz gefertigt. Dieser Brocante-Esszimmerstuhl zeichnet sich durch seine solide, stabile Konstruktion und seinen bequemen Sitz aus. Der Stuhl hat rustikale und klassische Stilmerkmale und wird aufgrund seiner soliden und bequemen Konstruktion h\u00e4ufig in der Gastronomie eingesetzt. Das Gestell dieses rustikalen K\u00fcchenstuhls aus Holz ist ein rundes Brocante-Bein. Er l\u00e4sst sich wunderbar mit der gro\u00dfen Auswahl an Teakholztischen bei TEAK2 kombinieren.<\/p>\n<p>De serie Teak Kursi wordt ambachtelijk gemaakt in Indonesi\u00eb en is leverbaar in verschillende maten en\/of uitvoeringen. Deze gekleurde stoel is de gespoten uitvoering in spierwit (RAL 9016) en is uitgevoerd in geborsteld oud teak. Geborsteld oud teak is zwaarder en dichter van structuur mede doordat het jarenlang verschillende omstandigheden heeft ervaren. Het oude gerecycled teakhout heeft een geborstelde behandeling ondergaan waardoor het teakhout een exclusieve robuuste uitstraling krijgt. Het hout is donkerbruin van kleur. TEAK2 maakt enkel gebruik van de beste kwaliteit teak afkomstig uit Java! Degelijke, massieve en zware opbouw.<\/p>\n<p>Deze\u00a0brocante eetkamerstoel\u00a0heeft een landelijke\u00a0uitstraling en past daardoor mooi in een klassieke of\u00a0landelijke\u00a0inrichting. Naast een landelijk interieur ook mooi bij een\u00a0eigentijdse\u00a0of moderne stijl. De brocante stoel kan o.a. dienen als\u00a0landelijke\u00a0teakhouten eetkamerstoel, bureaustoel of\u00a0brocante keukenstoel in zowel de keuken als eetkamer of woonkamer.<\/p>","protected":false},"excerpt":{"rendered":"<table>\n<tbody>\n<tr>\n<td width=\"110\"><\/td>\n<td width=\"300\"><\/td>\n<\/tr>\n<tr>\n<td width=\"110\">Material:<\/td>\n<td width=\"300\">Mindi + Teakholz<\/td>\n<\/tr>\n<tr>\n<td width=\"110\">Farbe:<\/td>\n<td width=\"300\">Verkehrswei\u00df (RAL 9016) + Braun<\/td>\n<\/tr>\n<tr>\n<td width=\"110\">Ausf\u00fchrung:<\/td>\n<td width=\"300\">Altes geb\u00fcrstetes Teak<\/td>\n<\/tr>\n<tr>\n<td width=\"110\">Gestell:<\/td>\n<td width=\"300\">Spritzlackiert<\/td>\n<\/tr>\n<\/tbody>\n<\/table>","protected":false},"featured_media":5214,"template":"","meta":{"_seopress_robots_primary_cat":"none","_seopress_titles_title":"Teak Kursi Lapuk Old SW | brocante eetkamerstoel wit & teak","_seopress_titles_desc":"Brocante eetkamerstoel wit & teak met landelijke uitstraling. Houten brocante stoel, comfortabele & degelijke constructie - TEAK2","_seopress_robots_index":""},"product_brand":[],"product_cat":[56,57],"product_tag":[50,43],"class_list":{"0":"post-8830","1":"product","2":"type-product","3":"status-publish","4":"has-post-thumbnail","6":"product_cat-stoelen","7":"product_cat-teak-eetkamerstoelen","8":"product_tag-geborsteld-oud-teak","9":"product_tag-landelijke-meubels","11":"first","12":"instock","13":"taxable","14":"shipping-taxable","15":"purchasable","16":"product-type-variable"},"_links":{"self":[{"href":"https:\/\/teak2.be\/de\/wp-json\/wp\/v2\/product\/8830","targetHints":{"allow":["GET"]}}],"collection":[{"href":"https:\/\/teak2.be\/de\/wp-json\/wp\/v2\/product"}],"about":[{"href":"https:\/\/teak2.be\/de\/wp-json\/wp\/v2\/types\/product"}],"version-history":[{"count":0,"href":"https:\/\/teak2.be\/de\/wp-json\/wp\/v2\/product\/8830\/revisions"}],"wp:featuredmedia":[{"embeddable":true,"href":"https:\/\/teak2.be\/de\/wp-json\/wp\/v2\/media\/5214"}],"wp:attachment":[{"href":"https:\/\/teak2.be\/de\/wp-json\/wp\/v2\/media?parent=8830"}],"wp:term":[{"taxonomy":"product_brand","embeddable":true,"href":"https:\/\/teak2.be\/de\/wp-json\/wp\/v2\/product_brand?post=8830"},{"taxonomy":"product_cat","embeddable":true,"href":"https:\/\/teak2.be\/de\/wp-json\/wp\/v2\/product_cat?post=8830"},{"taxonomy":"product_tag","embeddable":true,"href":"https:\/\/teak2.be\/de\/wp-json\/wp\/v2\/product_tag?post=8830"}],"curies":[{"name":"wp","href":"https:\/\/api.w.org\/{rel}","templated":true}]}}