{"id":8836,"date":"2024-10-18T12:25:22","date_gmt":"2024-10-18T12:25:22","guid":{"rendered":"http:\/\/teak2.local\/?post_type=product&#038;p=8836"},"modified":"2026-04-04T16:43:20","modified_gmt":"2026-04-04T14:43:20","slug":"teak-burung-vogelhuis","status":"publish","type":"product","link":"https:\/\/teak2.be\/de\/product\/teak-burung-vogelhuis\/","title":{"rendered":"Teak Burung &#8211; Vogelhuis"},"content":{"rendered":"<p>Vogelhaus aus Teakwurzelholz. Das Teak Burung ist ein Vogelhaus aus Teakholz mit rustikalem Aussehen. Dieses Vogelhaus ist aus Teakwurzeln gefertigt und hat ein Teakdach. Die Basis dieses h\u00f6lzernen Vogelhauses ist ein Teakbein. Dieses M\u00f6belst\u00fcck ist ein <b>Unikat<\/b> und k\u00f6nnen daher geringf\u00fcgig von der Abbildung abweichen. Bitte wenden Sie sich f\u00fcr weitere Informationen an uns.<\/p>\n<p>De serie Teak Burung wordt ambachtelijk gemaakt in Indonesi\u00eb en is momenteel enkel leverbaar in deze afmeting en\/of uitvoering. Dit teakhouten vogelhuis is uitgevoerd in teak wortelhout. <b>Jedes St\u00fcck dieser Serie ist ein Unikat!<\/b> Teakwurzelholz ist schwer und dicht in der Struktur, da es viele Jahre lang unterschiedlichen Bedingungen ausgesetzt war. Die Teakwurzel ist verrottungsbest\u00e4ndig und hat eine einzigartige wilde Struktur und Maserung. Diese einzigartige Struktur verleiht dem Teakholz ein exklusives, robustes Aussehen. Ideal f\u00fcr einzigartige Teakholzst\u00fccke, Statuen oder M\u00f6bel. TEAK2 verwendet nur Teakholz der besten Qualit\u00e4t aus Java! Stabile, solide und schwere Konstruktion.<\/p>\n<p>Dit teak vogelhuis heeft een landelijke uitstraling en kan door de massieve opbouw en sterke constructie perfect dienen als buitenmeubel of teakhouten tuinmeubel. Alle teakhouten tuinmeubelen en teak tuinmeubilair van TEAK2 voldoen aan de hoogste kwaliteit. Dit teakhouten vogelhuis kan o.a. dienen als\u00a0houten vogelhoekje voor binnen of buiten.<\/p>","protected":false},"excerpt":{"rendered":"<table>\n<tbody>\n<tr>\n<td width=\"110\"><\/td>\n<td width=\"300\"><\/td>\n<\/tr>\n<tr>\n<td width=\"110\">Material:<\/td>\n<td width=\"300\">Teakholz<\/td>\n<\/tr>\n<tr>\n<td width=\"110\">Farbe:<\/td>\n<td width=\"300\">Bruin\u00a0(Donker)<\/td>\n<\/tr>\n<tr>\n<td width=\"110\">Ausf\u00fchrung:<\/td>\n<td width=\"300\">Wortelhout &#8211; Teak Roots<\/td>\n<\/tr>\n<\/tbody>\n<\/table>","protected":false},"featured_media":5273,"template":"","meta":{"_seopress_robots_primary_cat":"none","_seopress_titles_title":"Teak Burung | teak vogelhuis uit Indonesi\u00eb, wortelhout - TEAK2","_seopress_titles_desc":"Teak vogelhuis uit Indonesi\u00eb, wortelhout. Teakhouten vogelhuis op een hoge poot, dit vogelhokje is gemaakt uit teak roots - TEAK2.","_seopress_robots_index":""},"product_brand":[],"product_cat":[74,71],"product_tag":[49,43,75],"class_list":{"0":"post-8836","1":"product","2":"type-product","3":"status-publish","4":"has-post-thumbnail","6":"product_cat-overige-tuinmeubelen","7":"product_cat-tuinmeubelen","8":"product_tag-indonesische-stijl","9":"product_tag-landelijke-meubels","10":"product_tag-teak-wortelhout","12":"first","13":"onbackorder","14":"taxable","15":"shipping-taxable","16":"purchasable","17":"product-type-variable"},"_links":{"self":[{"href":"https:\/\/teak2.be\/de\/wp-json\/wp\/v2\/product\/8836","targetHints":{"allow":["GET"]}}],"collection":[{"href":"https:\/\/teak2.be\/de\/wp-json\/wp\/v2\/product"}],"about":[{"href":"https:\/\/teak2.be\/de\/wp-json\/wp\/v2\/types\/product"}],"version-history":[{"count":1,"href":"https:\/\/teak2.be\/de\/wp-json\/wp\/v2\/product\/8836\/revisions"}],"predecessor-version":[{"id":514530,"href":"https:\/\/teak2.be\/de\/wp-json\/wp\/v2\/product\/8836\/revisions\/514530"}],"wp:featuredmedia":[{"embeddable":true,"href":"https:\/\/teak2.be\/de\/wp-json\/wp\/v2\/media\/5273"}],"wp:attachment":[{"href":"https:\/\/teak2.be\/de\/wp-json\/wp\/v2\/media?parent=8836"}],"wp:term":[{"taxonomy":"product_brand","embeddable":true,"href":"https:\/\/teak2.be\/de\/wp-json\/wp\/v2\/product_brand?post=8836"},{"taxonomy":"product_cat","embeddable":true,"href":"https:\/\/teak2.be\/de\/wp-json\/wp\/v2\/product_cat?post=8836"},{"taxonomy":"product_tag","embeddable":true,"href":"https:\/\/teak2.be\/de\/wp-json\/wp\/v2\/product_tag?post=8836"}],"curies":[{"name":"wp","href":"https:\/\/api.w.org\/{rel}","templated":true}]}}