{"id":8857,"date":"2024-10-18T12:25:25","date_gmt":"2024-10-18T12:25:25","guid":{"rendered":"http:\/\/teak2.local\/?post_type=product&#038;p=8857"},"modified":"2024-12-21T18:34:58","modified_gmt":"2024-12-21T17:34:58","slug":"terang-tvxxxl-sw","status":"publish","type":"product","link":"https:\/\/teak2.be\/de\/product\/terang-tvxxxl-sw\/","title":{"rendered":"Terang TV125-200L SW"},"content":{"rendered":"<p>Modernes wei\u00dfes Tv-M\u00f6bel mit Schiebet\u00fcren und Schubladen. Das Terang TV125-200L SW ist ein wei\u00dfes Tv-M\u00f6bel mit modernem Look. Dieses moderne Tv-M\u00f6bel ist mit Schiebet\u00fcren ausgestattet und zeichnet sich durch die Kombination von rustikalen, authentischen und modernen Stilelementen aus. Die Schubladen des Tv-M\u00f6bels lassen sich mit modernen, eingelassenen Griffen leicht \u00f6ffnen und schlie\u00dfen. Der Unterschrank steht auf einem Sockel mit ausgeschnittenen Beinen. Dieses M\u00f6belst\u00fcck besteht aus einem Teil.<\/p>\n<p>De serie Terang wordt ambachtelijk gemaakt in Indonesi\u00eb en is leverbaar in verschillende maten en\/of uitvoeringen. Dit wit Tv-meubel is de gespoten LUXE-uitvoering in de kleur spierwit (RAL 9016). Ondanks de strakke gespoten behandeling behoudt deze wel zijn typerende houtnerf. De luxe-uitvoering heeft een hogere afwerking en is uitgevoerd met ladegeleiders.<\/p>\n<p>Dit Tv meubel wit met schuifdeuren en lades heeft een\u00a0moderne\u00a0uitstraling en past daardoor mooi in een eigentijdse of moderne\u00a0inrichting. Naast een modern interieur ook mooi bij een\u00a0huiselijke\u00a0of landelijke stijl. Dit witte Tv-meubel kan o.a. dienen als\u00a0modern\u00a0white wash\u00a0Tv-meubel of eigentijds Tv-dressoir in de woonkamer of living.<\/p>","protected":false},"excerpt":{"rendered":"<table>\n<tbody>\n<tr>\n<td width=\"110\"><\/td>\n<td width=\"300\"><\/td>\n<\/tr>\n<tr>\n<td width=\"110\">Material:<\/td>\n<td width=\"300\">Mindi Holz<\/td>\n<\/tr>\n<tr>\n<td width=\"110\">Farbe:<\/td>\n<td width=\"300\">Verkehrswei\u00df (RAL 9016)<\/td>\n<\/tr>\n<tr>\n<td width=\"110\">Ausf\u00fchrung:<\/td>\n<td width=\"300\">Gespoten &#8211; LUXE<\/td>\n<\/tr>\n<\/tbody>\n<\/table>","protected":false},"featured_media":5465,"template":"","meta":{"_seopress_robots_primary_cat":"none","_seopress_titles_title":"Terang TV125-200L SW | modern Tv meubel wit + schuifdeuren","_seopress_titles_desc":"Modern Tv meubel wit met schuifdeuren & lades. Tv-meubel met combinatie landelijke, authentieke en moderne stijlkenmerken - TEAK2.","_seopress_robots_index":""},"product_brand":[],"product_cat":[69,68],"product_tag":[42,43,44,45],"class_list":{"0":"post-8857","1":"product","2":"type-product","3":"status-publish","4":"has-post-thumbnail","6":"product_cat-tv-meubel-wit","7":"product_cat-tv-meubels","8":"product_tag-klassieke-meubels","9":"product_tag-landelijke-meubels","10":"product_tag-moderne-meubels","11":"product_tag-spierwit-ral-9016","13":"first","14":"instock","15":"taxable","16":"shipping-taxable","17":"purchasable","18":"product-type-variable"},"_links":{"self":[{"href":"https:\/\/teak2.be\/de\/wp-json\/wp\/v2\/product\/8857","targetHints":{"allow":["GET"]}}],"collection":[{"href":"https:\/\/teak2.be\/de\/wp-json\/wp\/v2\/product"}],"about":[{"href":"https:\/\/teak2.be\/de\/wp-json\/wp\/v2\/types\/product"}],"version-history":[{"count":0,"href":"https:\/\/teak2.be\/de\/wp-json\/wp\/v2\/product\/8857\/revisions"}],"wp:featuredmedia":[{"embeddable":true,"href":"https:\/\/teak2.be\/de\/wp-json\/wp\/v2\/media\/5465"}],"wp:attachment":[{"href":"https:\/\/teak2.be\/de\/wp-json\/wp\/v2\/media?parent=8857"}],"wp:term":[{"taxonomy":"product_brand","embeddable":true,"href":"https:\/\/teak2.be\/de\/wp-json\/wp\/v2\/product_brand?post=8857"},{"taxonomy":"product_cat","embeddable":true,"href":"https:\/\/teak2.be\/de\/wp-json\/wp\/v2\/product_cat?post=8857"},{"taxonomy":"product_tag","embeddable":true,"href":"https:\/\/teak2.be\/de\/wp-json\/wp\/v2\/product_tag?post=8857"}],"curies":[{"name":"wp","href":"https:\/\/api.w.org\/{rel}","templated":true}]}}