{"id":8858,"date":"2024-10-18T12:25:25","date_gmt":"2024-10-18T12:25:25","guid":{"rendered":"http:\/\/teak2.local\/?post_type=product&#038;p=8858"},"modified":"2024-10-18T12:25:27","modified_gmt":"2024-10-18T12:25:27","slug":"baru-d120-300l-sw","status":"publish","type":"product","link":"https:\/\/teak2.be\/de\/product\/baru-d120-300l-sw\/","title":{"rendered":"BARU D120-300L SW"},"content":{"rendered":"<p>Wei\u00dfe Designer-Anrichte in Verkehrswei\u00df RAL 9016. Die Baru D120-300L SW ist eine wei\u00dfe Anrichte mit einem eleganten, modernen Look. Diese Designer-Anrichte hat Schiebet\u00fcren und zeichnet sich durch ihre minimalistischen Merkmale und modernen Stilelemente aus. Die Schubladen der Anrichte lassen sich dank der grifflosen Schubladenfronten leicht \u00f6ffnen und schlie\u00dfen. Der Unterschrank steht auf einer flachen Sockelleiste. Dieses M\u00f6belst\u00fcck besteht aus 1 Teil.<\/p>\n<p>De serie Baru wordt ambachtelijk gemaakt in Indonesi\u00eb en is leverbaar in verschillende maten en\/of uitvoeringen. Dit wit dressoir is de gespoten LUXE-uitvoering in de kleur spierwit (RAL 9016). Ondanks de strakke gespoten behandeling behoudt deze wel zijn typerende houtnerf. De luxe-uitvoering heeft een hogere afwerking en is uitgevoerd met ladegeleiders.<\/p>\n<p>Dit\u00a0wit design dressoir heeft een\u00a0exclusieve\u00a0uitstraling en past daardoor mooi in een industri\u00eble of moderne\u00a0inrichting. Naast een modern interieur ook mooi bij een\u00a0huiselijke\u00a0of landelijke stijl. Dit witte dressoir kan o.a. dienen als\u00a0minimalistisch\u00a0white wash\u00a0dressoir in de inkomhal, slaapkamer en zowel\u00a0de eetkamer als woonkamer of living.<\/p>","protected":false},"excerpt":{"rendered":"<table>\n<tbody>\n<tr>\n<td width=\"110\"><\/td>\n<td width=\"300\"><\/td>\n<\/tr>\n<tr>\n<td width=\"110\">Material:<\/td>\n<td width=\"300\">Mindi Holz<\/td>\n<\/tr>\n<tr>\n<td width=\"110\">Farbe:<\/td>\n<td width=\"300\">Verkehrswei\u00df (RAL 9016)<\/td>\n<\/tr>\n<tr>\n<td width=\"110\">Ausf\u00fchrung:<\/td>\n<td width=\"300\">Gespoten &#8211; LUXE<\/td>\n<\/tr>\n<\/tbody>\n<\/table>","protected":false},"featured_media":5475,"template":"","meta":{"_seopress_robots_primary_cat":"133","_seopress_titles_title":"Baru D120-300L SW | wit design dressoir in spierwit RAL 9016","_seopress_titles_desc":"Baru D120-300L SW | wit design dressoir in spierwit RAL 9016. Modern dressoir in strakke, minimalistische uitvoering. Design meubelen - meubelwinkel TEAK2.","_seopress_robots_index":""},"product_brand":[],"product_cat":[64,66],"product_tag":[52,44,45],"class_list":{"0":"post-8858","1":"product","2":"type-product","3":"status-publish","4":"has-post-thumbnail","6":"product_cat-dressoirs","7":"product_cat-wit-dressoir","8":"product_tag-design-meubelen","9":"product_tag-moderne-meubels","10":"product_tag-spierwit-ral-9016","12":"first","13":"onbackorder","14":"taxable","15":"shipping-taxable","16":"purchasable","17":"product-type-variable"},"_links":{"self":[{"href":"https:\/\/teak2.be\/de\/wp-json\/wp\/v2\/product\/8858","targetHints":{"allow":["GET"]}}],"collection":[{"href":"https:\/\/teak2.be\/de\/wp-json\/wp\/v2\/product"}],"about":[{"href":"https:\/\/teak2.be\/de\/wp-json\/wp\/v2\/types\/product"}],"version-history":[{"count":0,"href":"https:\/\/teak2.be\/de\/wp-json\/wp\/v2\/product\/8858\/revisions"}],"wp:featuredmedia":[{"embeddable":true,"href":"https:\/\/teak2.be\/de\/wp-json\/wp\/v2\/media\/5475"}],"wp:attachment":[{"href":"https:\/\/teak2.be\/de\/wp-json\/wp\/v2\/media?parent=8858"}],"wp:term":[{"taxonomy":"product_brand","embeddable":true,"href":"https:\/\/teak2.be\/de\/wp-json\/wp\/v2\/product_brand?post=8858"},{"taxonomy":"product_cat","embeddable":true,"href":"https:\/\/teak2.be\/de\/wp-json\/wp\/v2\/product_cat?post=8858"},{"taxonomy":"product_tag","embeddable":true,"href":"https:\/\/teak2.be\/de\/wp-json\/wp\/v2\/product_tag?post=8858"}],"curies":[{"name":"wp","href":"https:\/\/api.w.org\/{rel}","templated":true}]}}