{"id":9302,"date":"2024-10-18T12:25:51","date_gmt":"2024-10-18T12:25:51","guid":{"rendered":"http:\/\/teak2.local\/?post_type=product&#038;p=9302"},"modified":"2024-10-25T23:20:16","modified_gmt":"2024-10-25T21:20:16","slug":"teak-rusuk-dxxxl-old","status":"publish","type":"product","link":"https:\/\/teak2.be\/de\/product\/teak-rusuk-dxxxl-old\/","title":{"rendered":"Teak Rusuk D100-220L Old"},"content":{"rendered":"<p>Rustikaler Beisteltisch aus altem Teak mit vielen Schubladen. Der Teak Rusuk D100-220L Old ist eine Anrichte aus Teak mit rustikalem Aussehen. Dieser Beisteltisch aus altem Teakholz zeichnet sich durch seine vielen Schubladen mit 2 Regalb\u00f6den und rustikalen Merkmalen aus. Die Schubladen der Anrichte lassen sich mit runden Metallschalengriffen leicht \u00f6ffnen und schlie\u00dfen. Der Unterschrank steht auf einem schlanken Bein. Dieses M\u00f6belst\u00fcck besteht aus einem Teil.<\/p>\n<p>De serie Teak Rusuk wordt ambachtelijk gemaakt in Indonesi\u00eb en is leverbaar in verschillende maten en\/of uitvoeringen. Dit teak dressoir is uitgevoerd in oud teak. Oud teak is zwaarder en dichter van structuur mede doordat het jarenlang verschillende omstandigheden heeft ervaren. Het oude gerecycled teakhout is qua kleur donker van tint, heeft een geleefd, exclusief karakter en een prachtige structuur. TEAK2 maakt enkel gebruik van de beste kwaliteit teak afkomstig uit Java! Degelijke, massieve en zware opbouw.<\/p>\n<p>Deze landelijke houten sidetable\u00a0heeft een\u00a0exclusieve\u00a0uitstraling en past daardoor mooi in een pastoriestijl of\u00a0landelijke\u00a0inrichting. Naast een landelijk interieur ook mooi bij een\u00a0klassieke\u00a0of moderne stijl. Deze houten sidetable kan o.a. dienen als\u00a0landelijke teakhouten wandtafel of bijzettafel in de inkomhal, slaapkamer en zowel\u00a0de eetkamer als woonkamer of living.<\/p>","protected":false},"excerpt":{"rendered":"<table>\n<tbody>\n<tr>\n<td width=\"110\"><\/td>\n<td width=\"300\"><\/td>\n<\/tr>\n<tr>\n<td width=\"110\">Material:<\/td>\n<td width=\"300\">Teakholz<\/td>\n<\/tr>\n<tr>\n<td width=\"110\">Farbe:<\/td>\n<td width=\"300\">Bruin\u00a0(Donker)<\/td>\n<\/tr>\n<tr>\n<td width=\"110\">Ausf\u00fchrung:<\/td>\n<td width=\"300\">Altes Teakholz<\/td>\n<\/tr>\n<\/tbody>\n<\/table>","protected":false},"featured_media":6340,"template":"","meta":{"_seopress_robots_primary_cat":"none","_seopress_titles_title":"Teak Rusuk D100-220L Old | landelijke houten sidetable oud teak","_seopress_titles_desc":"Landelijke houten sidetable in oud teak. Kwaliteit & vakmanschap uit Indonesi\u00eb. Teak sidetables of wandtafels bij TEAK2.","_seopress_robots_index":""},"product_brand":[],"product_cat":[64,67,65],"product_tag":[43,51],"class_list":{"0":"post-9302","1":"product","2":"type-product","3":"status-publish","4":"has-post-thumbnail","6":"product_cat-dressoirs","7":"product_cat-sidetable","8":"product_cat-teak-dressoir","9":"product_tag-landelijke-meubels","10":"product_tag-oud-teak","12":"first","13":"instock","14":"taxable","15":"shipping-taxable","16":"purchasable","17":"product-type-variable"},"_links":{"self":[{"href":"https:\/\/teak2.be\/de\/wp-json\/wp\/v2\/product\/9302","targetHints":{"allow":["GET"]}}],"collection":[{"href":"https:\/\/teak2.be\/de\/wp-json\/wp\/v2\/product"}],"about":[{"href":"https:\/\/teak2.be\/de\/wp-json\/wp\/v2\/types\/product"}],"version-history":[{"count":0,"href":"https:\/\/teak2.be\/de\/wp-json\/wp\/v2\/product\/9302\/revisions"}],"wp:featuredmedia":[{"embeddable":true,"href":"https:\/\/teak2.be\/de\/wp-json\/wp\/v2\/media\/6340"}],"wp:attachment":[{"href":"https:\/\/teak2.be\/de\/wp-json\/wp\/v2\/media?parent=9302"}],"wp:term":[{"taxonomy":"product_brand","embeddable":true,"href":"https:\/\/teak2.be\/de\/wp-json\/wp\/v2\/product_brand?post=9302"},{"taxonomy":"product_cat","embeddable":true,"href":"https:\/\/teak2.be\/de\/wp-json\/wp\/v2\/product_cat?post=9302"},{"taxonomy":"product_tag","embeddable":true,"href":"https:\/\/teak2.be\/de\/wp-json\/wp\/v2\/product_tag?post=9302"}],"curies":[{"name":"wp","href":"https:\/\/api.w.org\/{rel}","templated":true}]}}