{"id":9321,"date":"2024-10-18T12:25:52","date_gmt":"2024-10-18T12:25:52","guid":{"rendered":"http:\/\/teak2.local\/?post_type=product&#038;p=9321"},"modified":"2024-12-21T18:22:33","modified_gmt":"2024-12-21T17:22:33","slug":"teak-tuan-300l-old","status":"publish","type":"product","link":"https:\/\/teak2.be\/de\/product\/teak-tuan-300l-old\/","title":{"rendered":"Teak Tuan 300L Old"},"content":{"rendered":"<p>Grote landelijke buffetkast in oud teak, exclusieve kast met veel opbergruimte. De Teak Tuan 300L Old (KD) is een teak buffetkast met een exclusieve, landelijke uitstraling. Deze landelijke winkelkast is uitgevoerd met schuifdeuren in de boven- en onderkast. De bovenkast is uitgevoerd met een traditionele, authentieke koof. Deze teak buffetkast typeert zich door de grote massieve opbouw met lades en landelijke stijlkenmerken. De lades van de kast kunnen eenvoudig geopend en gesloten worden a.d.h.v. metalen ronde komgrepen. De onderkast staat op een vlakke onderplint. Dit meubel bestaat uit 2 losse delen (boven &#8211; onderkast) en is ook leverbaar in KD-uitvoering <em>(Knock Down<\/em>) mit einem Schrank, der aus neun separaten Teilen besteht! Die solide Konstruktion und die L\u00e4nge machen diesen Schrank sehr schwer. Die KD-Version ist praktischer und erm\u00f6glicht es au\u00dferdem, dass sich jedes Teil separat zusammenziehen und ausdehnen kann.<\/p>\n<p>De serie Teak Tuan wordt ambachtelijk gemaakt in Indonesi\u00eb en is leverbaar in verschillende maten en\/of uitvoeringen. Deze teak kast is uitgevoerd in oud teak. Oud teak is zwaarder en dichter van structuur mede doordat het jarenlang verschillende omstandigheden heeft ervaren. Het oude gerecycled teakhout is qua kleur donker van tint, heeft een geleefd, exclusief karakter en een prachtige structuur. TEAK2 maakt enkel gebruik van de beste kwaliteit teak afkomstig uit Java! Degelijke, massieve en zware opbouw.<\/p>\n<p>Deze\u00a0grote landelijke buffetkast heeft een\u00a0exclusieve uitstraling en past daardoor mooi in een pastoriestijl of\u00a0landelijke\u00a0inrichting. Naast een landelijk interieur ook mooi bij een\u00a0huiselijke\u00a0of moderne stijl. De teak kast kan o.a. dienen als\u00a0grote\u00a0teakhouten buffetkast, keukenkast of\u00a0landelijke winkelkast\u00a0in zowel\u00a0de keuken als woonkamer of living.<\/p>","protected":false},"excerpt":{"rendered":"<table>\n<tbody>\n<tr>\n<td width=\"110\"><\/td>\n<td width=\"300\"><\/td>\n<\/tr>\n<tr>\n<td width=\"110\">Material:<\/td>\n<td width=\"300\">Teakholz<\/td>\n<\/tr>\n<tr>\n<td width=\"110\">Farbe:<\/td>\n<td width=\"300\">Bruin\u00a0(Donker)<\/td>\n<\/tr>\n<tr>\n<td width=\"110\">Ausf\u00fchrung:<\/td>\n<td width=\"300\">Altes Teakholz<\/td>\n<\/tr>\n<\/tbody>\n<\/table>","protected":false},"featured_media":6413,"template":"","meta":{"_seopress_robots_primary_cat":"none","_seopress_titles_title":"Teak Tuan 300L Old (KD) | grote landelijke buffetkast in oud teak","_seopress_titles_desc":"Grote landelijke buffetkast in oud teak met schuifdeuren en lades. Ruime & grote landelijke buffetkasten bij meubelwinkel TEAK2.","_seopress_robots_index":""},"product_brand":[],"product_cat":[39,47],"product_tag":[43,51],"class_list":{"0":"post-9321","1":"product","2":"type-product","3":"status-publish","4":"has-post-thumbnail","6":"product_cat-kasten","7":"product_cat-teak-buffetkast","8":"product_tag-landelijke-meubels","9":"product_tag-oud-teak","11":"first","12":"onbackorder","13":"taxable","14":"shipping-taxable","15":"purchasable","16":"product-type-variable"},"_links":{"self":[{"href":"https:\/\/teak2.be\/de\/wp-json\/wp\/v2\/product\/9321","targetHints":{"allow":["GET"]}}],"collection":[{"href":"https:\/\/teak2.be\/de\/wp-json\/wp\/v2\/product"}],"about":[{"href":"https:\/\/teak2.be\/de\/wp-json\/wp\/v2\/types\/product"}],"version-history":[{"count":0,"href":"https:\/\/teak2.be\/de\/wp-json\/wp\/v2\/product\/9321\/revisions"}],"wp:featuredmedia":[{"embeddable":true,"href":"https:\/\/teak2.be\/de\/wp-json\/wp\/v2\/media\/6413"}],"wp:attachment":[{"href":"https:\/\/teak2.be\/de\/wp-json\/wp\/v2\/media?parent=9321"}],"wp:term":[{"taxonomy":"product_brand","embeddable":true,"href":"https:\/\/teak2.be\/de\/wp-json\/wp\/v2\/product_brand?post=9321"},{"taxonomy":"product_cat","embeddable":true,"href":"https:\/\/teak2.be\/de\/wp-json\/wp\/v2\/product_cat?post=9321"},{"taxonomy":"product_tag","embeddable":true,"href":"https:\/\/teak2.be\/de\/wp-json\/wp\/v2\/product_tag?post=9321"}],"curies":[{"name":"wp","href":"https:\/\/api.w.org\/{rel}","templated":true}]}}