{"id":9354,"date":"2024-10-18T12:25:54","date_gmt":"2024-10-18T12:25:54","guid":{"rendered":"http:\/\/teak2.local\/?post_type=product&#038;p=9354"},"modified":"2024-10-24T22:12:14","modified_gmt":"2024-10-24T20:12:14","slug":"teak-corak-tvxxxs","status":"publish","type":"product","link":"https:\/\/teak2.be\/de\/product\/teak-corak-tvxxxs\/","title":{"rendered":"Teak Corak TV100-240S"},"content":{"rendered":"<p>Modernes Teak-TV-M\u00f6bel mit Schiebet\u00fcren aus massivem, glattem Teakholz. Das Teak Corak TV100-240S ist ein Teak-TV-M\u00f6bel mit minimalistischem, modernem Look. Dieses Tv-M\u00f6bel aus Teakholz ist mit Schiebet\u00fcren ausgestattet und zeichnet sich durch seinen modernen Stil und seine minimalistischen Merkmale aus. Der Unterschrank steht auf einem schlanken Teakholzbein. Dieses M\u00f6belst\u00fcck besteht aus einem Teil.<\/p>\n<p>De serie Teak Corak wordt ambachtelijk gemaakt in Indonesi\u00eb en is leverbaar in verschillende maten en\/of uitvoeringen. Dit teakhouten tv-meubel is uitgevoerd in onbehandeld teak. Onbehandeld teak is bruin (blank) van kleur en wordt egaal glad geschuurd. Het teak kan verschillende kleurtinten hebben afhankelijk van natuurlijke omstandigheden. Dit teakhout is tevens ook gerecycled teak en heeft een zware, dichte structuur. TEAK2 maakt enkel gebruik van de beste kwaliteit teak afkomstig uit Java! Degelijke, massieve en zware opbouw. De gladde structuur geeft het meubel een strakke, moderne uitstraling.<\/p>\n<p>Dit modern Tv-meubel teak met schuifdeuren\u00a0heeft een\u00a0minimalistische\u00a0uitstraling en past daardoor mooi in een industri\u00eble of moderne\u00a0inrichting. Naast een modern interieur ook mooi bij een\u00a0eigentijdse\u00a0of landelijke stijl. Dit Tv-meubel kan o.a. dienen als\u00a0modern\u00a0teakhouten Tv-meubel of design Tv-dressoir in de woonkamer of living.<\/p>","protected":false},"excerpt":{"rendered":"<table>\n<tbody>\n<tr>\n<td width=\"110\"><\/td>\n<td width=\"300\"><\/td>\n<\/tr>\n<tr>\n<td width=\"110\">Material:<\/td>\n<td width=\"300\">Teakholz<\/td>\n<\/tr>\n<tr>\n<td width=\"110\">Farbe:<\/td>\n<td width=\"300\">Braun (Dunkel)<\/td>\n<\/tr>\n<tr>\n<td width=\"110\">Ausf\u00fchrung:<\/td>\n<td width=\"300\">Unbehandeltes Teakholz<\/td>\n<\/tr>\n<\/tbody>\n<\/table>","protected":false},"featured_media":6548,"template":"","meta":{"_seopress_robots_primary_cat":"none","_seopress_titles_title":"Teak Corak TV100-240S | modern Tv-meubel teak + schuifdeuren","_seopress_titles_desc":"Modern Tv-meubel teak met schuifdeuren in massief glad teakhout. Moderne Tv-meubels in teakhout bij meubelwinkel TEAK2.","_seopress_robots_index":""},"product_brand":[],"product_cat":[77,68],"product_tag":[52,44,53],"class_list":{"0":"post-9354","1":"product","2":"type-product","3":"status-publish","4":"has-post-thumbnail","6":"product_cat-teak-tv-meubel","7":"product_cat-tv-meubels","8":"product_tag-design-meubelen","9":"product_tag-moderne-meubels","10":"product_tag-onbehandeld-teak","12":"first","13":"instock","14":"taxable","15":"shipping-taxable","16":"purchasable","17":"product-type-variable"},"_links":{"self":[{"href":"https:\/\/teak2.be\/de\/wp-json\/wp\/v2\/product\/9354","targetHints":{"allow":["GET"]}}],"collection":[{"href":"https:\/\/teak2.be\/de\/wp-json\/wp\/v2\/product"}],"about":[{"href":"https:\/\/teak2.be\/de\/wp-json\/wp\/v2\/types\/product"}],"version-history":[{"count":0,"href":"https:\/\/teak2.be\/de\/wp-json\/wp\/v2\/product\/9354\/revisions"}],"wp:featuredmedia":[{"embeddable":true,"href":"https:\/\/teak2.be\/de\/wp-json\/wp\/v2\/media\/6548"}],"wp:attachment":[{"href":"https:\/\/teak2.be\/de\/wp-json\/wp\/v2\/media?parent=9354"}],"wp:term":[{"taxonomy":"product_brand","embeddable":true,"href":"https:\/\/teak2.be\/de\/wp-json\/wp\/v2\/product_brand?post=9354"},{"taxonomy":"product_cat","embeddable":true,"href":"https:\/\/teak2.be\/de\/wp-json\/wp\/v2\/product_cat?post=9354"},{"taxonomy":"product_tag","embeddable":true,"href":"https:\/\/teak2.be\/de\/wp-json\/wp\/v2\/product_tag?post=9354"}],"curies":[{"name":"wp","href":"https:\/\/api.w.org\/{rel}","templated":true}]}}