{"id":9502,"date":"2024-10-18T12:26:03","date_gmt":"2024-10-18T12:26:03","guid":{"rendered":"http:\/\/teak2.local\/?post_type=product&#038;p=9502"},"modified":"2025-03-19T17:18:16","modified_gmt":"2025-03-19T16:18:16","slug":"teak-asli-tv120xh","status":"publish","type":"product","link":"https:\/\/teak2.be\/de\/product\/teak-asli-tv120xh\/","title":{"rendered":"Teak Asli TV120XH"},"content":{"rendered":"<p>Hoher TV-Schrank aus Teakholz mit Dreht\u00fcren und offenem Regal. Der Teak Asli TV120XH ist ein TV-M\u00f6bel aus Teakholz mit rustikalem Aussehen. Dieses hohe TV-M\u00f6bel hat Dreht\u00fcren und zeichnet sich durch seine rustikalen Merkmale und seine hohe Bauweise aus. Der Unterschrank steht auf einem Sockel mit ausgeschnittenen Beinen. Dieses M\u00f6belst\u00fcck besteht aus einem Teil.<\/p>\n<p>De serie Teak Asli wordt ambachtelijk gemaakt in Indonesi\u00eb en is leverbaar in verschillende maten en\/of uitvoeringen. Dit teak tv meubel is uitgevoerd in onbehandeld teak. Onbehandeld teak is bruin (blank) van kleur en wordt egaal glad geschuurd. Het teak kan verschillende kleurtinten hebben afhankelijk van natuurlijke omstandigheden. Dit teakhout is tevens ook gerecycled teak en heeft een zware, dichte structuur. TEAK2 maakt enkel gebruik van de beste kwaliteit teak afkomstig uit Java! Degelijke, massieve en zware opbouw. De gladde structuur geeft het meubel een strakke, moderne uitstraling.<\/p>\n<p>Deze hoge Tv-kast heeft een\u00a0landelijke\u00a0uitstraling en past daardoor mooi in een pastoriestijl of\u00a0landelijke\u00a0inrichting. Naast een landelijk interieur ook mooi bij een\u00a0huiselijke\u00a0of moderne stijl. De teak Tv-meubel kan o.a. dienen als\u00a0landelijke\u00a0teakhouten Tv-kast of hoog Tv-meubel in de woonkamer of living.<\/p>","protected":false},"excerpt":{"rendered":"<table>\n<tbody>\n<tr>\n<td width=\"110\"><\/td>\n<td width=\"300\"><\/td>\n<\/tr>\n<tr>\n<td width=\"110\">Material:<\/td>\n<td width=\"300\">Teakholz<\/td>\n<\/tr>\n<tr>\n<td width=\"110\">Farbe:<\/td>\n<td width=\"300\">Bruin\u00a0(Donker)<\/td>\n<\/tr>\n<tr>\n<td width=\"110\">Ausf\u00fchrung:<\/td>\n<td width=\"300\">Unbehandeltes Teakholz<\/td>\n<\/tr>\n<\/tbody>\n<\/table>","protected":false},"featured_media":6897,"template":"","meta":{"_seopress_robots_primary_cat":"none","_seopress_titles_title":"Teak Asli TV120XH | hoge Tv-kast in teakhout met draaideuren","_seopress_titles_desc":"Hoge Tv-kast in teakhout met draaideuren en open schap. Landelijk houten Tv-meubel in hoge opbouw bij meubelwinkel TEAK2.","_seopress_robots_index":""},"product_brand":[],"product_cat":[77,68],"product_tag":[43,53],"class_list":{"0":"post-9502","1":"product","2":"type-product","3":"status-publish","4":"has-post-thumbnail","6":"product_cat-teak-tv-meubel","7":"product_cat-tv-meubels","8":"product_tag-landelijke-meubels","9":"product_tag-onbehandeld-teak","11":"first","12":"onbackorder","13":"taxable","14":"shipping-taxable","15":"purchasable","16":"product-type-variable"},"_links":{"self":[{"href":"https:\/\/teak2.be\/de\/wp-json\/wp\/v2\/product\/9502","targetHints":{"allow":["GET"]}}],"collection":[{"href":"https:\/\/teak2.be\/de\/wp-json\/wp\/v2\/product"}],"about":[{"href":"https:\/\/teak2.be\/de\/wp-json\/wp\/v2\/types\/product"}],"version-history":[{"count":0,"href":"https:\/\/teak2.be\/de\/wp-json\/wp\/v2\/product\/9502\/revisions"}],"wp:featuredmedia":[{"embeddable":true,"href":"https:\/\/teak2.be\/de\/wp-json\/wp\/v2\/media\/6897"}],"wp:attachment":[{"href":"https:\/\/teak2.be\/de\/wp-json\/wp\/v2\/media?parent=9502"}],"wp:term":[{"taxonomy":"product_brand","embeddable":true,"href":"https:\/\/teak2.be\/de\/wp-json\/wp\/v2\/product_brand?post=9502"},{"taxonomy":"product_cat","embeddable":true,"href":"https:\/\/teak2.be\/de\/wp-json\/wp\/v2\/product_cat?post=9502"},{"taxonomy":"product_tag","embeddable":true,"href":"https:\/\/teak2.be\/de\/wp-json\/wp\/v2\/product_tag?post=9502"}],"curies":[{"name":"wp","href":"https:\/\/api.w.org\/{rel}","templated":true}]}}