{"id":9551,"date":"2024-10-18T12:26:07","date_gmt":"2024-10-18T12:26:07","guid":{"rendered":"http:\/\/teak2.local\/?post_type=product&#038;p=9551"},"modified":"2024-10-24T16:57:53","modified_gmt":"2024-10-24T14:57:53","slug":"teak-baru-tvxxxh-old","status":"publish","type":"product","link":"https:\/\/teak2.be\/de\/product\/teak-baru-tvxxxh-old\/","title":{"rendered":"Teak Baru TV160-300H Old"},"content":{"rendered":"<p>Modernes Teak-TV-M\u00f6bel mit Schubladen, Designer-TV-M\u00f6bel aus massivem, geb\u00fcrstetem, altem Teakholz. Das Teak Baru TV160-300H Old ist ein Teak-TV-M\u00f6bel mit einem schlanken, modernen Look. Dieses moderne Tv-M\u00f6bel ist mit Schubladen ausgestattet und zeichnet sich durch seine minimalistische Konstruktion und viele Schubladen aus. Die Schubladen des Tv-M\u00f6bels lassen sich mit modernen Griffmulden leicht \u00f6ffnen und schlie\u00dfen. Der Unterschrank steht auf einem schlanken Bein. Dieses M\u00f6belst\u00fcck besteht aus einem Teil.<\/p>\n<p>De serie Teak Baru wordt ambachtelijk gemaakt in Indonesi\u00eb en is leverbaar in verschillende maten en\/of uitvoeringen. Dit teak tv meubel is uitgevoerd in geborsteld oud teak. Geborsteld oud teak is zwaarder en dichter van structuur mede doordat het jarenlang verschillende omstandigheden heeft ervaren. Het oude gerecycled teakhout heeft een geborstelde behandeling ondergaan waardoor het teakhout een exclusieve robuuste uitstraling krijgt. Het hout is donkerbruin van kleur. TEAK2 maakt enkel gebruik van de beste kwaliteit teak afkomstig uit Java! Degelijke, massieve en zware opbouw.<\/p>\n<p>Dit teak Tv meubel heeft een\u00a0moderne uitstraling en past daardoor mooi in een industri\u00eble of moderne\u00a0inrichting. Naast een modern interieur ook mooi bij een\u00a0eigentijdse\u00a0of landelijke stijl. Dit teak Tv-meubel kan o.a. dienen als\u00a0modern\u00a0teakhouten Tv-meubel of teak Tv meubel modern in de woonkamer of living.<\/p>","protected":false},"excerpt":{"rendered":"<table>\n<tbody>\n<tr>\n<td width=\"110\"><\/td>\n<td width=\"300\"><\/td>\n<\/tr>\n<tr>\n<td width=\"110\">Material:<\/td>\n<td width=\"300\">Teakholz<\/td>\n<\/tr>\n<tr>\n<td width=\"110\">Farbe:<\/td>\n<td width=\"300\">Braun (Dunkel)<\/td>\n<\/tr>\n<tr>\n<td width=\"110\">Ausf\u00fchrung:<\/td>\n<td width=\"300\">Altes geb\u00fcrstetes Teak<\/td>\n<\/tr>\n<\/tbody>\n<\/table>","protected":false},"featured_media":6946,"template":"","meta":{"_seopress_robots_primary_cat":"none","_seopress_titles_title":"Teak Baru TV160-300H Old | teak Tv meubel modern met lades","_seopress_titles_desc":"Teak Tv meubel modern met lades in massief geborsteld oud teakhout. Design Tv-dressoir in massief oud hout - meubelwinkel TEAK2.","_seopress_robots_index":""},"product_brand":[],"product_cat":[77,68],"product_tag":[52,50,44],"class_list":{"0":"post-9551","1":"product","2":"type-product","3":"status-publish","4":"has-post-thumbnail","6":"product_cat-teak-tv-meubel","7":"product_cat-tv-meubels","8":"product_tag-design-meubelen","9":"product_tag-geborsteld-oud-teak","10":"product_tag-moderne-meubels","12":"first","13":"onbackorder","14":"taxable","15":"shipping-taxable","16":"purchasable","17":"product-type-variable"},"_links":{"self":[{"href":"https:\/\/teak2.be\/de\/wp-json\/wp\/v2\/product\/9551","targetHints":{"allow":["GET"]}}],"collection":[{"href":"https:\/\/teak2.be\/de\/wp-json\/wp\/v2\/product"}],"about":[{"href":"https:\/\/teak2.be\/de\/wp-json\/wp\/v2\/types\/product"}],"version-history":[{"count":0,"href":"https:\/\/teak2.be\/de\/wp-json\/wp\/v2\/product\/9551\/revisions"}],"wp:featuredmedia":[{"embeddable":true,"href":"https:\/\/teak2.be\/de\/wp-json\/wp\/v2\/media\/6946"}],"wp:attachment":[{"href":"https:\/\/teak2.be\/de\/wp-json\/wp\/v2\/media?parent=9551"}],"wp:term":[{"taxonomy":"product_brand","embeddable":true,"href":"https:\/\/teak2.be\/de\/wp-json\/wp\/v2\/product_brand?post=9551"},{"taxonomy":"product_cat","embeddable":true,"href":"https:\/\/teak2.be\/de\/wp-json\/wp\/v2\/product_cat?post=9551"},{"taxonomy":"product_tag","embeddable":true,"href":"https:\/\/teak2.be\/de\/wp-json\/wp\/v2\/product_tag?post=9551"}],"curies":[{"name":"wp","href":"https:\/\/api.w.org\/{rel}","templated":true}]}}