{"id":9565,"date":"2024-10-18T12:26:07","date_gmt":"2024-10-18T12:26:07","guid":{"rendered":"http:\/\/teak2.local\/?post_type=product&#038;p=9565"},"modified":"2025-08-25T20:40:12","modified_gmt":"2025-08-25T18:40:12","slug":"teak-besar-tv100xh","status":"publish","type":"product","link":"https:\/\/teak2.be\/de\/product\/teak-besar-tv100xh\/","title":{"rendered":"Teak Besar TV100XH"},"content":{"rendered":"<p>Hohe rustikale Teak-TV-M\u00f6bel. Das Teak Besar TV100XH ist ein Teak-TV-M\u00f6bel mit authentischem, rustikalem Aussehen. Dieses rustikale Tv-M\u00f6bel ist mit Fl\u00fcgelt\u00fcren ausgestattet und zeichnet sich durch seine hohe Bauweise und die Kombination aus authentischen Schubladen und rustikalen Stilelementen aus. Die Schubladen des Tv-M\u00f6bels lassen sich mit runden Metallschalengriffen leicht \u00f6ffnen und schlie\u00dfen. Der Unterschrank steht auf einer flachen Sockelleiste. Dieses M\u00f6belst\u00fcck besteht aus einem Teil.<\/p>\n<p>De serie Teak Besar wordt ambachtelijk gemaakt in Indonesi\u00eb en is leverbaar in verschillende maten en\/of uitvoeringen. Dit teak tv meubel is uitgevoerd in onbehandeld teak. Onbehandeld teak is bruin (blank) van kleur en wordt egaal glad geschuurd. Het teak kan verschillende kleurtinten hebben afhankelijk van natuurlijke omstandigheden. Dit teakhout is tevens ook gerecycled teak en heeft een zware, dichte structuur. TEAK2 maakt enkel gebruik van de beste kwaliteit teak afkomstig uit Java! Degelijke, massieve en zware opbouw. De gladde structuur geeft het meubel een strakke, moderne uitstraling.<\/p>\n<p>Dit\u00a0hoog Tv-meubel teak heeft een\u00a0landelijke\u00a0uitstraling en past daardoor mooi in een pastoriestijl of\u00a0landelijke\u00a0inrichting. Naast een landelijk interieur ook mooi bij een\u00a0huiselijke\u00a0of moderne stijl. De teak Tv-meubel kan o.a. dienen als\u00a0hoog teakhouten Tv-meubel of landelijk Tv-dressoir in de woonkamer of living.<\/p>","protected":false},"excerpt":{"rendered":"<table>\n<tbody>\n<tr>\n<td width=\"110\"><\/td>\n<td width=\"300\"><\/td>\n<\/tr>\n<tr>\n<td width=\"110\">Material:<\/td>\n<td width=\"300\">Teakholz<\/td>\n<\/tr>\n<tr>\n<td width=\"110\">Farbe:<\/td>\n<td width=\"300\">Bruin\u00a0(Donker)<\/td>\n<\/tr>\n<tr>\n<td width=\"110\">Ausf\u00fchrung:<\/td>\n<td width=\"300\">Unbehandeltes Teakholz<\/td>\n<\/tr>\n<\/tbody>\n<\/table>","protected":false},"featured_media":6985,"template":"","meta":{"_seopress_robots_primary_cat":"none","_seopress_titles_title":"Teak Besar TV100XH | hoog Tv-meubel teak in landelijke stijl","_seopress_titles_desc":"Hoog Tv-meubel teak in landelijke stijl. Landelijk Tv meubel met hoge opbouw en combinatie authentieke lades en landelijke stijl.","_seopress_robots_index":""},"product_brand":[],"product_cat":[77,68],"product_tag":[43,53],"class_list":{"0":"post-9565","1":"product","2":"type-product","3":"status-publish","4":"has-post-thumbnail","6":"product_cat-teak-tv-meubel","7":"product_cat-tv-meubels","8":"product_tag-landelijke-meubels","9":"product_tag-onbehandeld-teak","11":"first","12":"onbackorder","13":"taxable","14":"shipping-taxable","15":"purchasable","16":"product-type-variable"},"_links":{"self":[{"href":"https:\/\/teak2.be\/de\/wp-json\/wp\/v2\/product\/9565","targetHints":{"allow":["GET"]}}],"collection":[{"href":"https:\/\/teak2.be\/de\/wp-json\/wp\/v2\/product"}],"about":[{"href":"https:\/\/teak2.be\/de\/wp-json\/wp\/v2\/types\/product"}],"version-history":[{"count":1,"href":"https:\/\/teak2.be\/de\/wp-json\/wp\/v2\/product\/9565\/revisions"}],"predecessor-version":[{"id":513145,"href":"https:\/\/teak2.be\/de\/wp-json\/wp\/v2\/product\/9565\/revisions\/513145"}],"wp:featuredmedia":[{"embeddable":true,"href":"https:\/\/teak2.be\/de\/wp-json\/wp\/v2\/media\/6985"}],"wp:attachment":[{"href":"https:\/\/teak2.be\/de\/wp-json\/wp\/v2\/media?parent=9565"}],"wp:term":[{"taxonomy":"product_brand","embeddable":true,"href":"https:\/\/teak2.be\/de\/wp-json\/wp\/v2\/product_brand?post=9565"},{"taxonomy":"product_cat","embeddable":true,"href":"https:\/\/teak2.be\/de\/wp-json\/wp\/v2\/product_cat?post=9565"},{"taxonomy":"product_tag","embeddable":true,"href":"https:\/\/teak2.be\/de\/wp-json\/wp\/v2\/product_tag?post=9565"}],"curies":[{"name":"wp","href":"https:\/\/api.w.org\/{rel}","templated":true}]}}