{"id":9708,"date":"2024-10-18T12:26:16","date_gmt":"2024-10-18T12:26:16","guid":{"rendered":"http:\/\/teak2.local\/?post_type=product&#038;p=9708"},"modified":"2025-10-27T16:30:07","modified_gmt":"2025-10-27T15:30:07","slug":"teak-kedal-dxxxpl-old","status":"publish","type":"product","link":"https:\/\/teak2.be\/de\/product\/teak-kedal-dxxxpl-old\/","title":{"rendered":"Teak Kedal D245-300PL Old"},"content":{"rendered":"<p>Gro\u00dfe rustikale Anrichte aus massivem altem Teakholz mit authentischen Schubladen und Fl\u00fcgelt\u00fcren. Die Teak Kedal D245-300PL Old ist eine Anrichte aus Teakholz im rustikalen Look. Diese Anrichte aus Teakholz ist mit Fl\u00fcgelt\u00fcren ausgestattet und zeichnet sich durch ihren authentischen, rustikalen Stil und ihre ger\u00e4umige Konstruktion mit vielen Schubladen aus. Die Schubladen der Anrichte lassen sich mit runden Metallschalengriffen leicht \u00f6ffnen und schlie\u00dfen. Der Unterschrank steht auf einem Sockel mit geschnitzten Beinen. Dieses M\u00f6belst\u00fcck besteht aus einem Teil.<\/p>\n<p>De serie Teak Kedal wordt ambachtelijk gemaakt in Indonesi\u00eb en is leverbaar in verschillende maten en\/of uitvoeringen. Dit teak dressoir is uitgevoerd in oud teak. Oud teak is zwaarder en dichter van structuur mede doordat het jarenlang verschillende omstandigheden heeft ervaren. Het oude gerecycled teakhout is qua kleur donker van tint, heeft een geleefd, exclusief karakter en een prachtige structuur. TEAK2 maakt enkel gebruik van de beste kwaliteit teak afkomstig uit Java! Degelijke, massieve en zware opbouw.<\/p>\n<p>Dit\u00a0groot landelijk teakhouten dressoir heeft een\u00a0authentieke\u00a0uitstraling en past daardoor mooi in een pastoriestijl of\u00a0landelijke\u00a0inrichting. Naast een landelijk interieur ook mooi bij een\u00a0eigentijdse\u00a0of moderne stijl. Dit teak dressoir kan o.a. dienen als\u00a0landelijke\u00a0teakhouten dressoir in de inkomhal, slaapkamer en zowel\u00a0de eetkamer als woonkamer of living.<\/p>","protected":false},"excerpt":{"rendered":"<table>\n<tbody>\n<tr>\n<td width=\"110\"><\/td>\n<td width=\"300\"><\/td>\n<\/tr>\n<tr>\n<td width=\"110\">Material:<\/td>\n<td width=\"300\">Teakholz<\/td>\n<\/tr>\n<tr>\n<td width=\"110\">Farbe:<\/td>\n<td width=\"300\">Bruin\u00a0(Donker)<\/td>\n<\/tr>\n<tr>\n<td width=\"110\">Ausf\u00fchrung:<\/td>\n<td width=\"300\">Altes Teakholz<\/td>\n<\/tr>\n<\/tbody>\n<\/table>","protected":false},"featured_media":513856,"template":"","meta":{"_seopress_robots_primary_cat":"none","_seopress_titles_title":"Teak Kedal D245-300PL Old | groot landelijk teakhouten dressoir","_seopress_titles_desc":"Groot landelijk teakhouten dressoir in massief oud teak. Dressoir massief teak met veel opbergruimte - meubelwinkel TEAK2.","_seopress_robots_index":""},"product_brand":[],"product_cat":[64,65],"product_tag":[43,51],"class_list":{"0":"post-9708","1":"product","2":"type-product","3":"status-publish","4":"has-post-thumbnail","6":"product_cat-dressoirs","7":"product_cat-teak-dressoir","8":"product_tag-landelijke-meubels","9":"product_tag-oud-teak","11":"first","12":"instock","13":"taxable","14":"shipping-taxable","15":"purchasable","16":"product-type-variable"},"_links":{"self":[{"href":"https:\/\/teak2.be\/de\/wp-json\/wp\/v2\/product\/9708","targetHints":{"allow":["GET"]}}],"collection":[{"href":"https:\/\/teak2.be\/de\/wp-json\/wp\/v2\/product"}],"about":[{"href":"https:\/\/teak2.be\/de\/wp-json\/wp\/v2\/types\/product"}],"version-history":[{"count":1,"href":"https:\/\/teak2.be\/de\/wp-json\/wp\/v2\/product\/9708\/revisions"}],"predecessor-version":[{"id":513869,"href":"https:\/\/teak2.be\/de\/wp-json\/wp\/v2\/product\/9708\/revisions\/513869"}],"wp:featuredmedia":[{"embeddable":true,"href":"https:\/\/teak2.be\/de\/wp-json\/wp\/v2\/media\/513856"}],"wp:attachment":[{"href":"https:\/\/teak2.be\/de\/wp-json\/wp\/v2\/media?parent=9708"}],"wp:term":[{"taxonomy":"product_brand","embeddable":true,"href":"https:\/\/teak2.be\/de\/wp-json\/wp\/v2\/product_brand?post=9708"},{"taxonomy":"product_cat","embeddable":true,"href":"https:\/\/teak2.be\/de\/wp-json\/wp\/v2\/product_cat?post=9708"},{"taxonomy":"product_tag","embeddable":true,"href":"https:\/\/teak2.be\/de\/wp-json\/wp\/v2\/product_tag?post=9708"}],"curies":[{"name":"wp","href":"https:\/\/api.w.org\/{rel}","templated":true}]}}