{"id":9747,"date":"2024-10-18T12:26:19","date_gmt":"2024-10-18T12:26:19","guid":{"rendered":"http:\/\/teak2.local\/?post_type=product&#038;p=9747"},"modified":"2025-10-27T18:49:20","modified_gmt":"2025-10-27T17:49:20","slug":"teak-luar-dxxx","status":"publish","type":"product","link":"https:\/\/teak2.be\/de\/product\/teak-luar-dxxx\/","title":{"rendered":"Teak Luar D100-250"},"content":{"rendered":"<p>Moderne rustikale Anrichte aus Teakholz mit Schiebet\u00fcren aus massivem, unbehandeltem Teakholz. Die Teak-Anrichte Luar D100-250 ist eine Anrichte aus Teakholz im modernen rustikalen Look. Diese Anrichte aus Teakholz ist mit Schiebet\u00fcren ausgestattet und zeichnet sich durch die Kombination moderner Merkmale und rustikaler Stilelemente aus. Die Schubladen der Anrichte lassen sich mit runden Metallschalengriffen leicht \u00f6ffnen und schlie\u00dfen. Der Unterschrank steht auf einem Sockel mit geschnitzten Beinen. Dieses M\u00f6belst\u00fcck besteht aus einem Teil.<\/p>\n<p>De serie Teak Luar wordt ambachtelijk gemaakt in Indonesi\u00eb en is leverbaar in verschillende maten en\/of uitvoeringen. Dit teak dressoir is uitgevoerd in onbehandeld teak. Onbehandeld teak is bruin (blank) van kleur en wordt egaal glad geschuurd. Het teak kan verschillende kleurtinten hebben afhankelijk van natuurlijke omstandigheden. Dit teakhout is tevens ook gerecycled teak en heeft een zware, dichte structuur. TEAK2 maakt enkel gebruik van de beste kwaliteit teak afkomstig uit Java! Degelijke, massieve en zware opbouw. De gladde structuur geeft het meubel een strakke, moderne uitstraling.<\/p>\n<p>Dit landelijk teak dressoir\u00a0met schuifdeuren heeft een\u00a0moderne\u00a0uitstraling en past daardoor mooi in een industri\u00eble of moderne\u00a0inrichting. Naast een modern interieur ook mooi bij een\u00a0eigentijdse\u00a0of landelijke stijl. Dit teak dressoir kan o.a. dienen als\u00a0landelijk\u00a0teakhouten dressoir in de inkomhal, slaapkamer en zowel\u00a0de eetkamer als woonkamer of living.<\/p>","protected":false},"excerpt":{"rendered":"<table>\n<tbody>\n<tr>\n<td width=\"110\"><\/td>\n<td width=\"300\"><\/td>\n<\/tr>\n<tr>\n<td width=\"110\">Material:<\/td>\n<td width=\"300\">Teakholz<\/td>\n<\/tr>\n<tr>\n<td width=\"110\">Farbe:<\/td>\n<td width=\"300\">Bruin\u00a0(Donker)<\/td>\n<\/tr>\n<tr>\n<td width=\"110\">Ausf\u00fchrung:<\/td>\n<td width=\"300\">Unbehandeltes Teakholz<\/td>\n<\/tr>\n<\/tbody>\n<\/table>","protected":false},"featured_media":513945,"template":"","meta":{"_seopress_robots_primary_cat":"none","_seopress_titles_title":"Teak Luar D100-250 | modern-landelijk teak dressoir","_seopress_titles_desc":"Modern-landelijk teak dressoir met schuifdeuren in massief glad onbehandeld teakhout. Teakhouten dressoirs - meubelwinkel TEAK2.","_seopress_robots_index":""},"product_brand":[],"product_cat":[64,65],"product_tag":[43,44,53],"class_list":{"0":"post-9747","1":"product","2":"type-product","3":"status-publish","4":"has-post-thumbnail","6":"product_cat-dressoirs","7":"product_cat-teak-dressoir","8":"product_tag-landelijke-meubels","9":"product_tag-moderne-meubels","10":"product_tag-onbehandeld-teak","12":"first","13":"onbackorder","14":"taxable","15":"shipping-taxable","16":"purchasable","17":"product-type-variable"},"_links":{"self":[{"href":"https:\/\/teak2.be\/de\/wp-json\/wp\/v2\/product\/9747","targetHints":{"allow":["GET"]}}],"collection":[{"href":"https:\/\/teak2.be\/de\/wp-json\/wp\/v2\/product"}],"about":[{"href":"https:\/\/teak2.be\/de\/wp-json\/wp\/v2\/types\/product"}],"version-history":[{"count":2,"href":"https:\/\/teak2.be\/de\/wp-json\/wp\/v2\/product\/9747\/revisions"}],"predecessor-version":[{"id":513949,"href":"https:\/\/teak2.be\/de\/wp-json\/wp\/v2\/product\/9747\/revisions\/513949"}],"wp:featuredmedia":[{"embeddable":true,"href":"https:\/\/teak2.be\/de\/wp-json\/wp\/v2\/media\/513945"}],"wp:attachment":[{"href":"https:\/\/teak2.be\/de\/wp-json\/wp\/v2\/media?parent=9747"}],"wp:term":[{"taxonomy":"product_brand","embeddable":true,"href":"https:\/\/teak2.be\/de\/wp-json\/wp\/v2\/product_brand?post=9747"},{"taxonomy":"product_cat","embeddable":true,"href":"https:\/\/teak2.be\/de\/wp-json\/wp\/v2\/product_cat?post=9747"},{"taxonomy":"product_tag","embeddable":true,"href":"https:\/\/teak2.be\/de\/wp-json\/wp\/v2\/product_tag?post=9747"}],"curies":[{"name":"wp","href":"https:\/\/api.w.org\/{rel}","templated":true}]}}