{"id":9901,"date":"2024-10-18T12:26:31","date_gmt":"2024-10-18T12:26:31","guid":{"rendered":"http:\/\/teak2.local\/?post_type=product&#038;p=9901"},"modified":"2025-03-20T15:47:31","modified_gmt":"2025-03-20T14:47:31","slug":"teak-berbusana-xxx-old","status":"publish","type":"product","link":"https:\/\/teak2.be\/de\/product\/teak-berbusana-xxx-old\/","title":{"rendered":"Teak Berbusana 130-190 Old"},"content":{"rendered":"<p>Ger\u00e4umiger Kleiderschrank aus Teakholz im rustikalen Stil mit praktischem Stauraum. Der Teak Berbusana 130-190 Old ist ein Kleiderschrank oder geschlossener Buffetschrank aus Teakholz mit authentischem, rustikalem Aussehen. Dieser Kleiderschrank aus Holz ist mit Fl\u00fcgelt\u00fcren im Oberschrank ausgestattet. Der Oberschrank ist mit einer traditionellen Hohlkehle ausgestattet. Dieser Kleiderschrank aus Holz zeichnet sich durch seine authentischen Merkmale, seine ger\u00e4umige und tiefe Bauweise mit rustikalen Stilelementen aus. Es gibt 2 m\u00f6gliche Versionen: nur Regale (Bein) oder Kleiderstange und Regale (H\u00e4nge + Bein). Die Regalb\u00f6den sind separat, sodass Sie sie nach Belieben anordnen k\u00f6nnen. Die Schubladen des Schranks lassen sich mit runden Metallschalengriffen leicht \u00f6ffnen und schlie\u00dfen. Der Unterschrank steht auf einem schlanken Bein. Dieses M\u00f6belst\u00fcck ist nur in der KD-Version erh\u00e4ltlich. <em>(Knock Down<\/em>) bei dem der Schrank aus separaten Teilen besteht! Aufgrund seiner soliden Bauweise und L\u00e4nge ist dieser Schrank sehr schwer. Die KD-Version ist praktischer und erm\u00f6glicht au\u00dferdem, dass sich jedes Teil separat zusammenziehen und ausdehnen l\u00e4sst.<\/p>\n<p>De serie Teak Berbusana wordt ambachtelijk gemaakt in Indonesi\u00eb en is leverbaar in verschillende maten en\/of uitvoeringen. Deze teak kast is uitgevoerd in geborsteld oud teak. Geborsteld oud teak is zwaarder en dichter van structuur mede doordat het jarenlang verschillende omstandigheden heeft ervaren. Het oude gerecycled teakhout heeft een geborstelde behandeling ondergaan waardoor het teakhout een exclusieve robuuste uitstraling krijgt. Het hout is donkerbruin van kleur. TEAK2 maakt enkel gebruik van de beste kwaliteit teak afkomstig uit Java! Degelijke, massieve en zware opbouw.<\/p>\n<p>Deze\u00a0ruime teak kleerkast\u00a0heeft een\u00a0landelijke\u00a0uitstraling en past daardoor mooi in een pastoriestijl of\u00a0landelijke\u00a0inrichting. Naast een landelijk interieur ook mooi bij een\u00a0huiselijke\u00a0of moderne stijl. De teak kast kan o.a. dienen als\u00a0landelijke\u00a0teakhouten kleerkast, dichte buffetkast of\u00a0grote wandkast\u00a0in zowel\u00a0de slaapkamer als woonkamer of living.<\/p>","protected":false},"excerpt":{"rendered":"<table>\n<tbody>\n<tr>\n<td width=\"110\"><\/td>\n<td width=\"300\"><\/td>\n<\/tr>\n<tr>\n<td width=\"110\">Material:<\/td>\n<td width=\"300\">Teakholz<\/td>\n<\/tr>\n<tr>\n<td width=\"110\">Farbe:<\/td>\n<td width=\"300\">Bruin\u00a0(Donker)<\/td>\n<\/tr>\n<tr>\n<td width=\"110\">Ausf\u00fchrung:<\/td>\n<td width=\"300\">Altes geb\u00fcrstetes Teak<\/td>\n<\/tr>\n<\/tbody>\n<\/table>","protected":false},"featured_media":7617,"template":"","meta":{"_seopress_robots_primary_cat":"none","_seopress_titles_title":"Teak Berbusana 130-190 Old | ruime teak kleerkast landelijke stijl","_seopress_titles_desc":"Ruime teak kleerkast landelijke stijl en praktische opbergruimte. Ruime kledingkast of garderobekast massief - TEAK2.","_seopress_robots_index":""},"product_brand":[],"product_cat":[39,90,47],"product_tag":[50,42,43],"class_list":{"0":"post-9901","1":"product","2":"type-product","3":"status-publish","4":"has-post-thumbnail","6":"product_cat-kasten","7":"product_cat-kledingkast","8":"product_cat-teak-buffetkast","9":"product_tag-geborsteld-oud-teak","10":"product_tag-klassieke-meubels","11":"product_tag-landelijke-meubels","13":"first","14":"onbackorder","15":"taxable","16":"shipping-taxable","17":"purchasable","18":"product-type-variable"},"_links":{"self":[{"href":"https:\/\/teak2.be\/de\/wp-json\/wp\/v2\/product\/9901","targetHints":{"allow":["GET"]}}],"collection":[{"href":"https:\/\/teak2.be\/de\/wp-json\/wp\/v2\/product"}],"about":[{"href":"https:\/\/teak2.be\/de\/wp-json\/wp\/v2\/types\/product"}],"version-history":[{"count":0,"href":"https:\/\/teak2.be\/de\/wp-json\/wp\/v2\/product\/9901\/revisions"}],"wp:featuredmedia":[{"embeddable":true,"href":"https:\/\/teak2.be\/de\/wp-json\/wp\/v2\/media\/7617"}],"wp:attachment":[{"href":"https:\/\/teak2.be\/de\/wp-json\/wp\/v2\/media?parent=9901"}],"wp:term":[{"taxonomy":"product_brand","embeddable":true,"href":"https:\/\/teak2.be\/de\/wp-json\/wp\/v2\/product_brand?post=9901"},{"taxonomy":"product_cat","embeddable":true,"href":"https:\/\/teak2.be\/de\/wp-json\/wp\/v2\/product_cat?post=9901"},{"taxonomy":"product_tag","embeddable":true,"href":"https:\/\/teak2.be\/de\/wp-json\/wp\/v2\/product_tag?post=9901"}],"curies":[{"name":"wp","href":"https:\/\/api.w.org\/{rel}","templated":true}]}}