{"id":9967,"date":"2024-10-18T12:26:36","date_gmt":"2024-10-18T12:26:36","guid":{"rendered":"http:\/\/teak2.local\/?post_type=product&#038;p=9967"},"modified":"2025-03-19T15:27:29","modified_gmt":"2025-03-19T14:27:29","slug":"teak-lembut-b120m-old","status":"publish","type":"product","link":"https:\/\/teak2.be\/de\/product\/teak-lembut-b120m-old\/","title":{"rendered":"Teak Lembut B120M Old"},"content":{"rendered":"<p>Schreibtisch im Industriedesign mit Teakholzplatte und d\u00fcnnem Metallgestell. Der Teak Lembut B120M Old ist ein Teakholz-Schreibtisch mit modernem Look. Dieser Teakholz-Schreibtisch hat offene Regale und zeichnet sich durch die moderne, stilvolle Kombination von Teakholz und Metall aus. Der Schreibtisch steht auf einem stilvollen, d\u00fcnnen Metallgestell. Dieses M\u00f6belst\u00fcck besteht aus einem Teil.<\/p>\n<p>De serie Teak Lembut wordt ambachtelijk gemaakt in Indonesi\u00eb en is momenteel enkel leverbaar in deze afmeting en\/of uitvoering. Dit teakhouten bureau is uitgevoerd in geborsteld oud teak. Geborsteld oud teak is zwaarder en dichter van structuur mede doordat het jarenlang verschillende omstandigheden heeft ervaren. Het oude gerecycled teakhout heeft een geborstelde behandeling ondergaan waardoor het teakhout een exclusieve robuuste uitstraling krijgt. Het hout is donkerbruin van kleur. TEAK2 maakt enkel gebruik van de beste kwaliteit teak afkomstig uit Java! Degelijke, massieve en zware opbouw.<\/p>\n<p>Dit industrieel design bureau\u00a0heeft een\u00a0moderne\u00a0uitstraling en past daardoor mooi in een industri\u00eble of moderne\u00a0inrichting. Naast een modern interieur ook mooi bij een\u00a0eigentijdse\u00a0of landelijke stijl. Dit teak bureau kan o.a. dienen als\u00a0modern\u00a0teakhouten bureau in een kantoor, inkomhal of zowel\u00a0de eetkamer als woonkamer of living.<\/p>","protected":false},"excerpt":{"rendered":"<table>\n<tbody>\n<tr>\n<td width=\"110\"><\/td>\n<td width=\"300\"><\/td>\n<\/tr>\n<tr>\n<td width=\"110\">Material:<\/td>\n<td width=\"300\">Teakholz + Metall<\/td>\n<\/tr>\n<tr>\n<td width=\"110\">Farbe:<\/td>\n<td width=\"300\">Braun (hell)<\/td>\n<\/tr>\n<tr>\n<td width=\"110\">Ausf\u00fchrung:<\/td>\n<td width=\"300\">Altes geb\u00fcrstetes Teak<\/td>\n<\/tr>\n<\/tbody>\n<\/table>","protected":false},"featured_media":7835,"template":"","meta":{"_seopress_robots_primary_cat":"none","_seopress_titles_title":"Teak Lembut B120M Old | industrieel design bureau teak & metaal","_seopress_titles_desc":"Industrieel design bureau teak & metalen frame. Dun metalen onderstel en teakhout, stijlvol bureau met schappen - TEAK2.","_seopress_robots_index":""},"product_brand":[],"product_cat":[76,54],"product_tag":[52,44,53],"class_list":{"0":"post-9967","1":"product","2":"type-product","3":"status-publish","4":"has-post-thumbnail","6":"product_cat-bureau","7":"product_cat-tafels","8":"product_tag-design-meubelen","9":"product_tag-moderne-meubels","10":"product_tag-onbehandeld-teak","12":"first","13":"onbackorder","14":"taxable","15":"shipping-taxable","16":"purchasable","17":"product-type-variable"},"_links":{"self":[{"href":"https:\/\/teak2.be\/de\/wp-json\/wp\/v2\/product\/9967","targetHints":{"allow":["GET"]}}],"collection":[{"href":"https:\/\/teak2.be\/de\/wp-json\/wp\/v2\/product"}],"about":[{"href":"https:\/\/teak2.be\/de\/wp-json\/wp\/v2\/types\/product"}],"version-history":[{"count":0,"href":"https:\/\/teak2.be\/de\/wp-json\/wp\/v2\/product\/9967\/revisions"}],"wp:featuredmedia":[{"embeddable":true,"href":"https:\/\/teak2.be\/de\/wp-json\/wp\/v2\/media\/7835"}],"wp:attachment":[{"href":"https:\/\/teak2.be\/de\/wp-json\/wp\/v2\/media?parent=9967"}],"wp:term":[{"taxonomy":"product_brand","embeddable":true,"href":"https:\/\/teak2.be\/de\/wp-json\/wp\/v2\/product_brand?post=9967"},{"taxonomy":"product_cat","embeddable":true,"href":"https:\/\/teak2.be\/de\/wp-json\/wp\/v2\/product_cat?post=9967"},{"taxonomy":"product_tag","embeddable":true,"href":"https:\/\/teak2.be\/de\/wp-json\/wp\/v2\/product_tag?post=9967"}],"curies":[{"name":"wp","href":"https:\/\/api.w.org\/{rel}","templated":true}]}}