{"id":9996,"date":"2024-10-18T12:26:38","date_gmt":"2024-10-18T12:26:38","guid":{"rendered":"http:\/\/teak2.local\/?post_type=product&#038;p=9996"},"modified":"2024-10-24T14:34:04","modified_gmt":"2024-10-24T12:34:04","slug":"patung-kerang-170","status":"publish","type":"product","link":"https:\/\/teak2.be\/de\/product\/patung-kerang-170\/","title":{"rendered":"Patung Kerang 170"},"content":{"rendered":"<p>Apart teak beeld met metalen onderstel in schelp-achtige vorm. De Patung Kerang is een teak beeld met een exclusieve uitstraling. Dit exclusief houten beeld is uitgevoerd in een schelp-achtige uitvoering, volledig massief en uitgehold. Deze beelden worden volledig ambachtelijk gemaakt door de ware beeldhouwers \/ kunstenaars in Indonesi\u00eb. Exclusief beeld in massief teakhout uit Indonesi\u00eb, elk stuk is uniek. Het ornament staat op een metalen onderstel. Dit meubel bestaat uit 1 deel.<\/p>\n<p>De serie Patung Kerang wordt ambachtelijk gemaakt in Indonesi\u00eb en is momenteel enkel leverbaar in deze afmeting en\/of uitvoering. <strong>Jedes St\u00fcck dieser Serie ist ein Unikat! <\/strong>Diese Statue ist aus Teakwurzelholz gefertigt. Teakwurzelholz ist schwer und dicht in der Struktur, da es viele Jahre lang unterschiedlichen Bedingungen ausgesetzt war. Die Teakwurzel ist verrottungsbest\u00e4ndig und hat eine einzigartige wilde Struktur und Maserung. Es ist eine einzigartige Struktur, die dem Teakholz ein exklusives, robustes Aussehen verleiht. Ideal f\u00fcr einzigartige Teakholzst\u00fccke, Statuen oder M\u00f6bel. TEAK2 verwendet nur Teakholz der besten Qualit\u00e4t aus Java! Stabile, solide und schwere Konstruktion.<\/p>\n<p>Dit apart teak beeld\u00a0heeft een\u00a0exclusieve\u00a0uitstraling en past daardoor mooi in een industri\u00eble of moderne\u00a0inrichting. Naast een modern interieur ook mooi bij een\u00a0eigentijdse\u00a0of landelijke stijl. Dit houten beeld kan o.a. dienen als\u00a0exclusieve eyecatcher voor een kantoor, inkomhal of zowel\u00a0de eetkamer als woonkamer of living.<\/p>","protected":false},"excerpt":{"rendered":"<table>\n<tbody>\n<tr>\n<td width=\"110\"><\/td>\n<td width=\"300\"><\/td>\n<\/tr>\n<tr>\n<td width=\"110\">Material:<\/td>\n<td width=\"300\">Teakholz<\/td>\n<\/tr>\n<tr>\n<td width=\"110\">Farbe:<\/td>\n<td width=\"300\">Bruin\u00a0(Licht)<\/td>\n<\/tr>\n<tr>\n<td width=\"110\">Ausf\u00fchrung:<\/td>\n<td width=\"300\">Wortelhout &#8211; Teak Roots<\/td>\n<\/tr>\n<tr>\n<td width=\"110\">Gestell:<\/td>\n<td width=\"300\">Metallbein<\/td>\n<\/tr>\n<\/tbody>\n<\/table>","protected":false},"featured_media":7909,"template":"","meta":{"_seopress_robots_primary_cat":"none","_seopress_titles_title":"Patung Kerang 170 | apart teak beeld uitgesneden schelp","_seopress_titles_desc":"Apart teak beeld uitgesneden schelp-uitvoering, volledig massief & uitgehold. Exclusief houten beeld in teak wortelhout - TEAK2.","_seopress_robots_index":""},"product_brand":[],"product_cat":[91,92],"product_tag":[49,43,75],"class_list":{"0":"post-9996","1":"product","2":"type-product","3":"status-publish","4":"has-post-thumbnail","6":"product_cat-overige","7":"product_cat-unieke-beelden","8":"product_tag-indonesische-stijl","9":"product_tag-landelijke-meubels","10":"product_tag-teak-wortelhout","12":"first","13":"instock","14":"taxable","15":"shipping-taxable","16":"purchasable","17":"product-type-variable"},"_links":{"self":[{"href":"https:\/\/teak2.be\/de\/wp-json\/wp\/v2\/product\/9996","targetHints":{"allow":["GET"]}}],"collection":[{"href":"https:\/\/teak2.be\/de\/wp-json\/wp\/v2\/product"}],"about":[{"href":"https:\/\/teak2.be\/de\/wp-json\/wp\/v2\/types\/product"}],"version-history":[{"count":0,"href":"https:\/\/teak2.be\/de\/wp-json\/wp\/v2\/product\/9996\/revisions"}],"wp:featuredmedia":[{"embeddable":true,"href":"https:\/\/teak2.be\/de\/wp-json\/wp\/v2\/media\/7909"}],"wp:attachment":[{"href":"https:\/\/teak2.be\/de\/wp-json\/wp\/v2\/media?parent=9996"}],"wp:term":[{"taxonomy":"product_brand","embeddable":true,"href":"https:\/\/teak2.be\/de\/wp-json\/wp\/v2\/product_brand?post=9996"},{"taxonomy":"product_cat","embeddable":true,"href":"https:\/\/teak2.be\/de\/wp-json\/wp\/v2\/product_cat?post=9996"},{"taxonomy":"product_tag","embeddable":true,"href":"https:\/\/teak2.be\/de\/wp-json\/wp\/v2\/product_tag?post=9996"}],"curies":[{"name":"wp","href":"https:\/\/api.w.org\/{rel}","templated":true}]}}