{"id":10846,"date":"2024-10-18T12:34:56","date_gmt":"2024-10-18T12:34:56","guid":{"rendered":"http:\/\/teak2.local\/?post_type=product&#038;p=10846"},"modified":"2025-03-19T11:14:39","modified_gmt":"2025-03-19T10:14:39","slug":"barstool-suar-kopor","status":"publish","type":"product","link":"https:\/\/teak2.be\/en\/product\/barkruk-suar-kopor\/","title":{"rendered":"Barkruk Suar Kopor"},"content":{"rendered":"<p>Suar wood solid wood bar stool, rustic bar chair. The Suar Kopor bar stool is a suar wood bar stool with a rustic look. This solid wood stool is made of solid suar wood and has a backrest. This wooden bar stool is characterized by its sturdy, solid construction and round natural shape. The base of this wooden stool is a wooden leg. It combines beautifully with the wide range of teak bar tables at TEAK2.<\/p>\n<p>De serie Suar Kopor wordt ambachtelijk gemaakt in Indonesi\u00eb en is leverbaar in verschillende maten en\/of uitvoeringen. <strong>Each piece in this series is unique!<\/strong> Deze houten barkruk is uitgevoerd in suar hout. Suar hout is een prachtig tropisch hout dat vaak voor boomstamtafels toegepast wordt. Elk blad heeft zijn eigen unieke eigenschappen en varieert op vlak van vorm, afmeting en structuur. De pure kleurschakering geeft elke laag een vorm van sterkte en eigen identiteit. Ondanks dat het afkomstig is van de snelgroeiende \u2018Rain Tree\u2019 of \u2018Monkey Pod\u2019 is het een zeer sterke houtsoort. Elk massief blad bestaat uit \u00e9\u00e9n massief stuk. TEAK2 maakt enkel gebruik van de beste kwaliteit Suar hout afkomstig uit Indonesi\u00eb! Degelijke, massieve en zware opbouw.<\/p>\n<p>Deze massief houten barkruk\u00a0suar hout heeft een\u00a0landelijke\u00a0uitstraling en past daardoor mooi in een eigentijdse of landelijke\u00a0inrichting. Naast een landelijk interieur ook mooi bij een\u00a0huiselijke\u00a0of eigentijdse stijl. De houten kruk kan o.a. dienen als\u00a0comfortabele\u00a0suar barkruk of\u00a0hoge barstoel in zowel de keuken als eetkamer of woonkamer.<\/p>","protected":false},"excerpt":{"rendered":"<table>\n<tbody>\n<tr>\n<td width=\"110\"><\/td>\n<td width=\"300\"><\/td>\n<\/tr>\n<tr>\n<td width=\"110\">Material:<\/td>\n<td width=\"300\">Suar Wood<\/td>\n<\/tr>\n<tr>\n<td width=\"110\">Color:<\/td>\n<td width=\"300\">Bruin\u00a0(Licht-Donker)<\/td>\n<\/tr>\n<tr>\n<td width=\"110\">Finishing:<\/td>\n<td width=\"300\">Untreated<\/td>\n<\/tr>\n<tr>\n<td width=\"110\">Base:<\/td>\n<td width=\"300\">Teak leg<\/td>\n<\/tr>\n<\/tbody>\n<\/table>","protected":false},"featured_media":10852,"template":"","meta":{"_seopress_robots_primary_cat":"none","_seopress_titles_title":"Barkruk Suar Kopor | massief houten barkruk suar hout, barstoel","_seopress_titles_desc":"Massief houten barkruk suar hout, landelijke barstoel. Barkruk heeft een rugleuning, ronde natuurlijke vorm - TEAK2.","_seopress_robots_index":""},"product_brand":[],"product_cat":[58,56],"product_tag":[43,44,99],"class_list":{"0":"post-10846","1":"product","2":"type-product","3":"status-publish","4":"has-post-thumbnail","6":"product_cat-barkruk","7":"product_cat-stoelen","8":"product_tag-landelijke-meubels","9":"product_tag-moderne-meubels","10":"product_tag-suar-hout","12":"first","13":"instock","14":"taxable","15":"shipping-taxable","16":"purchasable","17":"product-type-variable"},"_links":{"self":[{"href":"https:\/\/teak2.be\/en\/wp-json\/wp\/v2\/product\/10846","targetHints":{"allow":["GET"]}}],"collection":[{"href":"https:\/\/teak2.be\/en\/wp-json\/wp\/v2\/product"}],"about":[{"href":"https:\/\/teak2.be\/en\/wp-json\/wp\/v2\/types\/product"}],"version-history":[{"count":0,"href":"https:\/\/teak2.be\/en\/wp-json\/wp\/v2\/product\/10846\/revisions"}],"wp:featuredmedia":[{"embeddable":true,"href":"https:\/\/teak2.be\/en\/wp-json\/wp\/v2\/media\/10852"}],"wp:attachment":[{"href":"https:\/\/teak2.be\/en\/wp-json\/wp\/v2\/media?parent=10846"}],"wp:term":[{"taxonomy":"product_brand","embeddable":true,"href":"https:\/\/teak2.be\/en\/wp-json\/wp\/v2\/product_brand?post=10846"},{"taxonomy":"product_cat","embeddable":true,"href":"https:\/\/teak2.be\/en\/wp-json\/wp\/v2\/product_cat?post=10846"},{"taxonomy":"product_tag","embeddable":true,"href":"https:\/\/teak2.be\/en\/wp-json\/wp\/v2\/product_tag?post=10846"}],"curies":[{"name":"wp","href":"https:\/\/api.w.org\/{rel}","templated":true}]}}