{"id":10880,"date":"2024-10-18T12:35:29","date_gmt":"2024-10-18T12:35:29","guid":{"rendered":"http:\/\/teak2.local\/?post_type=product&#038;p=10880"},"modified":"2026-04-05T20:11:34","modified_gmt":"2026-04-05T18:11:34","slug":"suar-besi-bayu-txxxd","status":"publish","type":"product","link":"https:\/\/teak2.be\/en\/product\/suar-besi-bayu-txxxd\/","title":{"rendered":"Suar Besi Bayu T180-300D"},"content":{"rendered":"<p>Massieve design suar boomstamtafel met schuine natuurlijk gevormde rand en metalen poot, massief hout uit Indonesi\u00eb. De Suar Besi Bayu T180-300D is een suar eettafel met een strakke, moderne uitstraling. Deze suar boomstamtafel is uitgevoerd met een dik massief suar blad <b>(8cm)<\/b> en heeft geen kopregel. Elk blad is uniek! Deze design tafel typeert zich door zijn massief suar houten blad met schuine natuurlijk gevormde rand en moderne, industri\u00eble kenmerken met combinatie hout en metaal. Het onderstel van deze design eettafel is een <b>industri\u00eble metalen poot leverbaar in verschillende modellen<\/b>: X-leg, U-leg, T-leg, M-leg, VM-leg, VX-leg &amp; more. This table is <b>also available with a luxurious leg! <\/b><i>(e.g. matrix leg)<\/i> <b>The<\/b> <b>frame is available in various finishes:<\/b> Untreated metal (UM), Coated metal (CM), Black coated (BC) and White coated (WC).<\/p>\n<p>De serie Suar Besi Bayu wordt ambachtelijk gemaakt in Indonesi\u00eb en is leverbaar in verschillende maten en\/of uitvoeringen. Deze suar tafel is uitgevoerd in suar hout. Suar hout is een prachtig tropisch hout dat vaak voor boomstamtafels toegepast wordt. Elk blad heeft zijn eigen unieke eigenschappen en varieert op vlak van vorm, afmeting en structuur. De pure kleurschakering geeft elke laag een vorm van sterkte en eigen identiteit. Ondanks dat het afkomstig is van de snelgroeiende \u2018Rain Tree\u2019 of \u2018Monkey Pod\u2019 is het een zeer sterke houtsoort. Elk massief blad bestaat uit \u00e9\u00e9n massief stuk. TEAK2 maakt enkel gebruik van de beste kwaliteit Suar hout afkomstig uit Indonesi\u00eb! Degelijke, massieve en zware opbouw.<\/p>\n<p>Deze design suar boomstamtafel heeft een\u00a0exclusieve\u00a0uitstraling en past daardoor mooi in een industri\u00eble of moderne\u00a0inrichting. Naast een modern interieur ook mooi bij een\u00a0landelijke\u00a0of minimalistische stijl. De suar tafel kan o.a. dienen als\u00a0design houten boomstamtafel, unieke keukentafel of\u00a0design eettafel in zowel\u00a0de keuken als eetkamer of woonkamer.<\/p>\n<p>&nbsp;<\/p>\n<p><img loading=\"lazy\" decoding=\"async\" class=\"aligncenter wp-image-506142 size-large\" src=\"https:\/\/teak2.be\/wp-content\/uploads\/Tafelpoten-TEAK2-1024x683.webp\" alt=\"Table legs | metal table legs for wooden\/teak design tables &amp; industrial dining tables in sturdy teak. Exclusive tables - TEAK2\" width=\"1024\" height=\"683\" \/><\/p>","protected":false},"excerpt":{"rendered":"<table>\n<tbody>\n<tr>\n<td width=\"110\"><\/td>\n<td width=\"300\"><\/td>\n<\/tr>\n<tr>\n<td width=\"110\">Material:<\/td>\n<td width=\"300\">Suar Wood + Metal<\/td>\n<\/tr>\n<tr>\n<td width=\"110\">Color:<\/td>\n<td width=\"300\">Bruin\u00a0(Licht-Donker)<\/td>\n<\/tr>\n<tr>\n<td width=\"110\">Finishing:<\/td>\n<td width=\"300\">Untreated<\/td>\n<\/tr>\n<tr>\n<td width=\"110\">Base:<\/td>\n<td width=\"300\">Metal leg<\/td>\n<\/tr>\n<\/tbody>\n<\/table>","protected":false},"featured_media":10867,"template":"","meta":{"_seopress_robots_primary_cat":"none","_seopress_titles_title":"Suar Besi Bayu T180-300D | massieve design suar boomstamtafel","_seopress_titles_desc":"Massieve design suar boomstamtafel met schuine natuurlijk gevormde rand en metalen poot. Design tafel - TEAK2.","_seopress_robots_index":""},"product_brand":[],"product_cat":[123,54,55],"product_tag":[52,78,44,99],"class_list":{"0":"post-10880","1":"product","2":"type-product","3":"status-publish","4":"has-post-thumbnail","6":"product_cat-sale","7":"product_cat-tafels","8":"product_cat-teak-eettafel","9":"product_tag-design-meubelen","10":"product_tag-metaal","11":"product_tag-moderne-meubels","12":"product_tag-suar-hout","14":"first","15":"instock","16":"sale","17":"taxable","18":"shipping-taxable","19":"purchasable","20":"product-type-variable"},"_links":{"self":[{"href":"https:\/\/teak2.be\/en\/wp-json\/wp\/v2\/product\/10880","targetHints":{"allow":["GET"]}}],"collection":[{"href":"https:\/\/teak2.be\/en\/wp-json\/wp\/v2\/product"}],"about":[{"href":"https:\/\/teak2.be\/en\/wp-json\/wp\/v2\/types\/product"}],"version-history":[{"count":3,"href":"https:\/\/teak2.be\/en\/wp-json\/wp\/v2\/product\/10880\/revisions"}],"predecessor-version":[{"id":514533,"href":"https:\/\/teak2.be\/en\/wp-json\/wp\/v2\/product\/10880\/revisions\/514533"}],"wp:featuredmedia":[{"embeddable":true,"href":"https:\/\/teak2.be\/en\/wp-json\/wp\/v2\/media\/10867"}],"wp:attachment":[{"href":"https:\/\/teak2.be\/en\/wp-json\/wp\/v2\/media?parent=10880"}],"wp:term":[{"taxonomy":"product_brand","embeddable":true,"href":"https:\/\/teak2.be\/en\/wp-json\/wp\/v2\/product_brand?post=10880"},{"taxonomy":"product_cat","embeddable":true,"href":"https:\/\/teak2.be\/en\/wp-json\/wp\/v2\/product_cat?post=10880"},{"taxonomy":"product_tag","embeddable":true,"href":"https:\/\/teak2.be\/en\/wp-json\/wp\/v2\/product_tag?post=10880"}],"curies":[{"name":"wp","href":"https:\/\/api.w.org\/{rel}","templated":true}]}}