{"id":11132,"date":"2024-10-18T12:38:46","date_gmt":"2024-10-18T12:38:46","guid":{"rendered":"http:\/\/teak2.local\/?post_type=product&#038;p=11132"},"modified":"2024-10-24T14:35:19","modified_gmt":"2024-10-24T12:35:19","slug":"pintu-gerbang-kecil-150","status":"publish","type":"product","link":"https:\/\/teak2.be\/en\/product\/pintu-gerbang-kecil-150\/","title":{"rendered":"Pintu Gerbang Kecil 150"},"content":{"rendered":"<p>Aparte teakhouten poort uit Indonesi\u00eb oud hout. De Pintu Gerbang Kecil 150 is een teak poort met een aparte uitstraling. Deze exclusieve, luxe deur is uitgevoerd in massief oud teakhout uit Indonesi\u00eb en heeft typische Indonesische stijlinvloeden. Deze Indonesische poorten worden volledig ambachtelijk gemaakt door de ware beeldhouwers \/ kunstenaars in Indonesi\u00eb. Aparte teakhouten poort in massief teakhout uit Indonesi\u00eb, elk stuk is uniek. De poort staat op een teakhouten poot en is mooi te verwerken in een exclusief interieur. Een echte erecatcher in huis of voor een bedrijf. Dit meubel bestaat uit 1 deel.<\/p>\n<p>De serie Pintu Gerbang wordt ambachtelijk gemaakt in Indonesi\u00eb en is leverbaar in verschillende afmetingen en\/of uitvoeringen. <b>Each piece in this series is unique!<\/b> This statue is made of old teak. Old teak is heavier and has a denser structure, partly because it has experienced many years of different conditions. The color of the old recycled teak is dark, it has a lived, exclusive character and a beautiful structure. TEAK2 only uses the best quality teak from Java! Sturdy, solid and heavy construction.<\/p>\n<p>Deze aparte teakhouten poort uit Indonesi\u00eb is gemaakt van oud hout en\u00a0heeft een\u00a0luxe\u00a0uitstraling en past daardoor mooi in een industri\u00eble of moderne\u00a0inrichting. Naast een modern interieur ook mooi bij een\u00a0eigentijdse\u00a0of landelijke stijl. Deze oud houten poort kan o.a. dienen als\u00a0exclusieve eyecatcher voor een kantoor, inkomhal of eetkamer als woonkamer of living.<\/p>","protected":false},"excerpt":{"rendered":"<table>\n<tbody>\n<tr>\n<td width=\"110\"><\/td>\n<td width=\"300\"><\/td>\n<\/tr>\n<tr>\n<td width=\"110\">Material:<\/td>\n<td width=\"300\">Teak<\/td>\n<\/tr>\n<tr>\n<td width=\"110\">Color:<\/td>\n<td width=\"300\">Brown (Dark) + Color<\/td>\n<\/tr>\n<tr>\n<td width=\"110\">Finishing:<\/td>\n<td width=\"300\">Old Teak<\/td>\n<\/tr>\n<tr>\n<td width=\"110\">Base:<\/td>\n<td width=\"300\">Teak leg<\/td>\n<\/tr>\n<\/tbody>\n<\/table>","protected":false},"featured_media":11248,"template":"","meta":{"_seopress_robots_primary_cat":"none","_seopress_titles_title":"Pintu Gerbang Kecil 150 | teakhouten poort uit Indonesi\u00eb oud hout","_seopress_titles_desc":"Teakhouten poort uit Indonesi\u00eb oud hout. Exclusieve poorten uit Indonesi\u00eb, aparte meubelen in huis of tuin - TEAK2.","_seopress_robots_index":""},"product_brand":[],"product_cat":[98,91],"product_tag":[52,43,44,51],"class_list":{"0":"post-11132","1":"product","2":"type-product","3":"status-publish","4":"has-post-thumbnail","6":"product_cat-accessoires","7":"product_cat-overige","8":"product_tag-design-meubelen","9":"product_tag-landelijke-meubels","10":"product_tag-moderne-meubels","11":"product_tag-oud-teak","13":"first","14":"instock","15":"taxable","16":"shipping-taxable","17":"purchasable","18":"product-type-variable"},"_links":{"self":[{"href":"https:\/\/teak2.be\/en\/wp-json\/wp\/v2\/product\/11132","targetHints":{"allow":["GET"]}}],"collection":[{"href":"https:\/\/teak2.be\/en\/wp-json\/wp\/v2\/product"}],"about":[{"href":"https:\/\/teak2.be\/en\/wp-json\/wp\/v2\/types\/product"}],"version-history":[{"count":0,"href":"https:\/\/teak2.be\/en\/wp-json\/wp\/v2\/product\/11132\/revisions"}],"wp:featuredmedia":[{"embeddable":true,"href":"https:\/\/teak2.be\/en\/wp-json\/wp\/v2\/media\/11248"}],"wp:attachment":[{"href":"https:\/\/teak2.be\/en\/wp-json\/wp\/v2\/media?parent=11132"}],"wp:term":[{"taxonomy":"product_brand","embeddable":true,"href":"https:\/\/teak2.be\/en\/wp-json\/wp\/v2\/product_brand?post=11132"},{"taxonomy":"product_cat","embeddable":true,"href":"https:\/\/teak2.be\/en\/wp-json\/wp\/v2\/product_cat?post=11132"},{"taxonomy":"product_tag","embeddable":true,"href":"https:\/\/teak2.be\/en\/wp-json\/wp\/v2\/product_tag?post=11132"}],"curies":[{"name":"wp","href":"https:\/\/api.w.org\/{rel}","templated":true}]}}