{"id":10121,"date":"2024-10-18T12:26:46","date_gmt":"2024-10-18T12:26:46","guid":{"rendered":"http:\/\/teak2.local\/?post_type=product&#038;p=10121"},"modified":"2024-10-25T13:32:06","modified_gmt":"2024-10-25T11:32:06","slug":"teak-lugas-dxxxil-old-2","status":"publish","type":"product","link":"https:\/\/teak2.be\/fr\/product\/teak-lugas-dxxxil-old-2\/","title":{"rendered":"Teak Lugas D100-200IL Old 2"},"content":{"rendered":"<p>Console fine en vieux teck avec tablette inf\u00e9rieure et tiroirs. La Teak Lugas D100-200IL Old 2 est une console en teck \u00e0 l'aspect fin et rustique. Cette console en teck est dot\u00e9e d'un plateau en vieux teck (3cm) et d'un linteau. Une console fine \u00e0 l'aspect rustique, avec une tablette inf\u00e9rieure et des tiroirs. La console murale repose sur un pied en teck \u00e9lanc\u00e9 avec une tablette entre les deux. Ce meuble est constitu\u00e9 d'une seule pi\u00e8ce.<\/p>\n<p>De serie Teak Lugas wordt ambachtelijk gemaakt in Indonesi\u00eb en is leverbaar in verschillende maten en\/of uitvoeringen. Dit teak dressoir is uitgevoerd in oud teak. Oud teak is zwaarder en dichter van structuur mede doordat het jarenlang verschillende omstandigheden heeft ervaren. Het oude gerecycled teakhout is qua kleur donker van tint, heeft een geleefd, exclusief karakter en een prachtige structuur. TEAK2 maakt enkel gebruik van de beste kwaliteit teak afkomstig uit Java! Degelijke, massieve en zware opbouw.<\/p>\n<p>Deze slanke sidetable in oud teak\u00a0heeft een\u00a0landelijke\u00a0uitstraling en past daardoor mooi in een eigentijdse of\u00a0landelijke\u00a0inrichting. Naast een landelijk interieur ook mooi bij een\u00a0industri\u00eble\u00a0of moderne stijl. Deze sidetable teak kan o.a. dienen als\u00a0slanke teakhouten wandtafel of bijzettafel in de inkomhal, slaapkamer en zowel\u00a0de eetkamer als woonkamer of living.<\/p>","protected":false},"excerpt":{"rendered":"<table>\n<tbody>\n<tr>\n<td width=\"110\"><\/td>\n<td width=\"300\"><\/td>\n<\/tr>\n<tr>\n<td width=\"110\">Mat\u00e9riel:<\/td>\n<td width=\"300\">Teck<\/td>\n<\/tr>\n<tr>\n<td width=\"110\">Couleur:<\/td>\n<td width=\"300\">Bruin\u00a0(Donker)<\/td>\n<\/tr>\n<tr>\n<td width=\"110\">Finition:<\/td>\n<td width=\"300\">Vieux teck<\/td>\n<\/tr>\n<\/tbody>\n<\/table>","protected":false},"featured_media":8286,"template":"","meta":{"_seopress_robots_primary_cat":"none","_seopress_titles_title":"Teak Lugas D100-200IL Old 2 | slanke sidetable in oud teak","_seopress_titles_desc":"Slanke sidetable in oud teak met onderplank en lades. Teak sidetable met een landelijke uitstraling - meubelwinkel TEAK2.","_seopress_robots_index":""},"product_brand":[],"product_cat":[64,67,65],"product_tag":[43,51],"class_list":{"0":"post-10121","1":"product","2":"type-product","3":"status-publish","4":"has-post-thumbnail","6":"product_cat-dressoirs","7":"product_cat-sidetable","8":"product_cat-teak-dressoir","9":"product_tag-landelijke-meubels","10":"product_tag-oud-teak","12":"first","13":"instock","14":"taxable","15":"shipping-taxable","16":"purchasable","17":"product-type-variable"},"_links":{"self":[{"href":"https:\/\/teak2.be\/fr\/wp-json\/wp\/v2\/product\/10121","targetHints":{"allow":["GET"]}}],"collection":[{"href":"https:\/\/teak2.be\/fr\/wp-json\/wp\/v2\/product"}],"about":[{"href":"https:\/\/teak2.be\/fr\/wp-json\/wp\/v2\/types\/product"}],"version-history":[{"count":0,"href":"https:\/\/teak2.be\/fr\/wp-json\/wp\/v2\/product\/10121\/revisions"}],"wp:featuredmedia":[{"embeddable":true,"href":"https:\/\/teak2.be\/fr\/wp-json\/wp\/v2\/media\/8286"}],"wp:attachment":[{"href":"https:\/\/teak2.be\/fr\/wp-json\/wp\/v2\/media?parent=10121"}],"wp:term":[{"taxonomy":"product_brand","embeddable":true,"href":"https:\/\/teak2.be\/fr\/wp-json\/wp\/v2\/product_brand?post=10121"},{"taxonomy":"product_cat","embeddable":true,"href":"https:\/\/teak2.be\/fr\/wp-json\/wp\/v2\/product_cat?post=10121"},{"taxonomy":"product_tag","embeddable":true,"href":"https:\/\/teak2.be\/fr\/wp-json\/wp\/v2\/product_tag?post=10121"}],"curies":[{"name":"wp","href":"https:\/\/api.w.org\/{rel}","templated":true}]}}