{"id":10137,"date":"2024-10-18T12:26:48","date_gmt":"2024-10-18T12:26:48","guid":{"rendered":"http:\/\/teak2.local\/?post_type=product&#038;p=10137"},"modified":"2024-10-24T22:55:51","modified_gmt":"2024-10-24T20:55:51","slug":"teak-kopor-btxxxm-old","status":"publish","type":"product","link":"https:\/\/teak2.be\/fr\/product\/teak-kopor-btxxxm-old\/","title":{"rendered":"Teak Kopor BT210M Old"},"content":{"rendered":"<p>Table de bar exclusive en teck avec base en m\u00e9tal. La Teak Kopor BT210M Old est une table de bar en teck au look moderne. Cette table de bar est dot\u00e9e d'un plateau \u00e9pais en teck massif. <strong>(~6cm)<\/strong>Cette table de bar design se caract\u00e9rise par son magnifique pi\u00e8tement moderne en acier inoxydable et son plateau en teck massif bross\u00e9 vieilli. L'association d'un plateau en teck et d'un pi\u00e8tement exclusif en acier inoxydable conf\u00e8re \u00e0 la table un look moderne. Le pi\u00e8tement de cette table de bar est un pied en acier inoxydable.<\/p>\n<p>De serie Teak Kopor wordt ambachtelijk gemaakt in Indonesi\u00eb en is leverbaar in verschillende maten en\/of uitvoeringen. <strong>Chaque pi\u00e8ce de cette s\u00e9rie est unique! <\/strong>Cette table de bar est fabriqu\u00e9e en vieux teck bross\u00e9. Le vieux teck bross\u00e9 est plus lourd et poss\u00e8de une structure plus dense, en partie parce qu'il a connu de nombreuses ann\u00e9es de conditions diff\u00e9rentes. Le vieux teck recycl\u00e9 a subi un traitement bross\u00e9, ce qui lui donne un aspect exclusif et robuste. Le bois est de couleur brun fonc\u00e9. TEAK2 utilise uniquement du teck de Java de la meilleure qualit\u00e9! Construction robuste, solide et lourde.<\/p>\n<p>Deze\u00a0exclusieve teak bartafel\u00a0heeft een moderne uitstraling en past daardoor mooi in een industri\u00eble of moderne\u00a0inrichting. Naast een modern interieur ook mooi bij een\u00a0eigentijdse\u00a0of landelijke stijl. De teak tafel kan o.a. dienen als\u00a0industri\u00eble bartafel, hoge bartafel of\u00a0luxe teakhouten bartafel\u00a0in zowel\u00a0de keuken als eetkamer of woonkamer.<\/p>","protected":false},"excerpt":{"rendered":"<table>\n<tbody>\n<tr>\n<td width=\"110\"><\/td>\n<td width=\"300\"><\/td>\n<\/tr>\n<tr>\n<td width=\"110\">Mat\u00e9riel:<\/td>\n<td width=\"300\">Teck + M\u00e9tal<\/td>\n<\/tr>\n<tr>\n<td width=\"110\">Couleur:<\/td>\n<td width=\"200\">Brun (Fonc\u00e9)<\/td>\n<\/tr>\n<tr>\n<td width=\"110\">Finition:<\/td>\n<td width=\"300\">Vieux teck bross\u00e9<\/td>\n<\/tr>\n<tr>\n<td width=\"110\">B\u00e2ti:<\/td>\n<td width=\"300\">Inox poot &#8211; RVS<\/td>\n<\/tr>\n<\/tbody>\n<\/table>","protected":false},"featured_media":8302,"template":"","meta":{"_seopress_robots_primary_cat":"none","_seopress_titles_title":"Teak Kopor BT210M Old | exclusieve teak bartafel + metaal","_seopress_titles_desc":"Exclusieve teak bartafel met metalen onderstel. Teakhouten design bartafel met modern RVS poot (inox onderstel) - TEAK2.","_seopress_robots_index":""},"product_brand":[],"product_cat":[97,54],"product_tag":[52,50,44],"class_list":{"0":"post-10137","1":"product","2":"type-product","3":"status-publish","4":"has-post-thumbnail","6":"product_cat-bartafel","7":"product_cat-tafels","8":"product_tag-design-meubelen","9":"product_tag-geborsteld-oud-teak","10":"product_tag-moderne-meubels","12":"first","13":"instock","14":"taxable","15":"shipping-taxable","16":"purchasable","17":"product-type-variable"},"_links":{"self":[{"href":"https:\/\/teak2.be\/fr\/wp-json\/wp\/v2\/product\/10137","targetHints":{"allow":["GET"]}}],"collection":[{"href":"https:\/\/teak2.be\/fr\/wp-json\/wp\/v2\/product"}],"about":[{"href":"https:\/\/teak2.be\/fr\/wp-json\/wp\/v2\/types\/product"}],"version-history":[{"count":0,"href":"https:\/\/teak2.be\/fr\/wp-json\/wp\/v2\/product\/10137\/revisions"}],"wp:featuredmedia":[{"embeddable":true,"href":"https:\/\/teak2.be\/fr\/wp-json\/wp\/v2\/media\/8302"}],"wp:attachment":[{"href":"https:\/\/teak2.be\/fr\/wp-json\/wp\/v2\/media?parent=10137"}],"wp:term":[{"taxonomy":"product_brand","embeddable":true,"href":"https:\/\/teak2.be\/fr\/wp-json\/wp\/v2\/product_brand?post=10137"},{"taxonomy":"product_cat","embeddable":true,"href":"https:\/\/teak2.be\/fr\/wp-json\/wp\/v2\/product_cat?post=10137"},{"taxonomy":"product_tag","embeddable":true,"href":"https:\/\/teak2.be\/fr\/wp-json\/wp\/v2\/product_tag?post=10137"}],"curies":[{"name":"wp","href":"https:\/\/api.w.org\/{rel}","templated":true}]}}