{"id":10174,"date":"2024-10-18T12:26:50","date_gmt":"2024-10-18T12:26:50","guid":{"rendered":"http:\/\/teak2.local\/?post_type=product&#038;p=10174"},"modified":"2025-03-19T14:56:47","modified_gmt":"2025-03-19T13:56:47","slug":"teak-tangguh-oxxxkv-old","status":"publish","type":"product","link":"https:\/\/teak2.be\/fr\/product\/teak-tangguh-oxxxkv-old\/","title":{"rendered":"Teak Tangguh O220KV Old"},"content":{"rendered":"<p>Table de jardin en bois massif avec pieds robustes en forme de V. La Teak Tangguh O220KV Old est une table de jardin en teck \u00e0 l'aspect rustique. Cette table de jardin en bois robuste est dot\u00e9e d'un plateau en vieux teck bross\u00e9 (4cm) et d'un rail de traverse. Cette table de jardin en bois massif se caract\u00e9rise par sa construction robuste avec des pieds \u00e9pais en forme de V. La base de cette table en teck est un pied \u00e9pais en teck.<\/p>\n<p>De serie Teak Tangguh wordt ambachtelijk gemaakt in Indonesi\u00eb en is leverbaar in verschillende maten en\/of uitvoeringen. Deze teak tafel is uitgevoerd in geborsteld oud teak. Geborsteld oud teak is zwaarder en dichter van structuur mede doordat het jarenlang verschillende omstandigheden heeft ervaren. Het oude gerecycled teakhout heeft een geborstelde behandeling ondergaan waardoor het teakhout een exclusieve robuuste uitstraling krijgt. Het hout is donkerbruin van kleur. TEAK2 maakt enkel gebruik van de beste kwaliteit teak afkomstig uit Java! Degelijke, massieve en zware opbouw.<\/p>\n<p>Deze\u00a0massief houten tuintafel\u00a0met robuuste poten in V-profiel heeft een\u00a0landelijke uitstraling en kan door de massieve opbouw en sterke constructie perfect dienen als buitenmeubel of teakhouten tuinmeubel. Alle teakhouten tuinmeubelen en teak tuinmeubilair van TEAK2 voldoen aan de hoogste kwaliteit. De tuintafel met robuuste poten kan o.a. dienen als\u00a0landelijke\u00a0teakhouten tuintafel of kwalitatieve tuintafel voor binnen of buiten.<\/p>","protected":false},"excerpt":{"rendered":"<table>\n<tbody>\n<tr>\n<td width=\"110\"><\/td>\n<td width=\"300\"><\/td>\n<\/tr>\n<tr>\n<td width=\"110\">Mat\u00e9riel:<\/td>\n<td width=\"300\">Teck<\/td>\n<\/tr>\n<tr>\n<td width=\"110\">Couleur:<\/td>\n<td width=\"300\">Brun (Fonc\u00e9)<\/td>\n<\/tr>\n<tr>\n<td width=\"110\">Finition:<\/td>\n<td width=\"300\">Vieux teck bross\u00e9<\/td>\n<\/tr>\n<\/tbody>\n<\/table>","protected":false},"featured_media":8413,"template":"","meta":{"_seopress_robots_primary_cat":"none","_seopress_titles_title":"Teak Tangguh O220KV Old | houten tuintafel, robuuste V-poten","_seopress_titles_desc":"Houten tuintafel met robuuste poten in V-profiel. Teak tuintafel met een landelijke uitstraling en massief onderstel - TEAK2.","_seopress_robots_index":""},"product_brand":[],"product_cat":[79,71],"product_tag":[50,43],"class_list":{"0":"post-10174","1":"product","2":"type-product","3":"status-publish","4":"has-post-thumbnail","6":"product_cat-teak-tuintafel","7":"product_cat-tuinmeubelen","8":"product_tag-geborsteld-oud-teak","9":"product_tag-landelijke-meubels","11":"first","12":"instock","13":"sale","14":"taxable","15":"shipping-taxable","16":"purchasable","17":"product-type-variable"},"_links":{"self":[{"href":"https:\/\/teak2.be\/fr\/wp-json\/wp\/v2\/product\/10174","targetHints":{"allow":["GET"]}}],"collection":[{"href":"https:\/\/teak2.be\/fr\/wp-json\/wp\/v2\/product"}],"about":[{"href":"https:\/\/teak2.be\/fr\/wp-json\/wp\/v2\/types\/product"}],"version-history":[{"count":0,"href":"https:\/\/teak2.be\/fr\/wp-json\/wp\/v2\/product\/10174\/revisions"}],"wp:featuredmedia":[{"embeddable":true,"href":"https:\/\/teak2.be\/fr\/wp-json\/wp\/v2\/media\/8413"}],"wp:attachment":[{"href":"https:\/\/teak2.be\/fr\/wp-json\/wp\/v2\/media?parent=10174"}],"wp:term":[{"taxonomy":"product_brand","embeddable":true,"href":"https:\/\/teak2.be\/fr\/wp-json\/wp\/v2\/product_brand?post=10174"},{"taxonomy":"product_cat","embeddable":true,"href":"https:\/\/teak2.be\/fr\/wp-json\/wp\/v2\/product_cat?post=10174"},{"taxonomy":"product_tag","embeddable":true,"href":"https:\/\/teak2.be\/fr\/wp-json\/wp\/v2\/product_tag?post=10174"}],"curies":[{"name":"wp","href":"https:\/\/api.w.org\/{rel}","templated":true}]}}