{"id":10175,"date":"2024-10-18T12:26:50","date_gmt":"2024-10-18T12:26:50","guid":{"rendered":"http:\/\/teak2.local\/?post_type=product&#038;p=10175"},"modified":"2025-03-19T14:58:24","modified_gmt":"2025-03-19T13:58:24","slug":"teak-kursi-palang-l-old-arm","status":"publish","type":"product","link":"https:\/\/teak2.be\/fr\/product\/teak-kursi-palang-l-old-arm\/","title":{"rendered":"Teak Kursi Palang L-Old ARM"},"content":{"rendered":"<p>Chaise de salle \u00e0 manger rurale en teck avec accoudoirs en beau vieux teck. La Teak Kursi Palang L-Old ARM est une chaise de salle \u00e0 manger en teck \u00e0 l'aspect rustique. Cette chaise rustique en bois avec accoudoirs est fabriqu\u00e9e en vieux teck et poss\u00e8de une croix dans le dossier. Cette chaise de salle \u00e0 manger en teck se caract\u00e9rise par sa construction solide et robuste et ses accoudoirs. La chaise en bois pr\u00e9sente des caract\u00e9ristiques de style rustique et est souvent utilis\u00e9e dans le secteur de l'h\u00f4tellerie en raison de sa construction solide et confortable. La base de cette chaise rustique en bois avec accoudoirs est un pied en teck. Elle se combine \u00e0 merveille avec la large gamme de tables en teck de TEAK2.<\/p>\n<p>De serie Teak Kursi wordt ambachtelijk gemaakt in Indonesi\u00eb en is leverbaar in verschillende maten en\/of uitvoeringen. Deze teak stoel is uitgevoerd in oud teak. Oud teak is zwaarder en dichter van structuur mede doordat het jarenlang verschillende omstandigheden heeft ervaren. Het oude gerecycled teakhout is qua kleur donker van tint, heeft een geleefd, exclusief karakter en een prachtige structuur. TEAK2 maakt enkel gebruik van de beste kwaliteit teak afkomstig uit Java! Degelijke, massieve en zware opbouw.<\/p>\n<p>Deze teakhouten landelijke eetkamerstoel\u00a0met armleuning heeft een luxe\u00a0uitstraling en past daardoor mooi in een pastoriestijl of\u00a0landelijke\u00a0inrichting. Naast een landelijk interieur ook mooi bij een\u00a0eigentijdse\u00a0of moderne stijl. De teak stoel kan o.a. dienen als\u00a0landelijke eetkamerstoel met armleuning, bureaustoel of degelijke keukenstoel in zowel de keuken als eetkamer of woonkamer.<\/p>","protected":false},"excerpt":{"rendered":"<table>\n<tbody>\n<tr>\n<td width=\"110\"><\/td>\n<td width=\"300\"><\/td>\n<\/tr>\n<tr>\n<td width=\"110\">Mat\u00e9riel:<\/td>\n<td width=\"300\">Teck<\/td>\n<\/tr>\n<tr>\n<td width=\"110\">Couleur:<\/td>\n<td width=\"300\">Bruin\u00a0(Donker)<\/td>\n<\/tr>\n<tr>\n<td width=\"110\">Finition:<\/td>\n<td width=\"300\">Vieux teck<\/td>\n<\/tr>\n<tr>\n<td width=\"110\">B\u00e2ti:<\/td>\n<td width=\"300\">Pied en teck<\/td>\n<\/tr>\n<\/tbody>\n<\/table>","protected":false},"featured_media":8421,"template":"","meta":{"_seopress_robots_primary_cat":"none","_seopress_titles_title":"Teak Kursi Palang L-Old ARM | landelijke eetkamerstoel met arm","_seopress_titles_desc":"Teakhouten landelijke eetkamerstoel met armleuning in prachtig oud teak. Comfortabele en degelijke constructie - TEAK2.","_seopress_robots_index":""},"product_brand":[],"product_cat":[56,57],"product_tag":[43,51],"class_list":{"0":"post-10175","1":"product","2":"type-product","3":"status-publish","4":"has-post-thumbnail","6":"product_cat-stoelen","7":"product_cat-teak-eetkamerstoelen","8":"product_tag-landelijke-meubels","9":"product_tag-oud-teak","11":"first","12":"onbackorder","13":"taxable","14":"shipping-taxable","15":"purchasable","16":"product-type-variable"},"_links":{"self":[{"href":"https:\/\/teak2.be\/fr\/wp-json\/wp\/v2\/product\/10175","targetHints":{"allow":["GET"]}}],"collection":[{"href":"https:\/\/teak2.be\/fr\/wp-json\/wp\/v2\/product"}],"about":[{"href":"https:\/\/teak2.be\/fr\/wp-json\/wp\/v2\/types\/product"}],"version-history":[{"count":0,"href":"https:\/\/teak2.be\/fr\/wp-json\/wp\/v2\/product\/10175\/revisions"}],"wp:featuredmedia":[{"embeddable":true,"href":"https:\/\/teak2.be\/fr\/wp-json\/wp\/v2\/media\/8421"}],"wp:attachment":[{"href":"https:\/\/teak2.be\/fr\/wp-json\/wp\/v2\/media?parent=10175"}],"wp:term":[{"taxonomy":"product_brand","embeddable":true,"href":"https:\/\/teak2.be\/fr\/wp-json\/wp\/v2\/product_brand?post=10175"},{"taxonomy":"product_cat","embeddable":true,"href":"https:\/\/teak2.be\/fr\/wp-json\/wp\/v2\/product_cat?post=10175"},{"taxonomy":"product_tag","embeddable":true,"href":"https:\/\/teak2.be\/fr\/wp-json\/wp\/v2\/product_tag?post=10175"}],"curies":[{"name":"wp","href":"https:\/\/api.w.org\/{rel}","templated":true}]}}