{"id":10233,"date":"2024-10-18T12:26:55","date_gmt":"2024-10-18T12:26:55","guid":{"rendered":"http:\/\/teak2.local\/?post_type=product&#038;p=10233"},"modified":"2025-03-19T14:02:53","modified_gmt":"2025-03-19T13:02:53","slug":"tabouret-de-bar-teak-kursi","status":"publish","type":"product","link":"https:\/\/teak2.be\/fr\/product\/barkruk-teak-kursi\/","title":{"rendered":"Barkruk Teak Kursi"},"content":{"rendered":"<p>Tabouret de bar moderne en bois de teck lisse, chaise de bar confortable. Le tabouret de bar Teak Kursi est un tabouret de bar en teck au look country moderne. Ce tabouret en bois moderne est fabriqu\u00e9 en teck non trait\u00e9. Ce tabouret de bar en bois se caract\u00e9rise par sa construction solide et robuste et son assise confortable. Le tabouret pr\u00e9sente des caract\u00e9ristiques de style rustique et est souvent utilis\u00e9 dans l'industrie h\u00f4teli\u00e8re en raison de sa construction solide et confortable. La base de ce tabouret de bar moderne en bois est un pied en teck. Il se combine \u00e0 merveille avec la large gamme de tables de bar en teck de TEAK2.<\/p>\n<p>De serie Teak Kursi wordt ambachtelijk gemaakt in Indonesi\u00eb en is leverbaar in verschillende maten en\/of uitvoeringen. Deze teakhouten kruk is uitgevoerd in onbehandeld teak. Onbehandeld teak is licht (blank) van kleur en wordt egaal glad geschuurd. Dit teakhout is tevens ook gerecycled teak en heeft een zware, dichte structuur. TEAK2 maakt enkel gebruik van de beste kwaliteit teak afkomstig uit Java! Degelijke, massieve en zware opbouw. De gladde structuur geeft het meubel een strakke, moderne uitstraling.<\/p>\n<p>Deze moderne houten barkruk\u00a0heeft een\u00a0landelijke\u00a0uitstraling en past daardoor mooi in een eigentijdse of moderne\u00a0inrichting. Naast een modern interieur ook mooi bij een\u00a0huiselijke\u00a0of landelijke stijl. De teakhouten kruk kan o.a. dienen als\u00a0comfortabele\u00a0teakhouten barkruk of\u00a0hoge barstoel in zowel de keuken als eetkamer of woonkamer.<\/p>","protected":false},"excerpt":{"rendered":"<table>\n<tbody>\n<tr>\n<td width=\"110\"><\/td>\n<td width=\"300\"><\/td>\n<\/tr>\n<tr>\n<td width=\"110\">Mat\u00e9riel:<\/td>\n<td width=\"300\">Teck<\/td>\n<\/tr>\n<tr>\n<td width=\"110\">Couleur:<\/td>\n<td width=\"300\">Bruin\u00a0(Licht)<\/td>\n<\/tr>\n<tr>\n<td width=\"110\">Finition:<\/td>\n<td width=\"300\">Teck non trait\u00e9<\/td>\n<\/tr>\n<tr>\n<td width=\"110\">B\u00e2ti:<\/td>\n<td width=\"300\">Pied en teck<\/td>\n<\/tr>\n<\/tbody>\n<\/table>","protected":false},"featured_media":8657,"template":"","meta":{"_seopress_robots_primary_cat":"none","_seopress_titles_title":"Barkruk Teak Kursi | moderne houten barkruk in glad teak - TEAK2","_seopress_titles_desc":"Moderne houten barkruk in glad teak, comfortabele barstoel teak. Houten barkruk, massieve, degelijke opbouw & comfortabele zit - TEAK2.","_seopress_robots_index":""},"product_brand":[],"product_cat":[58,56],"product_tag":[43,44,53],"class_list":{"0":"post-10233","1":"product","2":"type-product","3":"status-publish","4":"has-post-thumbnail","6":"product_cat-barkruk","7":"product_cat-stoelen","8":"product_tag-landelijke-meubels","9":"product_tag-moderne-meubels","10":"product_tag-onbehandeld-teak","12":"first","13":"onbackorder","14":"taxable","15":"shipping-taxable","16":"purchasable","17":"product-type-variable"},"_links":{"self":[{"href":"https:\/\/teak2.be\/fr\/wp-json\/wp\/v2\/product\/10233","targetHints":{"allow":["GET"]}}],"collection":[{"href":"https:\/\/teak2.be\/fr\/wp-json\/wp\/v2\/product"}],"about":[{"href":"https:\/\/teak2.be\/fr\/wp-json\/wp\/v2\/types\/product"}],"version-history":[{"count":0,"href":"https:\/\/teak2.be\/fr\/wp-json\/wp\/v2\/product\/10233\/revisions"}],"wp:featuredmedia":[{"embeddable":true,"href":"https:\/\/teak2.be\/fr\/wp-json\/wp\/v2\/media\/8657"}],"wp:attachment":[{"href":"https:\/\/teak2.be\/fr\/wp-json\/wp\/v2\/media?parent=10233"}],"wp:term":[{"taxonomy":"product_brand","embeddable":true,"href":"https:\/\/teak2.be\/fr\/wp-json\/wp\/v2\/product_brand?post=10233"},{"taxonomy":"product_cat","embeddable":true,"href":"https:\/\/teak2.be\/fr\/wp-json\/wp\/v2\/product_cat?post=10233"},{"taxonomy":"product_tag","embeddable":true,"href":"https:\/\/teak2.be\/fr\/wp-json\/wp\/v2\/product_tag?post=10233"}],"curies":[{"name":"wp","href":"https:\/\/api.w.org\/{rel}","templated":true}]}}