{"id":10234,"date":"2024-10-18T12:26:55","date_gmt":"2024-10-18T12:26:55","guid":{"rendered":"http:\/\/teak2.local\/?post_type=product&#038;p=10234"},"modified":"2025-03-19T14:04:30","modified_gmt":"2025-03-19T13:04:30","slug":"tabouret-de-bar-teak-kursi-old","status":"publish","type":"product","link":"https:\/\/teak2.be\/fr\/product\/barkruk-teak-kursi-old\/","title":{"rendered":"Barkruk Teak Kursi Old"},"content":{"rendered":"<p>Tabouret de bar rural en vieux teck bross\u00e9. Le Teak Kursi Old est un tabouret de bar en teck \u00e0 l'aspect rustique. Ce tabouret rustique en bois est fabriqu\u00e9 en vieux teck bross\u00e9. Ce tabouret de bar en teck se caract\u00e9rise par sa construction solide et robuste et son assise confortable. La base de ce tabouret en bois est un pied en teck. Il se combine \u00e0 merveille avec la large gamme de tables de bar en teck de TEAK2.<\/p>\n<p>De serie Teak Kursi wordt ambachtelijk gemaakt in Indonesi\u00eb en is leverbaar in verschillende maten en\/of uitvoeringen. Deze teakhouten kruk is uitgevoerd in geborsteld oud teak. Geborsteld oud teak is zwaarder en dichter van structuur mede doordat het jarenlang verschillende omstandigheden heeft ervaren. Het oude gerecycled teakhout heeft een geborstelde behandeling ondergaan waardoor het teakhout een exclusieve robuuste uitstraling krijgt. Het hout is donkerbruin van kleur. TEAK2 maakt enkel gebruik van de beste kwaliteit teak afkomstig uit Java! Degelijke, massieve en zware opbouw.<\/p>\n<p>Deze\u00a0landelijke teakhouten barkruk\u00a0in geborsteld oud teak heeft een\u00a0warme\u00a0uitstraling en past daardoor mooi in een pastoriestijl of\u00a0landelijke\u00a0inrichting. Naast een landelijk interieur ook mooi bij een\u00a0eigentijdse\u00a0of moderne stijl. De teakhouten kruk kan o.a. dienen als\u00a0landelijke\u00a0teakhouten barkruk of\u00a0hoge barstoel in zowel de keuken als eetkamer of woonkamer.<\/p>","protected":false},"excerpt":{"rendered":"<table>\n<tbody>\n<tr>\n<td width=\"110\"><\/td>\n<td width=\"300\"><\/td>\n<\/tr>\n<tr>\n<td width=\"110\">Mat\u00e9riel:<\/td>\n<td width=\"300\">Teck<\/td>\n<\/tr>\n<tr>\n<td width=\"110\">Couleur:<\/td>\n<td width=\"300\">Bruin\u00a0(Donker)<\/td>\n<\/tr>\n<tr>\n<td width=\"110\">Finition:<\/td>\n<td width=\"300\">Vieux teck bross\u00e9<\/td>\n<\/tr>\n<tr>\n<td width=\"110\">B\u00e2ti:<\/td>\n<td width=\"300\">Pied en teck<\/td>\n<\/tr>\n<\/tbody>\n<\/table>","protected":false},"featured_media":8658,"template":"","meta":{"_seopress_robots_primary_cat":"none","_seopress_titles_title":"Barkruk Teak Kursi Old | landelijke teakhouten barkruk - TEAK2","_seopress_titles_desc":"Landelijke teakhouten barkruk in geborsteld oud teak. Teak barkruk met een landelijke uitstraling en comfortabele zit - TEAK2.","_seopress_robots_index":""},"product_brand":[],"product_cat":[58,56],"product_tag":[50,43],"class_list":{"0":"post-10234","1":"product","2":"type-product","3":"status-publish","4":"has-post-thumbnail","6":"product_cat-barkruk","7":"product_cat-stoelen","8":"product_tag-geborsteld-oud-teak","9":"product_tag-landelijke-meubels","11":"first","12":"onbackorder","13":"taxable","14":"shipping-taxable","15":"purchasable","16":"product-type-variable"},"_links":{"self":[{"href":"https:\/\/teak2.be\/fr\/wp-json\/wp\/v2\/product\/10234","targetHints":{"allow":["GET"]}}],"collection":[{"href":"https:\/\/teak2.be\/fr\/wp-json\/wp\/v2\/product"}],"about":[{"href":"https:\/\/teak2.be\/fr\/wp-json\/wp\/v2\/types\/product"}],"version-history":[{"count":0,"href":"https:\/\/teak2.be\/fr\/wp-json\/wp\/v2\/product\/10234\/revisions"}],"wp:featuredmedia":[{"embeddable":true,"href":"https:\/\/teak2.be\/fr\/wp-json\/wp\/v2\/media\/8658"}],"wp:attachment":[{"href":"https:\/\/teak2.be\/fr\/wp-json\/wp\/v2\/media?parent=10234"}],"wp:term":[{"taxonomy":"product_brand","embeddable":true,"href":"https:\/\/teak2.be\/fr\/wp-json\/wp\/v2\/product_brand?post=10234"},{"taxonomy":"product_cat","embeddable":true,"href":"https:\/\/teak2.be\/fr\/wp-json\/wp\/v2\/product_cat?post=10234"},{"taxonomy":"product_tag","embeddable":true,"href":"https:\/\/teak2.be\/fr\/wp-json\/wp\/v2\/product_tag?post=10234"}],"curies":[{"name":"wp","href":"https:\/\/api.w.org\/{rel}","templated":true}]}}