{"id":10247,"date":"2024-10-18T12:26:55","date_gmt":"2024-10-18T12:26:55","guid":{"rendered":"http:\/\/teak2.local\/?post_type=product&#038;p=10247"},"modified":"2025-03-19T14:31:28","modified_gmt":"2025-03-19T13:31:28","slug":"teak-rumah-makan-bistro","status":"publish","type":"product","link":"https:\/\/teak2.be\/fr\/product\/teak-rumah-makan-bistro\/","title":{"rendered":"Teak Rumah Makan &#8211; Bistro"},"content":{"rendered":"<p>Luxe teak bistro uit Indonesi\u00eb, teak wortelhout als kleine ronde boomstamtafel met 2 krukjes. De Teak Rumah Makan is een teakhouten bistroset met een landelijke uitstraling. Deze bistroset uit teak roots is uitgevoerd met een teakhouten wortel blad. Deze set typeert zich door de aparte, wilde ronde tafel en combinatie van prachtige massieve krukjes. Het onderstel van deze tafel is een teakhouten poot. Dit meubel is een <b>pi\u00e8ce unique<\/b> et peuvent donc diff\u00e9rer l\u00e9g\u00e8rement de ce qui est repr\u00e9sent\u00e9, veuillez vous renseigner pour plus d'informations.<\/p>\n<p>De serie Teak Rumah Makan wordt ambachtelijk gemaakt in Indonesi\u00eb en is leverbaar in verschillende maten en\/of uitvoeringen. Deze teakhouten bistroset is uitgevoerd in teak wortelhout. <b>Chaque pi\u00e8ce de cette s\u00e9rie est unique!<\/b> Le bois de racine de teck est lourd et dense en raison des nombreuses ann\u00e9es qu'il a pass\u00e9 dans des conditions vari\u00e9es. La racine de teck r\u00e9siste \u00e0 la pourriture et pr\u00e9sente une structure et un grain sauvages uniques. Cette structure unique donne au teck un aspect exclusif et robuste. Id\u00e9al pour les pi\u00e8ces, statues ou meubles uniques en teck. TEAK2 utilise uniquement du teck de Java de la meilleure qualit\u00e9! Construction robuste, solide et lourde.<\/p>\n<p>Deze\u00a0teak bistro heeft een landelijke uitstraling en kan door de massieve opbouw en sterke constructie perfect dienen als buitenmeubel of teakhouten tuinmeubel. Alle teakhouten tuinmeubelen en teak tuinmeubilair van TEAK2 voldoen aan de hoogste kwaliteit. De teakhouten tafel met krukjes kan o.a. dienen als\u00a0exclusieve\u00a0teakhouten bistroset of teak bistro voor binnen of buiten.<\/p>","protected":false},"excerpt":{"rendered":"<table>\n<tbody>\n<tr>\n<td width=\"110\"><\/td>\n<td width=\"300\"><\/td>\n<\/tr>\n<tr>\n<td width=\"110\">Mat\u00e9riel:<\/td>\n<td width=\"300\">Teck<\/td>\n<\/tr>\n<tr>\n<td width=\"110\">Couleur:<\/td>\n<td width=\"300\">Bruin\u00a0(Donker)<\/td>\n<\/tr>\n<tr>\n<td width=\"110\">Finition:<\/td>\n<td width=\"300\">Wortelhout &#8211; Teak Roots<\/td>\n<\/tr>\n<\/tbody>\n<\/table>","protected":false},"featured_media":8683,"template":"","meta":{"_seopress_robots_primary_cat":"none","_seopress_titles_title":"Teak Rumah Makan | teak bistro uit Indonesi\u00eb, wortelhout - TEAK2","_seopress_titles_desc":"Luxe teak bistro uit Indonesi\u00eb, wortelhout als boomstamtafel & 2 teakhouten krukjes. Aparte teakhouten bistroset in- & outdoor - TEAK2.","_seopress_robots_index":""},"product_brand":[],"product_cat":[74,79,71],"product_tag":[49,43,75],"class_list":{"0":"post-10247","1":"product","2":"type-product","3":"status-publish","4":"has-post-thumbnail","6":"product_cat-overige-tuinmeubelen","7":"product_cat-teak-tuintafel","8":"product_cat-tuinmeubelen","9":"product_tag-indonesische-stijl","10":"product_tag-landelijke-meubels","11":"product_tag-teak-wortelhout","13":"first","14":"onbackorder","15":"taxable","16":"shipping-taxable","17":"purchasable","18":"product-type-variable"},"_links":{"self":[{"href":"https:\/\/teak2.be\/fr\/wp-json\/wp\/v2\/product\/10247","targetHints":{"allow":["GET"]}}],"collection":[{"href":"https:\/\/teak2.be\/fr\/wp-json\/wp\/v2\/product"}],"about":[{"href":"https:\/\/teak2.be\/fr\/wp-json\/wp\/v2\/types\/product"}],"version-history":[{"count":0,"href":"https:\/\/teak2.be\/fr\/wp-json\/wp\/v2\/product\/10247\/revisions"}],"wp:featuredmedia":[{"embeddable":true,"href":"https:\/\/teak2.be\/fr\/wp-json\/wp\/v2\/media\/8683"}],"wp:attachment":[{"href":"https:\/\/teak2.be\/fr\/wp-json\/wp\/v2\/media?parent=10247"}],"wp:term":[{"taxonomy":"product_brand","embeddable":true,"href":"https:\/\/teak2.be\/fr\/wp-json\/wp\/v2\/product_brand?post=10247"},{"taxonomy":"product_cat","embeddable":true,"href":"https:\/\/teak2.be\/fr\/wp-json\/wp\/v2\/product_cat?post=10247"},{"taxonomy":"product_tag","embeddable":true,"href":"https:\/\/teak2.be\/fr\/wp-json\/wp\/v2\/product_tag?post=10247"}],"curies":[{"name":"wp","href":"https:\/\/api.w.org\/{rel}","templated":true}]}}