{"id":10276,"date":"2024-10-18T12:27:00","date_gmt":"2024-10-18T12:27:00","guid":{"rendered":"http:\/\/teak2.local\/?post_type=product&#038;p=10276"},"modified":"2026-03-19T12:47:16","modified_gmt":"2026-03-19T11:47:16","slug":"bangku-raya-o70d-old","status":"publish","type":"product","link":"https:\/\/teak2.be\/fr\/product\/bangku-raya-o70d-old\/","title":{"rendered":"Bangku Raya O70D Old"},"content":{"rendered":"<p class=\"p1\">Chaise de jardin de luxe en teck, avec une assise tr\u00e8s profonde et une structure solide et profonde. La Bangku Raya O70D Old est une chaise de jardin en teck au look luxueux. Cette chaise de gare en teck est r\u00e9alis\u00e9e en teck vieilli bross\u00e9 et pr\u00e9sente un motif floral sur le dossier. Cette chaise de jardin de luxe en teck se caract\u00e9rise par son assise extra-profonde, ses \u00e9l\u00e9ments de style indon\u00e9sien et sa structure robuste et de qualit\u00e9. Le pi\u00e8tement de cette chaise de gare en teck est constitu\u00e9 d'un pied en teck. Elle se marie \u00e0 merveille avec la large gamme de tables de jardin en teck propos\u00e9e par TEAK2.<\/p>\n<p class=\"p1\">De serie Bangku Raya wordt ambachtelijk gemaakt in Indonesi\u00eb en is leverbaar in verschillende maten en\/of uitvoeringen. Deze teakhouten stoel is uitgevoerd in geborsteld oud teak. Geborsteld oud teak is zwaarder en dichter van structuur mede doordat het jarenlang verschillende omstandigheden heeft ervaren. Het oude gerecycled teakhout heeft een geborstelde behandeling ondergaan waardoor het teakhout een exclusieve robuuste uitstraling krijgt. Het hout is donkerbruin van kleur. TEAK2 maakt enkel gebruik van de beste kwaliteit teak afkomstig uit Java! Degelijke, massieve en zware opbouw.<\/p>\n<p class=\"p1\">Deze\u00a0luxe diepe tuinstoel teak heeft een\u00a0luxe\u00a0uitstraling en kan door de massieve opbouw en sterke constructie perfect dienen als buitenmeubel of teak tuinmeubel. Alle teakhouten tuinmeubelen en teak tuinmeubilair van TEAK2 voldoen aan de hoogste kwaliteit. De teakhouten tuinstoel kan o.a. dienen als\u00a0stevige\u00a0teakhouten tuinstoelen voor binnen of buiten.<\/p>","protected":false},"excerpt":{"rendered":"<table>\n<tbody>\n<tr>\n<td width=\"110\"><\/td>\n<td width=\"300\"><\/td>\n<\/tr>\n<tr>\n<td width=\"110\">Mat\u00e9riel:<\/td>\n<td width=\"300\">Teck<\/td>\n<\/tr>\n<tr>\n<td width=\"110\">Couleur:<\/td>\n<td width=\"300\">Bruin &#8211; Grijs (Donker)<\/td>\n<\/tr>\n<tr>\n<td width=\"110\">Finition:<\/td>\n<td width=\"300\">Vieux teck bross\u00e9<\/td>\n<\/tr>\n<tr>\n<td width=\"110\">B\u00e2ti:<\/td>\n<td width=\"300\">Pied en teck<\/td>\n<\/tr>\n<\/tbody>\n<\/table>","protected":false},"featured_media":8761,"template":"","meta":{"_seopress_robots_primary_cat":"none","_seopress_titles_title":"Bangku Raya O70D Old | luxe diepe tuinstoel teak, stationsstoel","_seopress_titles_desc":"Luxe diepe tuinstoel teak uit Indonesi\u00eb. Luxe teakhouten stationsstoel, extra diepe uitvoering met massieve, kwalitatieve opbouw.","_seopress_robots_index":""},"product_brand":[],"product_cat":[71,72],"product_tag":[50,49,43],"class_list":{"0":"post-10276","1":"product","2":"type-product","3":"status-publish","4":"has-post-thumbnail","6":"product_cat-tuinmeubelen","7":"product_cat-tuinstoelen","8":"product_tag-geborsteld-oud-teak","9":"product_tag-indonesische-stijl","10":"product_tag-landelijke-meubels","12":"first","13":"onbackorder","14":"taxable","15":"shipping-taxable","16":"purchasable","17":"product-type-variable"},"_links":{"self":[{"href":"https:\/\/teak2.be\/fr\/wp-json\/wp\/v2\/product\/10276","targetHints":{"allow":["GET"]}}],"collection":[{"href":"https:\/\/teak2.be\/fr\/wp-json\/wp\/v2\/product"}],"about":[{"href":"https:\/\/teak2.be\/fr\/wp-json\/wp\/v2\/types\/product"}],"version-history":[{"count":2,"href":"https:\/\/teak2.be\/fr\/wp-json\/wp\/v2\/product\/10276\/revisions"}],"predecessor-version":[{"id":514518,"href":"https:\/\/teak2.be\/fr\/wp-json\/wp\/v2\/product\/10276\/revisions\/514518"}],"wp:featuredmedia":[{"embeddable":true,"href":"https:\/\/teak2.be\/fr\/wp-json\/wp\/v2\/media\/8761"}],"wp:attachment":[{"href":"https:\/\/teak2.be\/fr\/wp-json\/wp\/v2\/media?parent=10276"}],"wp:term":[{"taxonomy":"product_brand","embeddable":true,"href":"https:\/\/teak2.be\/fr\/wp-json\/wp\/v2\/product_brand?post=10276"},{"taxonomy":"product_cat","embeddable":true,"href":"https:\/\/teak2.be\/fr\/wp-json\/wp\/v2\/product_cat?post=10276"},{"taxonomy":"product_tag","embeddable":true,"href":"https:\/\/teak2.be\/fr\/wp-json\/wp\/v2\/product_tag?post=10276"}],"curies":[{"name":"wp","href":"https:\/\/api.w.org\/{rel}","templated":true}]}}