{"id":10359,"date":"2024-10-18T12:28:17","date_gmt":"2024-10-18T12:28:17","guid":{"rendered":"http:\/\/teak2.local\/?post_type=product&#038;p=10359"},"modified":"2024-10-23T11:54:22","modified_gmt":"2024-10-23T09:54:22","slug":"bangku-lemak-oxxx-old","status":"publish","type":"product","link":"https:\/\/teak2.be\/fr\/product\/bangku-lemak-oxxx-old\/","title":{"rendered":"Bangku Lemak O160-240 Old"},"content":{"rendered":"<p>Banc de jardin robuste en teck avec dossier en vieux teck bross\u00e9. Le Bangku Lemak O160-240 Old est un banc de jardin en teck \u00e0 l'aspect robuste. Ce banc de jardin en teck robuste est fabriqu\u00e9 en vieux teck bross\u00e9 et se caract\u00e9rise par sa construction solide et robuste avec dossier. La base de ce banc en bois est un pied en teck. Il se combine \u00e0 merveille avec la large gamme de tables de jardin en teck de TEAK2.<\/p>\n<p>De serie Bangku Lemak wordt ambachtelijk gemaakt in Indonesi\u00eb en is leverbaar in verschillende maten en\/of uitvoeringen. Deze teakhouten tuinbank is uitgevoerd in geborsteld oud teak. Geborsteld oud teak is zwaarder en dichter van structuur mede doordat het jarenlang verschillende omstandigheden heeft ervaren. Het oude gerecycled teakhout heeft een geborstelde behandeling ondergaan waardoor het teakhout een exclusieve robuuste uitstraling krijgt. Het hout is donkerbruin van kleur. TEAK2 maakt enkel gebruik van de beste kwaliteit teak afkomstig uit Java! Degelijke, massieve en zware opbouw.<\/p>\n<p>Deze\u00a0robuuste teakhouten tuinbank met rugleuning\u00a0heeft een moderne\u00a0uitstraling en kan door de massieve opbouw en sterke constructie perfect dienen als buitenmeubel of teakhouten tuinmeubel. Alle teakhouten tuinmeubelen en teak tuinmeubilair van TEAK2 voldoen aan de hoogste kwaliteit. De luxe tuinbank kan o.a. dienen als\u00a0landelijke\u00a0teakhouten tuinbank of moderne stationsbank voor binnen of buiten.<\/p>","protected":false},"excerpt":{"rendered":"<table>\n<tbody>\n<tr>\n<td width=\"110\"><\/td>\n<td width=\"300\"><\/td>\n<\/tr>\n<tr>\n<td width=\"110\">Mat\u00e9riel:<\/td>\n<td width=\"300\">Teck<\/td>\n<\/tr>\n<tr>\n<td width=\"110\">Couleur:<\/td>\n<td width=\"300\">Bruin\u00a0(Donker)<\/td>\n<\/tr>\n<tr>\n<td width=\"110\">Finition:<\/td>\n<td width=\"300\">Vieux teck bross\u00e9<\/td>\n<\/tr>\n<\/tbody>\n<\/table>","protected":false},"featured_media":10387,"template":"","meta":{"_seopress_robots_primary_cat":"none","_seopress_titles_title":"Bangku Lemak O160-240 Old | teakhouten tuinbank met rugleuning","_seopress_titles_desc":"Robuuste teakhouten tuinbank met rugleuning in geborsteld oud teak. Degelijke opbouw - meubelwinkel TEAK2.","_seopress_robots_index":""},"product_brand":[],"product_cat":[73,71],"product_tag":[50,43,44],"class_list":{"0":"post-10359","1":"product","2":"type-product","3":"status-publish","4":"has-post-thumbnail","6":"product_cat-teak-tuinbank","7":"product_cat-tuinmeubelen","8":"product_tag-geborsteld-oud-teak","9":"product_tag-landelijke-meubels","10":"product_tag-moderne-meubels","12":"first","13":"onbackorder","14":"taxable","15":"shipping-taxable","16":"purchasable","17":"product-type-variable"},"_links":{"self":[{"href":"https:\/\/teak2.be\/fr\/wp-json\/wp\/v2\/product\/10359","targetHints":{"allow":["GET"]}}],"collection":[{"href":"https:\/\/teak2.be\/fr\/wp-json\/wp\/v2\/product"}],"about":[{"href":"https:\/\/teak2.be\/fr\/wp-json\/wp\/v2\/types\/product"}],"version-history":[{"count":0,"href":"https:\/\/teak2.be\/fr\/wp-json\/wp\/v2\/product\/10359\/revisions"}],"wp:featuredmedia":[{"embeddable":true,"href":"https:\/\/teak2.be\/fr\/wp-json\/wp\/v2\/media\/10387"}],"wp:attachment":[{"href":"https:\/\/teak2.be\/fr\/wp-json\/wp\/v2\/media?parent=10359"}],"wp:term":[{"taxonomy":"product_brand","embeddable":true,"href":"https:\/\/teak2.be\/fr\/wp-json\/wp\/v2\/product_brand?post=10359"},{"taxonomy":"product_cat","embeddable":true,"href":"https:\/\/teak2.be\/fr\/wp-json\/wp\/v2\/product_cat?post=10359"},{"taxonomy":"product_tag","embeddable":true,"href":"https:\/\/teak2.be\/fr\/wp-json\/wp\/v2\/product_tag?post=10359"}],"curies":[{"name":"wp","href":"https:\/\/api.w.org\/{rel}","templated":true}]}}