{"id":10464,"date":"2024-10-18T12:29:08","date_gmt":"2024-10-18T12:29:08","guid":{"rendered":"http:\/\/teak2.local\/?post_type=product&#038;p=10464"},"modified":"2025-03-19T12:40:33","modified_gmt":"2025-03-19T11:40:33","slug":"cuci-warna-lirih-90l-old-2","status":"publish","type":"product","link":"https:\/\/teak2.be\/fr\/product\/cuci-warna-lirih-90l-old-2\/","title":{"rendered":"Cuci Warna Lirih 90L Old 2"},"content":{"rendered":"<p>Exclusief oud houten kastje met verfrest uit Indonesi\u00eb. De Cuci Warna Lirih 90L Old 2 is een teak wandkast met een Oosterse uitstraling. Dit apart teakhouten kastje is uitgevoerd met draaideuren en lades. De bovenkant is uitgevoerd met een traditionele koof. Deze kleine wandkast typeert zich door het oude teakhout met verfrest en typische Indonesische stijl. De lades van de kast kunnen eenvoudig geopend en gesloten worden a.d.h.v. metalen ronde grepen. De onderkast staat op een onderstel met uitgesneden poten. Dit meubel bestaat uit 1 deel.<\/p>\n<p>De serie Cuci Warna wordt ambachtelijk gemaakt in Indonesi\u00eb en is momenteel enkel leverbaar in deze afmeting en\/of uitvoering. <b>Chaque armoire de la s\u00e9rie Cuci est unique!<\/b> Ce meuble en teck est fabriqu\u00e9 \u00e0 partir de vieux teck. Le vieux teck est plus lourd et poss\u00e8de une structure plus dense, en partie parce qu'il a connu de nombreuses ann\u00e9es de conditions diff\u00e9rentes. La couleur du vieux teck recycl\u00e9 est sombre, il a un caract\u00e8re vivant et exclusif et une belle structure. TEAK2 utilise uniquement du teck de Java de la meilleure qualit\u00e9! Construction robuste, solide et lourde.<\/p>\n<p>Dit exclusief oud houten kastje met verfrest heeft een\u00a0landelijke\u00a0uitstraling en past daardoor mooi in een oosterse of\u00a0landelijke\u00a0inrichting. Naast een landelijk interieur ook mooi bij een\u00a0eigentijdse\u00a0of moderne stijl. De teak kast kan o.a. dienen als\u00a0exclusief oud houten kastje met verfrest, keukenkast of kleine teak buffetkast met kleuren\u00a0in zowel\u00a0de keuken als woonkamer of living.<\/p>","protected":false},"excerpt":{"rendered":"<table>\n<tbody>\n<tr>\n<td width=\"110\"><\/td>\n<td width=\"300\"><\/td>\n<\/tr>\n<tr>\n<td width=\"110\">Mat\u00e9riel:<\/td>\n<td width=\"300\">Teck<\/td>\n<\/tr>\n<tr>\n<td width=\"110\">Couleur:<\/td>\n<td width=\"300\">Bruin\u00a0(Donker) + Kleur<\/td>\n<\/tr>\n<tr>\n<td width=\"110\">Finition:<\/td>\n<td width=\"300\">Vieux teck<\/td>\n<\/tr>\n<\/tbody>\n<\/table>","protected":false},"featured_media":10567,"template":"","meta":{"_seopress_robots_primary_cat":"none","_seopress_titles_title":"Cuci Warna Lirih 90L Old 2 | exclusief oud houten kastje","_seopress_titles_desc":"Exclusief oud houten kastje met verfrest uit Indonesi\u00eb. Teak wandkast met Oosterse uitstraling en kleur - TEAK2.","_seopress_robots_index":""},"product_brand":[],"product_cat":[39,47],"product_tag":[49,43,51],"class_list":{"0":"post-10464","1":"product","2":"type-product","3":"status-publish","4":"has-post-thumbnail","6":"product_cat-kasten","7":"product_cat-teak-buffetkast","8":"product_tag-indonesische-stijl","9":"product_tag-landelijke-meubels","10":"product_tag-oud-teak","12":"first","13":"onbackorder","14":"taxable","15":"shipping-taxable","16":"purchasable","17":"product-type-variable"},"_links":{"self":[{"href":"https:\/\/teak2.be\/fr\/wp-json\/wp\/v2\/product\/10464","targetHints":{"allow":["GET"]}}],"collection":[{"href":"https:\/\/teak2.be\/fr\/wp-json\/wp\/v2\/product"}],"about":[{"href":"https:\/\/teak2.be\/fr\/wp-json\/wp\/v2\/types\/product"}],"version-history":[{"count":0,"href":"https:\/\/teak2.be\/fr\/wp-json\/wp\/v2\/product\/10464\/revisions"}],"wp:featuredmedia":[{"embeddable":true,"href":"https:\/\/teak2.be\/fr\/wp-json\/wp\/v2\/media\/10567"}],"wp:attachment":[{"href":"https:\/\/teak2.be\/fr\/wp-json\/wp\/v2\/media?parent=10464"}],"wp:term":[{"taxonomy":"product_brand","embeddable":true,"href":"https:\/\/teak2.be\/fr\/wp-json\/wp\/v2\/product_brand?post=10464"},{"taxonomy":"product_cat","embeddable":true,"href":"https:\/\/teak2.be\/fr\/wp-json\/wp\/v2\/product_cat?post=10464"},{"taxonomy":"product_tag","embeddable":true,"href":"https:\/\/teak2.be\/fr\/wp-json\/wp\/v2\/product_tag?post=10464"}],"curies":[{"name":"wp","href":"https:\/\/api.w.org\/{rel}","templated":true}]}}