{"id":10470,"date":"2024-10-18T12:29:09","date_gmt":"2024-10-18T12:29:09","guid":{"rendered":"http:\/\/teak2.local\/?post_type=product&#038;p=10470"},"modified":"2025-10-27T15:51:59","modified_gmt":"2025-10-27T14:51:59","slug":"teak-dungu-buku-xxx","status":"publish","type":"product","link":"https:\/\/teak2.be\/fr\/product\/teak-dungu-buku-xxx\/","title":{"rendered":"Teak Dungu Buku 180"},"content":{"rendered":"<p>Biblioth\u00e8que design en teck de style minimaliste, construction en teck massif. La Teak Dungu Buku 180 est une biblioth\u00e8que en teck au look \u00e9pur\u00e9 et moderne. Cette biblioth\u00e8que en teck est dot\u00e9e d'\u00e9tag\u00e8res ouvertes. L'armoire sup\u00e9rieure est dot\u00e9e d'une moulure moderne. Cette biblioth\u00e8que design en teck se caract\u00e9rise par ses caract\u00e9ristiques minimalistes et ses \u00e9l\u00e9ments de style moderne. Les \u00e9tag\u00e8res de l'armoire peuvent facilement \u00eatre ajust\u00e9es en hauteur gr\u00e2ce \u00e0 la construction murale ouverte et r\u00e9glable. L'armoire de base repose sur un pied \u00e9l\u00e9gant. Ce meuble se compose de 7 parties distinctes (\u00e9tag\u00e8res + panneaux lat\u00e9raux).<\/p>\n<p>De serie Teak Dungu Buku wordt ambachtelijk gemaakt in Indonesi\u00eb en is momenteel enkel leverbaard in deze afmeting en\/of uitvoering. Deze teak kast is uitgevoerd in onbehandeld teak. Onbehandeld teak is bruin (blank) van kleur en wordt egaal glad geschuurd. Het teak kan verschillende kleurtinten hebben afhankelijk van natuurlijke omstandigheden. Dit teakhout is tevens ook gerecycled teak en heeft een zware, dichte structuur. TEAK2 maakt enkel gebruik van de beste kwaliteit teak afkomstig uit Java! Degelijke, massieve en zware opbouw. De gladde structuur geeft het meubel een strakke, moderne uitstraling.<\/p>\n<p>Deze\u00a0teak design boekenkast\u00a0heeft een\u00a0moderne\u00a0uitstraling en past daardoor mooi in een industri\u00eble of moderne\u00a0inrichting. Naast een modern interieur ook mooi bij een\u00a0eigentijdse\u00a0of landelijke stijl. De teak kast kan o.a. dienen als\u00a0moderne\u00a0teakhouten boekenkast,<span class=\"Apple-converted-space\">\u00a0 <\/span>open opbergkast of design boekenkast\u00a0in zowel\u00a0de keuken als woonkamer of living.<\/p>","protected":false},"excerpt":{"rendered":"<table>\n<tbody>\n<tr>\n<td width=\"110\"><\/td>\n<td width=\"300\"><\/td>\n<\/tr>\n<tr>\n<td width=\"110\">Mat\u00e9riel:<\/td>\n<td width=\"300\">Teck<\/td>\n<\/tr>\n<tr>\n<td width=\"110\">Couleur:<\/td>\n<td width=\"300\">Brun (Fonc\u00e9)<\/td>\n<\/tr>\n<tr>\n<td width=\"110\">Finition:<\/td>\n<td width=\"300\">Teck non trait\u00e9<\/td>\n<\/tr>\n<\/tbody>\n<\/table>","protected":false},"featured_media":513842,"template":"","meta":{"_seopress_robots_primary_cat":"none","_seopress_titles_title":"Teak Dungu Buku 180 | teak design boekenkast minimalistisch","_seopress_titles_desc":"Teak design boekenkast in minimalistische stijl, massief teakhouten opbouw. Open opbergkast \/ design boekenkast.","_seopress_robots_index":""},"product_brand":[],"product_cat":[39,47],"product_tag":[52,44,53],"class_list":{"0":"post-10470","1":"product","2":"type-product","3":"status-publish","4":"has-post-thumbnail","6":"product_cat-kasten","7":"product_cat-teak-buffetkast","8":"product_tag-design-meubelen","9":"product_tag-moderne-meubels","10":"product_tag-onbehandeld-teak","12":"first","13":"onbackorder","14":"taxable","15":"shipping-taxable","16":"purchasable","17":"product-type-variable"},"_links":{"self":[{"href":"https:\/\/teak2.be\/fr\/wp-json\/wp\/v2\/product\/10470","targetHints":{"allow":["GET"]}}],"collection":[{"href":"https:\/\/teak2.be\/fr\/wp-json\/wp\/v2\/product"}],"about":[{"href":"https:\/\/teak2.be\/fr\/wp-json\/wp\/v2\/types\/product"}],"version-history":[{"count":2,"href":"https:\/\/teak2.be\/fr\/wp-json\/wp\/v2\/product\/10470\/revisions"}],"predecessor-version":[{"id":513852,"href":"https:\/\/teak2.be\/fr\/wp-json\/wp\/v2\/product\/10470\/revisions\/513852"}],"wp:featuredmedia":[{"embeddable":true,"href":"https:\/\/teak2.be\/fr\/wp-json\/wp\/v2\/media\/513842"}],"wp:attachment":[{"href":"https:\/\/teak2.be\/fr\/wp-json\/wp\/v2\/media?parent=10470"}],"wp:term":[{"taxonomy":"product_brand","embeddable":true,"href":"https:\/\/teak2.be\/fr\/wp-json\/wp\/v2\/product_brand?post=10470"},{"taxonomy":"product_cat","embeddable":true,"href":"https:\/\/teak2.be\/fr\/wp-json\/wp\/v2\/product_cat?post=10470"},{"taxonomy":"product_tag","embeddable":true,"href":"https:\/\/teak2.be\/fr\/wp-json\/wp\/v2\/product_tag?post=10470"}],"curies":[{"name":"wp","href":"https:\/\/api.w.org\/{rel}","templated":true}]}}