{"id":10506,"date":"2024-10-18T12:29:37","date_gmt":"2024-10-18T12:29:37","guid":{"rendered":"http:\/\/teak2.local\/?post_type=product&#038;p=10506"},"modified":"2025-10-26T16:36:12","modified_gmt":"2025-10-26T15:36:12","slug":"teak-tangguh-oxxxktl-old","status":"publish","type":"product","link":"https:\/\/teak2.be\/fr\/product\/teak-tangguh-oxxxktl-old\/","title":{"rendered":"Teak Tangguh O260KTL Old"},"content":{"rendered":"<p>Table de jardin en bois massif avec pieds trap\u00e9zo\u00efdaux. La Teak Tangguh O260KTL Old est une table de jardin en teck \u00e0 l'aspect rustique. Cette table de jardin en teck robuste est dot\u00e9e d'un plateau en teck vieilli (4cm) et d'une barre de traverse. Cette table de jardin en bois massif se caract\u00e9rise par sa construction robuste avec des pieds trap\u00e9zo\u00efdaux \u00e9pais. La base de cette table en teck est un pied en teck \u00e9pais.<\/p>\n<p>De serie Teak Tangguh wordt ambachtelijk gemaakt in Indonesi\u00eb en is leverbaar in verschillende maten en\/of uitvoeringen. Deze teak tafel is uitgevoerd in oud teak. Oud teak is zwaarder en dichter van structuur mede doordat het jarenlang verschillende omstandigheden heeft ervaren. Het oude gerecycled teakhout is qua kleur donker van tint, heeft een geleefd, exclusief karakter en een prachtige structuur. TEAK2 maakt enkel gebruik van de beste kwaliteit teak afkomstig uit Java! Degelijke, massieve en zware opbouw.<\/p>\n<p>Deze\u00a0massieve tuintafel hout met trapezium poten heeft een\u00a0landelijke uitstraling en kan door de massieve opbouw en sterke constructie perfect dienen als buitenmeubel of teakhouten tuinmeubel. Alle teakhouten tuinmeubelen en teak tuinmeubilair van TEAK2 voldoen aan de hoogste kwaliteit. De tuintafel met Trapezium poten kan o.a. dienen als\u00a0landelijke\u00a0teakhouten tuintafel of kwalitatieve teakhouten tuintafel voor binnen of buiten.<\/p>","protected":false},"excerpt":{"rendered":"<table>\n<tbody>\n<tr>\n<td width=\"110\"><\/td>\n<td width=\"300\"><\/td>\n<\/tr>\n<tr>\n<td width=\"110\">Mat\u00e9riel:<\/td>\n<td width=\"300\">Teck<\/td>\n<\/tr>\n<tr>\n<td width=\"110\">Couleur:<\/td>\n<td width=\"300\">Brun (Fonc\u00e9)<\/td>\n<\/tr>\n<tr>\n<td width=\"110\">Finition:<\/td>\n<td width=\"300\">Vieux teck<\/td>\n<\/tr>\n<\/tbody>\n<\/table>","protected":false},"featured_media":513654,"template":"","meta":{"_seopress_robots_primary_cat":"none","_seopress_titles_title":"Teak Tangguh O260KTL Old | massieve tuintafel hout, Trapezium","_seopress_titles_desc":"Massieve tuintafel hout met Trapezium poten. Robuuste teakhouten tuintafel, tuinmeubelen in hoge kwaliteit.","_seopress_robots_index":""},"product_brand":[],"product_cat":[79,71],"product_tag":[43,51],"class_list":{"0":"post-10506","1":"product","2":"type-product","3":"status-publish","4":"has-post-thumbnail","6":"product_cat-teak-tuintafel","7":"product_cat-tuinmeubelen","8":"product_tag-landelijke-meubels","9":"product_tag-oud-teak","11":"first","12":"onbackorder","13":"taxable","14":"shipping-taxable","15":"purchasable","16":"product-type-variable"},"_links":{"self":[{"href":"https:\/\/teak2.be\/fr\/wp-json\/wp\/v2\/product\/10506","targetHints":{"allow":["GET"]}}],"collection":[{"href":"https:\/\/teak2.be\/fr\/wp-json\/wp\/v2\/product"}],"about":[{"href":"https:\/\/teak2.be\/fr\/wp-json\/wp\/v2\/types\/product"}],"version-history":[{"count":2,"href":"https:\/\/teak2.be\/fr\/wp-json\/wp\/v2\/product\/10506\/revisions"}],"predecessor-version":[{"id":513659,"href":"https:\/\/teak2.be\/fr\/wp-json\/wp\/v2\/product\/10506\/revisions\/513659"}],"wp:featuredmedia":[{"embeddable":true,"href":"https:\/\/teak2.be\/fr\/wp-json\/wp\/v2\/media\/513654"}],"wp:attachment":[{"href":"https:\/\/teak2.be\/fr\/wp-json\/wp\/v2\/media?parent=10506"}],"wp:term":[{"taxonomy":"product_brand","embeddable":true,"href":"https:\/\/teak2.be\/fr\/wp-json\/wp\/v2\/product_brand?post=10506"},{"taxonomy":"product_cat","embeddable":true,"href":"https:\/\/teak2.be\/fr\/wp-json\/wp\/v2\/product_cat?post=10506"},{"taxonomy":"product_tag","embeddable":true,"href":"https:\/\/teak2.be\/fr\/wp-json\/wp\/v2\/product_tag?post=10506"}],"curies":[{"name":"wp","href":"https:\/\/api.w.org\/{rel}","templated":true}]}}