{"id":10641,"date":"2024-10-18T12:31:42","date_gmt":"2024-10-18T12:31:42","guid":{"rendered":"http:\/\/teak2.local\/?post_type=product&#038;p=10641"},"modified":"2025-03-19T11:29:42","modified_gmt":"2025-03-19T10:29:42","slug":"pabrik-peti","status":"publish","type":"product","link":"https:\/\/teak2.be\/fr\/product\/pabrik-peti\/","title":{"rendered":"Pabrik Peti"},"content":{"rendered":"<p>Jardini\u00e8re en teck massif non trait\u00e9, de grande taille et au design original. La Pabrik Peti est une jardini\u00e8re en teck au look exclusif. Cette jardini\u00e8re en teck massif non trait\u00e9, de grande taille et au design original, est une v\u00e9ritable pi\u00e8ce ma\u00eetresse pour la maison ou l'entreprise. Ce meuble est compos\u00e9 d'une seule pi\u00e8ce et peut \u00eatre utilis\u00e9 aussi bien \u00e0 l'int\u00e9rieur qu'\u00e0 l'ext\u00e9rieur.<\/p>\n<p>De serie Pabrik Peti wordt ambachtelijk gemaakt in Indonesi\u00eb en is momenteel enkel leverbaar in deze afmeting en\/of uitvoering. Deze teakhouten plantenbak is uitgevoerd in onbehandeld teak. Onbehandeld teak is bruin (blank) van kleur en wordt egaal glad geschuurd. Het teak kan verschillende kleurtinten hebben afhankelijk van natuurlijke omstandigheden. Dit teakhout is tevens ook gerecycled teak en heeft een zware, dichte structuur. TEAK2 maakt enkel gebruik van de beste kwaliteit teak afkomstig uit Java! Degelijke, massieve en zware opbouw. De gladde structuur geeft het meubel een strakke, moderne uitstraling.<\/p>\n<p>Deze aparte, grote teakhouten plantenbak in massief onbehandeld teak\u00a0heeft een\u00a0luxe\u00a0uitstraling en past daardoor mooi in een industri\u00eble of moderne\u00a0inrichting. Naast een modern interieur ook mooi bij een\u00a0eigentijdse\u00a0of landelijke stijl. Deze grote houten planten bak kan o.a. dienen als\u00a0exclusieve eyecatcher voor een kantoor, inkomhal of buiten als tuinmeubel.<\/p>","protected":false},"excerpt":{"rendered":"<table>\n<tbody>\n<tr>\n<td width=\"110\"><\/td>\n<td width=\"300\"><\/td>\n<\/tr>\n<tr>\n<td width=\"110\">Mat\u00e9riel:<\/td>\n<td width=\"300\">Teck<\/td>\n<\/tr>\n<tr>\n<td width=\"110\">Couleur:<\/td>\n<td width=\"300\">Brun (clair)<\/td>\n<\/tr>\n<tr>\n<td width=\"110\">Finition:<\/td>\n<td width=\"300\">Teck non trait\u00e9<\/td>\n<\/tr>\n<\/tbody>\n<\/table>","protected":false},"featured_media":10744,"template":"","meta":{"_seopress_robots_primary_cat":"none","_seopress_titles_title":"Pabrik Peti | aparte, grote teakhouten plantenbak - TEAK2","_seopress_titles_desc":"Aparte, grote teakhouten plantenbak in onbehandeld hout. Grote teak planten bak, design & eyecatcher - TEAK2.","_seopress_robots_index":""},"product_brand":[],"product_cat":[98,91],"product_tag":[52,43,44,53],"class_list":{"0":"post-10641","1":"product","2":"type-product","3":"status-publish","4":"has-post-thumbnail","6":"product_cat-accessoires","7":"product_cat-overige","8":"product_tag-design-meubelen","9":"product_tag-landelijke-meubels","10":"product_tag-moderne-meubels","11":"product_tag-onbehandeld-teak","13":"first","14":"instock","15":"taxable","16":"shipping-taxable","17":"purchasable","18":"product-type-variable"},"_links":{"self":[{"href":"https:\/\/teak2.be\/fr\/wp-json\/wp\/v2\/product\/10641","targetHints":{"allow":["GET"]}}],"collection":[{"href":"https:\/\/teak2.be\/fr\/wp-json\/wp\/v2\/product"}],"about":[{"href":"https:\/\/teak2.be\/fr\/wp-json\/wp\/v2\/types\/product"}],"version-history":[{"count":0,"href":"https:\/\/teak2.be\/fr\/wp-json\/wp\/v2\/product\/10641\/revisions"}],"wp:featuredmedia":[{"embeddable":true,"href":"https:\/\/teak2.be\/fr\/wp-json\/wp\/v2\/media\/10744"}],"wp:attachment":[{"href":"https:\/\/teak2.be\/fr\/wp-json\/wp\/v2\/media?parent=10641"}],"wp:term":[{"taxonomy":"product_brand","embeddable":true,"href":"https:\/\/teak2.be\/fr\/wp-json\/wp\/v2\/product_brand?post=10641"},{"taxonomy":"product_cat","embeddable":true,"href":"https:\/\/teak2.be\/fr\/wp-json\/wp\/v2\/product_cat?post=10641"},{"taxonomy":"product_tag","embeddable":true,"href":"https:\/\/teak2.be\/fr\/wp-json\/wp\/v2\/product_tag?post=10641"}],"curies":[{"name":"wp","href":"https:\/\/api.w.org\/{rel}","templated":true}]}}