{"id":10662,"date":"2024-10-18T12:32:04","date_gmt":"2024-10-18T12:32:04","guid":{"rendered":"http:\/\/teak2.local\/?post_type=product&#038;p=10662"},"modified":"2024-10-24T10:45:29","modified_gmt":"2024-10-24T08:45:29","slug":"cermin-xxxe-old","status":"publish","type":"product","link":"https:\/\/teak2.be\/fr\/product\/cermin-xxxe-old\/","title":{"rendered":"Cermin 160-200E Old"},"content":{"rendered":"<p>Grand miroir inhabituel en vieux teck massif. Le Cermin est un miroir en teck au look exclusif. Ce grand miroir exclusif est fabriqu\u00e9 en vieux teck massif. Il attirera tous les regards dans votre maison ou votre entreprise. Ce meuble est compos\u00e9 d'une seule pi\u00e8ce.<\/p>\n<p>De serie Cermin wordt ambachtelijk gemaakt in Indonesi\u00eb en is leverbaar verschillende afmetingen en\/of uitvoeringen. Deze teakhouten spiegel is uitgevoerd in oud teak. Oud teak is zwaarder en dichter van structuur mede doordat het jarenlang verschillende omstandigheden heeft ervaren. Het oude gerecycled teakhout is qua kleur donker van tint, heeft een geleefd, exclusief karakter en een prachtige structuur. TEAK2 maakt enkel gebruik van de beste kwaliteit teak afkomstig uit Java! Degelijke, massieve en zware opbouw.<\/p>\n<p>Deze aparte, grote teakhouten spiegel in massief oud teak\u00a0heeft een\u00a0luxe\u00a0uitstraling en past daardoor mooi in een industri\u00eble of moderne\u00a0inrichting. Naast een modern interieur ook mooi bij een\u00a0eigentijdse\u00a0of landelijke stijl. Deze grote houten spiegel kan o.a. dienen als\u00a0exclusieve eyecatcher voor een kantoor, inkomhal of badkamer.<\/p>","protected":false},"excerpt":{"rendered":"<table>\n<tbody>\n<tr>\n<td width=\"110\"><\/td>\n<td width=\"300\"><\/td>\n<\/tr>\n<tr>\n<td width=\"110\">Mat\u00e9riel:<\/td>\n<td width=\"300\">Teck<\/td>\n<\/tr>\n<tr>\n<td width=\"110\">Couleur:<\/td>\n<td width=\"300\">Brun (Fonc\u00e9)<\/td>\n<\/tr>\n<tr>\n<td width=\"110\">Finition:<\/td>\n<td width=\"300\">Vieux teck<\/td>\n<\/tr>\n<\/tbody>\n<\/table>","protected":false},"featured_media":10786,"template":"","meta":{"_seopress_robots_primary_cat":"none","_seopress_titles_title":"Cermin 160-200E Old | grote teakhouten spiegel - TEAK2","_seopress_titles_desc":"Grote teakhouten spiegel in massief oud teak. Exclusieve uitstraling, moderne houten spiegel - TEAK2.","_seopress_robots_index":""},"product_brand":[],"product_cat":[98,91],"product_tag":[52,43,44,51],"class_list":{"0":"post-10662","1":"product","2":"type-product","3":"status-publish","4":"has-post-thumbnail","6":"product_cat-accessoires","7":"product_cat-overige","8":"product_tag-design-meubelen","9":"product_tag-landelijke-meubels","10":"product_tag-moderne-meubels","11":"product_tag-oud-teak","13":"first","14":"instock","15":"taxable","16":"shipping-taxable","17":"purchasable","18":"product-type-variable"},"_links":{"self":[{"href":"https:\/\/teak2.be\/fr\/wp-json\/wp\/v2\/product\/10662","targetHints":{"allow":["GET"]}}],"collection":[{"href":"https:\/\/teak2.be\/fr\/wp-json\/wp\/v2\/product"}],"about":[{"href":"https:\/\/teak2.be\/fr\/wp-json\/wp\/v2\/types\/product"}],"version-history":[{"count":0,"href":"https:\/\/teak2.be\/fr\/wp-json\/wp\/v2\/product\/10662\/revisions"}],"wp:featuredmedia":[{"embeddable":true,"href":"https:\/\/teak2.be\/fr\/wp-json\/wp\/v2\/media\/10786"}],"wp:attachment":[{"href":"https:\/\/teak2.be\/fr\/wp-json\/wp\/v2\/media?parent=10662"}],"wp:term":[{"taxonomy":"product_brand","embeddable":true,"href":"https:\/\/teak2.be\/fr\/wp-json\/wp\/v2\/product_brand?post=10662"},{"taxonomy":"product_cat","embeddable":true,"href":"https:\/\/teak2.be\/fr\/wp-json\/wp\/v2\/product_cat?post=10662"},{"taxonomy":"product_tag","embeddable":true,"href":"https:\/\/teak2.be\/fr\/wp-json\/wp\/v2\/product_tag?post=10662"}],"curies":[{"name":"wp","href":"https:\/\/api.w.org\/{rel}","templated":true}]}}